{"id":1175,"date":"2025-02-11T12:31:38","date_gmt":"2025-02-11T10:31:38","guid":{"rendered":"https:\/\/bloc.xarxa-omnia.org\/cpquatrecamins\/?page_id=1175"},"modified":"2025-02-11T12:31:39","modified_gmt":"2025-02-11T10:31:39","slug":"fundacio-marti-lhuma","status":"publish","type":"page","link":"https:\/\/bloc.xarxa-omnia.org\/cpquatrecamins\/fundacio-marti-lhuma\/","title":{"rendered":"FUNDACI\u00d3 MART\u00cd L&#8217;HUM\u00c0"},"content":{"rendered":"\n<figure class=\"wp-block-image size-full is-resized\"><img loading=\"lazy\" decoding=\"async\" width=\"596\" height=\"192\" src=\"http:\/\/bloc.xarxa-omnia.org\/cpquatrecamins\/files\/2025\/02\/fumh.png\" alt=\"\" class=\"wp-image-1152\" style=\"width:399px;height:auto\" \/><\/figure>\n\n\n\n<p><strong>1.QUI SOM?<\/strong><\/p>\n\n\n\n<p>Som una entitat sense \u00e0nims de lucre, nascuda el 2003 inspirats pels valors de la Unesco amb l\u2019objectiu d\u2019acostar la Universitat a la societat. Tenim 4 \u00e0mbits d\u2019actuaci\u00f3: el social i cultural, l\u2019educaci\u00f3, l\u2019economia circular i l\u2019ocupaci\u00f3.<\/p>\n\n\n\n<p><strong>\u00c0mbit d\u2019Edcuaci\u00f3:<\/strong><\/p>\n\n\n\n<ul class=\"wp-block-list\">\n<li>Fem formaci\u00f3 permanent per a docents<\/li>\n\n\n\n<li>Postgrau d\u2019implementaci\u00f3 de Mindfulness en entorns educatius<\/li>\n\n\n\n<li>Postgrau de Neuroeducaci\u00f3<\/li>\n\n\n\n<li>Postgrau de Panorama d\u2019art<\/li>\n\n\n\n<li>opos.cat (preparem les oposicions per a docents)<\/li>\n\n\n\n<li>Curs de Directors de Centres educatius<\/li>\n<\/ul>\n\n\n\n<p><strong>\u00c0mbit cultural i social:<\/strong><\/p>\n\n\n\n<ul class=\"wp-block-list\">\n<li>Mindfulness i meditaci\u00f3 en els Centres Penitenciaris catalans<\/li>\n\n\n\n<li>AUA (Aula d\u2019universitat a l\u2019abast)confer\u00e8ncies i cursos.<\/li>\n\n\n\n<li>Reravera i Festes del bosc<\/li>\n<\/ul>\n\n\n\n<p><strong>\u00c0mbit d\u2019economia circular:<\/strong><\/p>\n\n\n\n<ul class=\"wp-block-list\">\n<li>Amb col.laboraci\u00f3 amb la UPC, identificaci\u00f3 del rebuig de les empreses i reutilitzaci\u00f3 com a mat\u00e8ria primera en processos productius d\u2019altres empreses.<\/li>\n<\/ul>\n\n\n\n<p><strong>\u00c0mbit d\u2019Ocupaci\u00f3:<\/strong><\/p>\n\n\n\n<ul class=\"wp-block-list\">\n<li>Oferim formaci\u00f3 i assessorament a mida<\/li>\n\n\n\n<li>Acompanyen en els processos d\u2019innovaci\u00f3, en la recerca de treball i en la consolidaci\u00f3 i creaci\u00f3 d\u2019empreses.<\/li>\n\n\n\n<li>Consolida\u2019t: suport i assessorament a professionals i aut\u00f2noms.<\/li>\n\n\n\n<li>JOB Log\u00edstic: activar la inserci\u00f3 laboral i el retorn als estudis (joves de 16 a 29 anys).<\/li>\n\n\n\n<li>Catalunya empr\u00e8n: programa dirigit a persones que es plantegen emprendre, estan en proc\u00e9s o ja ho han fet.<\/li>\n<\/ul>\n\n\n\n<p><strong>2.QU\u00c8 FEM?<\/strong><\/p>\n\n\n\n<p>Treballem per promoure l\u2019educaci\u00f3 i el coneixement; divulgar la cultura; oferir formaci\u00f3 i assessorament a mida; impulsar l\u2019economia circular; fer xarxa amb entitats i acompanyar en els processos d\u2019innovaci\u00f3, en la cerca de treball i en la consolidaci\u00f3 o creaci\u00f3 d\u2019empreses. Promoure cursos per el benestar emocional i social en una societat on aquestes eines son actualment necess\u00e0ries.<\/p>\n\n\n\n<p><strong>3.DINS DELS CENTRES PENITENCIARIS<\/strong><\/p>\n\n\n\n<p>Estem realitzant des de l\u2019any 2017 un projecte de Mindfulness i Meditaci\u00f3 en els Centres Penitenciaris catalans. Estem impartint cursos de Mindfulness per a la reducci\u00f3 de l\u2019estr\u00e8s, l\u2019ansietat i el benestar emocional, adaptat per a les diferents persones internes dels Centres Penitenciaris. Tamb\u00e9 impartim tallers de Mindfulness i addiccions, tallers de moviments conscients, tallers de meditaci\u00f3 i banys de bosc en les sortides programades.<\/p>\n\n\n\n<p><strong>4.ON SOM?<\/strong><\/p>\n\n\n\n<p><strong>Adre\u00e7a: C\/del Figueral, 59 08530 La garriga Tel: 938605060<\/strong><\/p>\n\n\n\n<p>Correu alba.ballus@fumh.cat \/ administracio@fumh.cat \/ rosa@fumh.cat<\/p>\n\n\n\n<p>Pagina web www.fumh.cat<\/p>\n","protected":false},"excerpt":{"rendered":"<p>1.QUI SOM? Som una entitat sense \u00e0nims de lucre, nascuda el 2003 inspirats pels valors de la Unesco amb l\u2019objectiu d\u2019acostar la Universitat a la societat. Tenim 4 \u00e0mbits d\u2019actuaci\u00f3: el social i cultural, l\u2019educaci\u00f3, l\u2019economia circular i l\u2019ocupaci\u00f3. \u00c0mbit d\u2019Edcuaci\u00f3: \u00c0mbit cultural i social: \u00c0mbit d\u2019economia circular: \u00c0mbit d\u2019Ocupaci\u00f3: 2.QU\u00c8 FEM? Treballem per promoure [&hellip;]<\/p>\n","protected":false},"author":209,"featured_media":1152,"parent":0,"menu_order":0,"comment_status":"closed","ping_status":"closed","template":"","meta":{"footnotes":""},"class_list":["post-1175","page","type-page","status-publish","has-post-thumbnail","czr-hentry"],"_links":{"self":[{"href":"https:\/\/bloc.xarxa-omnia.org\/cpquatrecamins\/wp-json\/wp\/v2\/pages\/1175","targetHints":{"allow":["GET"]}}],"collection":[{"href":"https:\/\/bloc.xarxa-omnia.org\/cpquatrecamins\/wp-json\/wp\/v2\/pages"}],"about":[{"href":"https:\/\/bloc.xarxa-omnia.org\/cpquatrecamins\/wp-json\/wp\/v2\/types\/page"}],"author":[{"embeddable":true,"href":"https:\/\/bloc.xarxa-omnia.org\/cpquatrecamins\/wp-json\/wp\/v2\/users\/209"}],"replies":[{"embeddable":true,"href":"https:\/\/bloc.xarxa-omnia.org\/cpquatrecamins\/wp-json\/wp\/v2\/comments?post=1175"}],"version-history":[{"count":1,"href":"https:\/\/bloc.xarxa-omnia.org\/cpquatrecamins\/wp-json\/wp\/v2\/pages\/1175\/revisions"}],"predecessor-version":[{"id":1177,"href":"https:\/\/bloc.xarxa-omnia.org\/cpquatrecamins\/wp-json\/wp\/v2\/pages\/1175\/revisions\/1177"}],"wp:featuredmedia":[{"embeddable":true,"href":"https:\/\/bloc.xarxa-omnia.org\/cpquatrecamins\/wp-json\/wp\/v2\/media\/1152"}],"wp:attachment":[{"href":"https:\/\/bloc.xarxa-omnia.org\/cpquatrecamins\/wp-json\/wp\/v2\/media?parent=1175"}],"curies":[{"name":"wp","href":"https:\/\/api.w.org\/{rel}","templated":true}]}}