{"id":1194,"date":"2025-02-12T15:53:45","date_gmt":"2025-02-12T13:53:45","guid":{"rendered":"https:\/\/bloc.xarxa-omnia.org\/cpquatrecamins\/?page_id=1194"},"modified":"2025-02-12T15:55:01","modified_gmt":"2025-02-12T13:55:01","slug":"ute-abril","status":"publish","type":"page","link":"https:\/\/bloc.xarxa-omnia.org\/cpquatrecamins\/ute-abril\/","title":{"rendered":"UTE ABRIL"},"content":{"rendered":"\n<figure class=\"wp-block-image size-full is-resized\"><img loading=\"lazy\" decoding=\"async\" width=\"898\" height=\"437\" src=\"http:\/\/bloc.xarxa-omnia.org\/cpquatrecamins\/files\/2025\/02\/uteabril.jpg\" alt=\"\" class=\"wp-image-1192\" style=\"width:399px;height:auto\" \/><\/figure>\n\n\n\n<p class=\"has-medium-font-size\"><strong>1.QUI SOM?<\/strong><\/p>\n\n\n\n<p class=\"has-medium-font-size\">UTE ABRIL som la uni\u00f3 de dues entitats del tercer sector, AMPANS i Catal\u00f2nia Fundaci\u00f3 Creativa, especialitzades en l\u2019atenci\u00f3 a persones amb Discapacitat Intel\u00b7lectual, Malaltia Mental, Trastorns de Conducta, Risc d\u2019Exclusi\u00f3 Social i Persones Vulnerables, entre d\u2019altres.<\/p>\n\n\n\n<p class=\"has-medium-font-size\"><strong>2.QU\u00c8 FEM?<\/strong><\/p>\n\n\n\n<p class=\"has-medium-font-size\">Suport en la detecci\u00f3 i valoraci\u00f3 de la Discapacitat Intel\u00b7lectual i del desenvolupament i intervenci\u00f3 a tots els internes dels Centres Penitenciaris de Catalunya, aix\u00ed com a les persones amb DID que es troben en llibertat condicional en seguiment pels Serveis Socials d\u2019Execuci\u00f3 Penal, donant el suport necessari per a la seva reinserci\u00f3<\/p>\n\n\n\n<p class=\"has-medium-font-size\"><strong>3.DINS DE QUATRE CAMINS:<\/strong><\/p>\n\n\n\n<ol class=\"wp-block-list\">\n<li class=\"has-medium-font-size\">Suport en la detecci\u00f3 de la DID de l\u2019intern.<\/li>\n\n\n\n<li class=\"has-medium-font-size\">Suport en la valoraci\u00f3 de la DID d l\u2019intern.<\/li>\n\n\n\n<li class=\"has-medium-font-size\"> Intervenci\u00f3: \n<ul class=\"wp-block-list\">\n<li>Millora de la qualitat de vida, d\u2019atenci\u00f3 i intervenci\u00f3 dels interns i internes amb DID,oferint-los els suports necessaris. <\/li>\n\n\n\n<li>Estrat\u00e8gies per reduir el risc de reincid\u00e8ncia. <\/li>\n\n\n\n<li>Promoure l\u2019excarceraci\u00f3 dels interns i internes amb DID. <\/li>\n\n\n\n<li>Ambulat\u00f2ria especialitzada: Dirigida a tots els interns i internes dels Centres i Serveis Penitenciaris que tinguin acreditat el reconeixement de la DID. <\/li>\n\n\n\n<li>Residencial especialitzada: dirigida als interns amb DID del Centre Penitenciari Quatre Camins, al Departament d\u2019Atenci\u00f3 Especialitzada per a interns amb DID (DAE-DID).<\/li>\n<\/ul>\n<\/li>\n\n\n\n<li class=\"has-medium-font-size\">Atenci\u00f3 a les fam\u00edlies de cara a l\u2019externalitzaci\u00f3<\/li>\n\n\n\n<li class=\"has-medium-font-size\">Avaluaci\u00f3 de les necessitats de suport. Programes de Suport. Per facilitar el cam\u00ed cap a una inserci\u00f3 inclusiva amb m\u00e9s garanties, comptem tamb\u00e9 amb diferents programes individualitzats com poden ser: \n<ul class=\"wp-block-list\">\n<li class=\"has-medium-font-size\">Reinserci\u00f3 Laboral <\/li>\n\n\n\n<li class=\"has-medium-font-size\">Recerca d\u2019habitatge <\/li>\n\n\n\n<li class=\"has-medium-font-size\">Formaci\u00f3 <\/li>\n\n\n\n<li class=\"has-medium-font-size\">Oci i Lleure<\/li>\n<\/ul>\n<\/li>\n<\/ol>\n\n\n\n<p class=\"has-medium-font-size\"><strong>4.FORA DE QUATRE CAMINS:<\/strong><\/p>\n\n\n\n<p class=\"has-medium-font-size\">Assessorament a les persones amb DID, familiars, defensa i \u00f2rgans judicials en fase pr\u00e8via de judici i als professionals dels Centre i Serveis Penitenciaris.<\/p>\n\n\n\n<p class=\"has-medium-font-size\">Avaluaci\u00f3 de les necessitats de suport. Programes de Suport. Per facilitar el cam\u00ed cap a una inserci\u00f3 inclusiva amb m\u00e9s garanties, comptem tamb\u00e9 amb diferents programes individualitzats com poden ser: <\/p>\n\n\n\n<ul class=\"wp-block-list\">\n<li class=\"has-medium-font-size\">Reinserci\u00f3 Laboral <\/li>\n\n\n\n<li class=\"has-medium-font-size\">Recerca d\u2019habitatge <\/li>\n\n\n\n<li class=\"has-medium-font-size\">Formaci\u00f3 <\/li>\n\n\n\n<li class=\"has-medium-font-size\">Oci i Lleure<\/li>\n<\/ul>\n\n\n\n<p class=\"has-medium-font-size\"><strong>5.ON SOM?<\/strong><\/p>\n\n\n\n<p class=\"has-medium-font-size\"><strong>Ampans<\/strong>: Carretera de Manresa a Santpedor, Km 4,4 08251 Santpedor 938 272 300 ww w.ampans .cat<\/p>\n\n\n\n<p class=\"has-medium-font-size\"><strong>Catalonia<\/strong>: Avinguda Flor de Maig, Km 2,8 08290 Cerdanyola del Vall\u00e8s 935 805 22 \/ 649776095<\/p>\n","protected":false},"excerpt":{"rendered":"<p>1.QUI SOM? UTE ABRIL som la uni\u00f3 de dues entitats del tercer sector, AMPANS i Catal\u00f2nia Fundaci\u00f3 Creativa, especialitzades en l\u2019atenci\u00f3 a persones amb Discapacitat Intel\u00b7lectual, Malaltia Mental, Trastorns de Conducta, Risc d\u2019Exclusi\u00f3 Social i Persones Vulnerables, entre d\u2019altres. 2.QU\u00c8 FEM? Suport en la detecci\u00f3 i valoraci\u00f3 de la Discapacitat Intel\u00b7lectual i del desenvolupament i [&hellip;]<\/p>\n","protected":false},"author":209,"featured_media":1192,"parent":0,"menu_order":0,"comment_status":"closed","ping_status":"closed","template":"","meta":{"footnotes":""},"class_list":["post-1194","page","type-page","status-publish","has-post-thumbnail","czr-hentry"],"_links":{"self":[{"href":"https:\/\/bloc.xarxa-omnia.org\/cpquatrecamins\/wp-json\/wp\/v2\/pages\/1194","targetHints":{"allow":["GET"]}}],"collection":[{"href":"https:\/\/bloc.xarxa-omnia.org\/cpquatrecamins\/wp-json\/wp\/v2\/pages"}],"about":[{"href":"https:\/\/bloc.xarxa-omnia.org\/cpquatrecamins\/wp-json\/wp\/v2\/types\/page"}],"author":[{"embeddable":true,"href":"https:\/\/bloc.xarxa-omnia.org\/cpquatrecamins\/wp-json\/wp\/v2\/users\/209"}],"replies":[{"embeddable":true,"href":"https:\/\/bloc.xarxa-omnia.org\/cpquatrecamins\/wp-json\/wp\/v2\/comments?post=1194"}],"version-history":[{"count":2,"href":"https:\/\/bloc.xarxa-omnia.org\/cpquatrecamins\/wp-json\/wp\/v2\/pages\/1194\/revisions"}],"predecessor-version":[{"id":1198,"href":"https:\/\/bloc.xarxa-omnia.org\/cpquatrecamins\/wp-json\/wp\/v2\/pages\/1194\/revisions\/1198"}],"wp:featuredmedia":[{"embeddable":true,"href":"https:\/\/bloc.xarxa-omnia.org\/cpquatrecamins\/wp-json\/wp\/v2\/media\/1192"}],"wp:attachment":[{"href":"https:\/\/bloc.xarxa-omnia.org\/cpquatrecamins\/wp-json\/wp\/v2\/media?parent=1194"}],"curies":[{"name":"wp","href":"https:\/\/api.w.org\/{rel}","templated":true}]}}