{"id":1220,"date":"2025-02-12T17:21:37","date_gmt":"2025-02-12T15:21:37","guid":{"rendered":"https:\/\/bloc.xarxa-omnia.org\/cpquatrecamins\/?page_id=1220"},"modified":"2025-02-13T09:56:47","modified_gmt":"2025-02-13T07:56:47","slug":"fundacio-marianao","status":"publish","type":"page","link":"https:\/\/bloc.xarxa-omnia.org\/cpquatrecamins\/fundacio-marianao\/","title":{"rendered":"FUNDACI\u00d3 MARIANAO"},"content":{"rendered":"\n<figure class=\"wp-block-image size-full is-resized\"><img loading=\"lazy\" decoding=\"async\" width=\"1024\" height=\"270\" src=\"http:\/\/bloc.xarxa-omnia.org\/cpquatrecamins\/files\/2025\/02\/fundacio_marianao.jpg\" alt=\"\" class=\"wp-image-1219\" style=\"width:364px;height:auto\" \/><\/figure>\n\n\n\n<p class=\"has-medium-font-size\"><strong>1.QUI SOM?<\/strong><\/p>\n\n\n\n<p class=\"has-medium-font-size\">Som una instituci\u00f3 de base comunit\u00e0ria que, des de l\u2019any 1985, desenvolupa projectes socials i educatius al servei de tota la comunitat, treballant de manera preferent amb aquelles persones que pateixen situacions de vulnerabilitat social a partir d\u2019un model d\u2019atenci\u00f3 integral i socialitzador. M\u00e9s concretament, portem el Projecte David, que es troba dins de l\u2019\u00e0mbit de l\u2019\u00e0rea de inclusi\u00f3 social de l\u2019entitat.<\/p>\n\n\n\n<p class=\"has-medium-font-size\"><strong>2.QU\u00c8 FEM?<\/strong><\/p>\n\n\n\n<p class=\"has-medium-font-size\">Oferim un acompanyament socioeducatiu i jur\u00eddic a aquelles persones que es veuen immerses en procediments judicials penals i penitenciaris a causa de la seva problem\u00e0tica de consum de t\u00f2xics i\/o salut mental.<\/p>\n\n\n\n<p class=\"has-medium-font-size\"><strong>3.DINS DE QUATRE CAMINS:<\/strong><\/p>\n\n\n\n<p class=\"has-medium-font-size\">Ens entrevistem i acompanyem a interns amb problem\u00e0tiques de salut mental i\/o drogodepend\u00e8ncies normalment del territori del Baix Llobregat o sense llar, amb la finalitat d\u2019oferir suport en diferents \u00e0mbits segons el perfil de la persona i les seves necessitats.<\/p>\n\n\n\n<p class=\"has-medium-font-size\"><strong>4.FORA DE QUATRE CAMINS:<\/strong><\/p>\n\n\n\n<p class=\"has-medium-font-size\">Treballem en equip amb la persona atesa, coordinant-nos amb els professionals externs i els agents sociojur\u00eddics. A m\u00e9s, fem visites a centres penitenciaris, comunitats terap\u00e8utiques, CAS, etc., i tamb\u00e9 acompanyem les persones ateses als jutjats i als recursos socials pertinents.<\/p>\n\n\n\n<p class=\"has-medium-font-size\"><strong>5.ON SOM?<\/strong><\/p>\n\n\n\n<p class=\"has-medium-font-size\">La Fundaci\u00f3 Marianao est\u00e0 ubicada a la Pla\u00e7a Joan N. Garc\u00eda Nieto, s\/n, a Sant Boi de Llobregat (Barcelona).<\/p>\n\n\n\n<p><\/p>\n\n\n\n<figure class=\"wp-block-image size-full is-resized\"><img loading=\"lazy\" decoding=\"async\" width=\"1920\" height=\"1080\" src=\"https:\/\/bloc.xarxa-omnia.org\/cpquatrecamins\/files\/2025\/02\/Flyer-Projecte-David-1.png\" alt=\"\" class=\"wp-image-1228\" style=\"width:809px;height:auto\" \/><\/figure>\n\n\n\n<figure class=\"wp-block-image size-full is-resized\"><img loading=\"lazy\" decoding=\"async\" width=\"1920\" height=\"1080\" src=\"https:\/\/bloc.xarxa-omnia.org\/cpquatrecamins\/files\/2025\/02\/Flyer-Fem-Cami-2.png\" alt=\"\" class=\"wp-image-1229\" style=\"width:811px;height:auto\" \/><\/figure>\n","protected":false},"excerpt":{"rendered":"<p>1.QUI SOM? Som una instituci\u00f3 de base comunit\u00e0ria que, des de l\u2019any 1985, desenvolupa projectes socials i educatius al servei de tota la comunitat, treballant de manera preferent amb aquelles persones que pateixen situacions de vulnerabilitat social a partir d\u2019un model d\u2019atenci\u00f3 integral i socialitzador. M\u00e9s concretament, portem el Projecte David, que es troba dins [&hellip;]<\/p>\n","protected":false},"author":209,"featured_media":1219,"parent":0,"menu_order":0,"comment_status":"closed","ping_status":"closed","template":"","meta":{"footnotes":""},"class_list":["post-1220","page","type-page","status-publish","has-post-thumbnail","czr-hentry"],"_links":{"self":[{"href":"https:\/\/bloc.xarxa-omnia.org\/cpquatrecamins\/wp-json\/wp\/v2\/pages\/1220","targetHints":{"allow":["GET"]}}],"collection":[{"href":"https:\/\/bloc.xarxa-omnia.org\/cpquatrecamins\/wp-json\/wp\/v2\/pages"}],"about":[{"href":"https:\/\/bloc.xarxa-omnia.org\/cpquatrecamins\/wp-json\/wp\/v2\/types\/page"}],"author":[{"embeddable":true,"href":"https:\/\/bloc.xarxa-omnia.org\/cpquatrecamins\/wp-json\/wp\/v2\/users\/209"}],"replies":[{"embeddable":true,"href":"https:\/\/bloc.xarxa-omnia.org\/cpquatrecamins\/wp-json\/wp\/v2\/comments?post=1220"}],"version-history":[{"count":3,"href":"https:\/\/bloc.xarxa-omnia.org\/cpquatrecamins\/wp-json\/wp\/v2\/pages\/1220\/revisions"}],"predecessor-version":[{"id":1231,"href":"https:\/\/bloc.xarxa-omnia.org\/cpquatrecamins\/wp-json\/wp\/v2\/pages\/1220\/revisions\/1231"}],"wp:featuredmedia":[{"embeddable":true,"href":"https:\/\/bloc.xarxa-omnia.org\/cpquatrecamins\/wp-json\/wp\/v2\/media\/1219"}],"wp:attachment":[{"href":"https:\/\/bloc.xarxa-omnia.org\/cpquatrecamins\/wp-json\/wp\/v2\/media?parent=1220"}],"curies":[{"name":"wp","href":"https:\/\/api.w.org\/{rel}","templated":true}]}}