{"id":1224,"date":"2025-02-12T17:31:36","date_gmt":"2025-02-12T15:31:36","guid":{"rendered":"https:\/\/bloc.xarxa-omnia.org\/cpquatrecamins\/?page_id=1224"},"modified":"2025-02-12T17:31:48","modified_gmt":"2025-02-12T15:31:48","slug":"asociacion-reto-a-la-esperanza","status":"publish","type":"page","link":"https:\/\/bloc.xarxa-omnia.org\/cpquatrecamins\/asociacion-reto-a-la-esperanza\/","title":{"rendered":"ASOCIACI\u00d3N RETO A LA ESPERANZA"},"content":{"rendered":"\n<figure class=\"wp-block-image size-full is-resized\"><img loading=\"lazy\" decoding=\"async\" width=\"2311\" height=\"1333\" src=\"http:\/\/bloc.xarxa-omnia.org\/cpquatrecamins\/files\/2024\/06\/LOGO-RETO-1.png\" alt=\"\" class=\"wp-image-825\" style=\"width:290px;height:auto\" \/><\/figure>\n\n\n\n<p class=\"has-medium-font-size\"><strong>1.QUI SOM?<\/strong><\/p>\n\n\n\n<p class=\"has-medium-font-size\">ASOCIACI\u00d3N RETO A LA ESPERANZA<\/p>\n\n\n\n<p class=\"has-medium-font-size\"><strong>2.QU\u00c8 FEM?<\/strong><\/p>\n\n\n\n<p class=\"has-medium-font-size\">ATENEMM DE FORMA GRATU\u00cfTA, EN R\u00c8GIM D&#8217;INTERNAT, A PERSONES AMB DIVERSES ADDICIONS<\/p>\n\n\n\n<p class=\"has-medium-font-size\"><strong>3.DINS DE QUATRE CAMINS:<\/strong><\/p>\n\n\n\n<p class=\"has-medium-font-size\">Informaci\u00f3 i Suport amb fonament cristi\u00e0 a interns amb problemes de drogoaddicci\u00f3<\/p>\n\n\n\n<p class=\"has-medium-font-size\"><strong>4.FORA DE QUATRE CAMINS:<\/strong><\/p>\n\n\n\n<p class=\"has-medium-font-size\">VISITES A INTERNS A BRIANS 1<\/p>\n\n\n\n<p class=\"has-medium-font-size\"><strong>5.ON SOM?<\/strong><\/p>\n\n\n\n<p class=\"has-medium-font-size\">L&#8217;OFICINA CENTRAL EST\u00c0 A RIPOLLET,CARRER SARRI\u00c1 DE TER, N\u00ba 14, I TENIM CASES D&#8217;ACOLLIDA A MANRESA, IGUALADA I VILADECAVALLS, AIX\u00cd COM REPARTIDES A TOT EL TERRITORI ESPANYOL<\/p>\n","protected":false},"excerpt":{"rendered":"<p>1.QUI SOM? ASOCIACI\u00d3N RETO A LA ESPERANZA 2.QU\u00c8 FEM? ATENEMM DE FORMA GRATU\u00cfTA, EN R\u00c8GIM D&#8217;INTERNAT, A PERSONES AMB DIVERSES ADDICIONS 3.DINS DE QUATRE CAMINS: Informaci\u00f3 i Suport amb fonament cristi\u00e0 a interns amb problemes de drogoaddicci\u00f3 4.FORA DE QUATRE CAMINS: VISITES A INTERNS A BRIANS 1 5.ON SOM? L&#8217;OFICINA CENTRAL EST\u00c0 A RIPOLLET,CARRER SARRI\u00c1 [&hellip;]<\/p>\n","protected":false},"author":209,"featured_media":825,"parent":0,"menu_order":0,"comment_status":"closed","ping_status":"closed","template":"","meta":{"footnotes":""},"class_list":["post-1224","page","type-page","status-publish","has-post-thumbnail","czr-hentry"],"_links":{"self":[{"href":"https:\/\/bloc.xarxa-omnia.org\/cpquatrecamins\/wp-json\/wp\/v2\/pages\/1224","targetHints":{"allow":["GET"]}}],"collection":[{"href":"https:\/\/bloc.xarxa-omnia.org\/cpquatrecamins\/wp-json\/wp\/v2\/pages"}],"about":[{"href":"https:\/\/bloc.xarxa-omnia.org\/cpquatrecamins\/wp-json\/wp\/v2\/types\/page"}],"author":[{"embeddable":true,"href":"https:\/\/bloc.xarxa-omnia.org\/cpquatrecamins\/wp-json\/wp\/v2\/users\/209"}],"replies":[{"embeddable":true,"href":"https:\/\/bloc.xarxa-omnia.org\/cpquatrecamins\/wp-json\/wp\/v2\/comments?post=1224"}],"version-history":[{"count":1,"href":"https:\/\/bloc.xarxa-omnia.org\/cpquatrecamins\/wp-json\/wp\/v2\/pages\/1224\/revisions"}],"predecessor-version":[{"id":1226,"href":"https:\/\/bloc.xarxa-omnia.org\/cpquatrecamins\/wp-json\/wp\/v2\/pages\/1224\/revisions\/1226"}],"wp:featuredmedia":[{"embeddable":true,"href":"https:\/\/bloc.xarxa-omnia.org\/cpquatrecamins\/wp-json\/wp\/v2\/media\/825"}],"wp:attachment":[{"href":"https:\/\/bloc.xarxa-omnia.org\/cpquatrecamins\/wp-json\/wp\/v2\/media?parent=1224"}],"curies":[{"name":"wp","href":"https:\/\/api.w.org\/{rel}","templated":true}]}}