{"id":1233,"date":"2025-02-18T10:13:52","date_gmt":"2025-02-18T08:13:52","guid":{"rendered":"https:\/\/bloc.xarxa-omnia.org\/cpquatrecamins\/?page_id=1233"},"modified":"2025-02-18T10:13:54","modified_gmt":"2025-02-18T08:13:54","slug":"ambit-prevencio","status":"publish","type":"page","link":"https:\/\/bloc.xarxa-omnia.org\/cpquatrecamins\/ambit-prevencio\/","title":{"rendered":"\u00c0MBIT PREVENCI\u00d3"},"content":{"rendered":"\n<figure class=\"wp-block-image size-full is-resized\"><img loading=\"lazy\" decoding=\"async\" width=\"225\" height=\"225\" src=\"http:\/\/bloc.xarxa-omnia.org\/cpquatrecamins\/files\/2024\/06\/ambit-prevencio-1.jpg\" alt=\"\" class=\"wp-image-839\" style=\"width:207px;height:auto\" \/><\/figure>\n\n\n\n<p class=\"has-medium-font-size\"><strong>1.QUI SOM?<\/strong><\/p>\n\n\n\n<p class=\"has-medium-font-size\">Som una fundaci\u00f3 d\u2019\u00e0mbit estatal que opera principalment a Catalunya i que tamb\u00e9 desenvolupa programes en col\u00b7laboraci\u00f3 amb altres entitats o federacions a diferents comunitats aut\u00f2nomes.<\/p>\n\n\n\n<p class=\"has-medium-font-size\"><strong>2.QU\u00c8 FEM?<\/strong><\/p>\n\n\n\n<p class=\"has-medium-font-size\">La Fundaci\u00f3 \u00c0mbit Prevenci\u00f3 t\u00e9 com fins d\u2019inter\u00e8s general el foment de l\u2019autonomia de les persones i la millora de la seva salut i qualitat de vida, donant suport a diferents cicles vitals.<\/p>\n\n\n\n<p class=\"has-medium-font-size\">S\u00f3n benefici\u00e0ries de la fundaci\u00f3 les persones que es troben en situaci\u00f3 o a risc d\u2019exclusi\u00f3 social, tals com les que viuen amb el VIH\/sida, les que s\u00f3n consumidores de drogues, les que es troben a la pres\u00f3, les persones que es troben en contextos de prostituci\u00f3, les persones migrades, i especialment les dones, adolescents, joves i les seves fam\u00edlies. Tots els serveis que oferim s\u00f3n gratu\u00efts.<\/p>\n\n\n\n<p class=\"has-medium-font-size\"><strong>3.DINS DE QUATRE CAMINS:<\/strong><\/p>\n\n\n\n<p class=\"has-medium-font-size\">&nbsp;Des de l&#8217;any 1998 s&#8217;est\u00e0 intervenint al C.P de Quatre Camins. En un inici la intervenci\u00f3 es tractava de crear, per una banda, grups d&#8217;autoajuda pel VIH\/sida i per altra banda Tallers de formaci\u00f3 en Reducci\u00f3 de Danys. Des de l&#8217;any 2004 l&#8217;activitat s&#8217;ha centrat en temes de Reducci\u00f3 de Danys mitjan\u00e7ant una metodologia d&#8217;educaci\u00f3 entre iguals. El format &#8220;educaci\u00f3 entre iguals&#8221; \u00e9s una bona estrat\u00e8gia de prevenci\u00f3, doncs la informaci\u00f3-formaci\u00f3,&nbsp; \u00e9s m\u00e9s efectiva quan es dona entre &#8220;iguals&#8221;, a m\u00e9s potenc\u00efa una relaci\u00f3 de col\u00b7laboraci\u00f3 entre els interns dels Centres Penitenciaris, i permet allargar m\u00e9s la formaci\u00f3 i informaci\u00f3 que el temps que duren els tallers.La formaci\u00f3 que reben els iguals, \u00e9s de salut i des d&#8217;una perspectiva de reducci\u00f3 de danys, t\u00e9 una durada de 8 a 10 setmanes i aix\u00f2 ens permet intervenir en diferents grups al llarg de l&#8217;any.<\/p>\n\n\n\n<p class=\"has-medium-font-size\">Tamb\u00e9 es col\u00b7labora amb sessions puntuals amb els grups que porten els mateixos educadors del centre. Amb aquest projecte es pret\u00e9n formar als interns usuaris de drogues del C.P Quatre Camins en temes de salut relacionats amb el consum, per tal de reduir els riscos que aquest implica, a la vegada que se&#8217;ls forma com a &#8220;agents en reducci\u00f3 de danys o mentors&#8221; per tal que puguin transmetre aquests missatges en el seu entorn i siguin agents preventius.<\/p>\n\n\n\n<p class=\"has-medium-font-size\">La formaci\u00f3 la dona personal sanitari o educadors socials, puntualment intervenen un o l&#8217;altre si la sessi\u00f3 ho requereix, aquests \u00faltims aporten un valor metodol\u00f2gic i tamb\u00e9 afavoreixen el fet de poder treballar temes de car\u00e0cter m\u00e9s transversals, com g\u00e8nere i drogues, estigma i drogues.<\/p>\n\n\n\n<p class=\"has-medium-font-size\">El disseny dels temes estan cont\u00ednuament en supervisi\u00f3 i adaptant-nos a les necessitats dels interns, hem incl\u00f2s recentment temes sobre sexualitat i drogues o subst\u00e0ncies emergents i les seves vies de consum.<\/p>\n\n\n\n<p class=\"has-medium-font-size\">Aquest programa es realitza a qualsevol M\u00f2dul del centre a inst\u00e0ncies de l&#8217;entitat o dels mateixos professionals que ho consideren oport\u00fa. En algun cas s&#8217;insereix en el programa de drogodepend\u00e8ncies del mateix centre o en altres casos en m\u00f2duls que estan propers a la sortida i es considera tan important aquesta formaci\u00f3 en Reducci\u00f3 de danys com la prevenci\u00f3 de recaigudes que dona el C Penitenciari.<\/p>\n\n\n\n<p class=\"has-medium-font-size\">Els equips de tractaments dels diferents M\u00f2duls, han demanat en diferents ocasions assessorament i informaci\u00f3 en reducci\u00f3 del dany per a poder dur a terme un millor disseny en la intervenci\u00f3 amb els interns. Implantarem durant l&#8217;any vinent sessions de supervisi\u00f3 de casos sota la mirada de reducci\u00f3 del dany per als equips de tractament del Centre Penitenciari. Aquestes sessions les programarem de manera bimensual, amb un total de 6 anuals, d&#8217;altra banda, i en el mateix sentit es realitzaran formacions grupals als equips de tractaments sobre Reducci\u00f3 de Danys i noves subst\u00e0ncies emergents, contextos d&#8217;\u00fas i compet\u00e8ncies culturals amb poblaci\u00f3 LGTBIQ+<\/p>\n\n\n\n<p class=\"has-medium-font-size\"><strong>4.FORA DE QUATRE CAMINS:<\/strong><\/p>\n\n\n\n<ul class=\"has-medium-font-size wp-block-list\">\n<li>Programa Adhesi\u00f3n al tratamiento antirretrovirales. Barcelona. -\u201cConstruyendo el futuro de las personas en riesgo de exclusi\u00f3n social a trav\u00e9s del empleo\u201d, programa de inserci\u00f3n de personas seropositivas. A trav\u00e9s de la Federaci\u00f3n Trabajando en Positivo. Barcelona -\u201cViviendas positivas\u201d. UTE con Madrid Positivo.<\/li>\n<\/ul>\n\n\n\n<ul class=\"has-medium-font-size wp-block-list\">\n<li>Programa &#8220;Intervenci\u00f3n preventiva, asistencial y de seguimiento en la adherencia al tratamiento antirretroviral en poblaci\u00f3n VIH-SIDA sin techo&#8221; UTE con el Comit\u00e9 Ciudadano de la Comunidad Valenciana. Barcelona y Valencia.<\/li>\n<\/ul>\n\n\n\n<ul class=\"has-medium-font-size wp-block-list\">\n<li>Programa de agentes de salud en el Distrito de Ciutat Vella. Servicio de Reducci\u00f3n de da\u00f1os. Barcelona.<\/li>\n<\/ul>\n\n\n\n<ul class=\"has-medium-font-size wp-block-list\">\n<li>Programas de prevenci\u00f3n del VIH\/SIDA en colectivos que ejercen la prostituci\u00f3n en Barcelona, Baix Llobregat y Matar\u00f3: a) Dona i Salud, b) \u00c0mbit Home, c) Intervenci\u00f3n dirigida a mujeres en entornos de prostituci\u00f3n en Matar\u00f3, d) Intervenci\u00f3n socio-sanitaria en zonas de carretera de la comarca del Baix Llobregat, e) Programa nocturno sobre prostituci\u00f3n y consumo de substancias.<\/li>\n<\/ul>\n\n\n\n<ul class=\"has-medium-font-size wp-block-list\">\n<li>Programas de reducci\u00f3n de da\u00f1os y riesgos en poblaci\u00f3n drogodependiente en Barcelona y Baix Llobregat: \u201cPrograma de intercambio de jeringuillas del Baix Llobregat y Programa de guardia\u201d.<\/li>\n<\/ul>\n\n\n\n<ul class=\"has-medium-font-size wp-block-list\">\n<li>Programa de prevenci\u00f3n del VIH\/Sida dirigido a la poblaci\u00f3n drogodependiente interna en la prisi\u00f3n de Quatre Camins-La Roca.<\/li>\n<\/ul>\n\n\n\n<ul class=\"has-medium-font-size wp-block-list\">\n<li>Programa para la adhesi\u00f3n a los tratamientos antirretrovirales en poblaciones vulnerables en el Distrito de Ciutat Vella. Barcelona.<\/li>\n<\/ul>\n\n\n\n<ul class=\"has-medium-font-size wp-block-list\">\n<li>Programa de gesti\u00f3n y seguimiento de RMI en Ciutat Vella.Barcelona.<\/li>\n<\/ul>\n\n\n\n<ul class=\"has-medium-font-size wp-block-list\">\n<li>Programa de inserci\u00f3n en Ciutat Vella. Barcelona.<\/li>\n<\/ul>\n\n\n\n<ul class=\"has-medium-font-size wp-block-list\">\n<li>Programa, en colaboraci\u00f3n con la Fundaci\u00f3n Hospital Cl\u00ednic, para la detecci\u00f3n del VIH y el seguimiento sanitario de colectivos vulnerables en Ciutat Vella.<\/li>\n<\/ul>\n\n\n\n<ul class=\"has-medium-font-size wp-block-list\">\n<li>Programa de orientaci\u00f3n en derechos civiles en colaboraci\u00f3n con Creaci\u00f3n Positiva y la Oficina para la No Discriminaci\u00f3n. Barcelona.<\/li>\n<\/ul>\n\n\n\n<ul class=\"has-medium-font-size wp-block-list\">\n<li>Programa de soporte psicol\u00f3gico y social para afectados por el VIH\/SIDA que se desarrolla en colaboraci\u00f3n con el Hospital de Matar\u00f3 en la comarca del Maresme.<\/li>\n<\/ul>\n\n\n\n<p class=\"has-medium-font-size\"><strong>5.ON SOM?<\/strong><\/p>\n\n\n\n<p class=\"has-medium-font-size\">Robador 15 bajos barcelona<\/p>\n\n\n\n<p class=\"has-medium-font-size\">Jocs Floral 171 bajos<\/p>\n","protected":false},"excerpt":{"rendered":"<p>1.QUI SOM? Som una fundaci\u00f3 d\u2019\u00e0mbit estatal que opera principalment a Catalunya i que tamb\u00e9 desenvolupa programes en col\u00b7laboraci\u00f3 amb altres entitats o federacions a diferents comunitats aut\u00f2nomes. 2.QU\u00c8 FEM? La Fundaci\u00f3 \u00c0mbit Prevenci\u00f3 t\u00e9 com fins d\u2019inter\u00e8s general el foment de l\u2019autonomia de les persones i la millora de la seva salut i qualitat [&hellip;]<\/p>\n","protected":false},"author":209,"featured_media":839,"parent":0,"menu_order":0,"comment_status":"closed","ping_status":"closed","template":"","meta":{"footnotes":""},"class_list":["post-1233","page","type-page","status-publish","has-post-thumbnail","czr-hentry"],"_links":{"self":[{"href":"https:\/\/bloc.xarxa-omnia.org\/cpquatrecamins\/wp-json\/wp\/v2\/pages\/1233","targetHints":{"allow":["GET"]}}],"collection":[{"href":"https:\/\/bloc.xarxa-omnia.org\/cpquatrecamins\/wp-json\/wp\/v2\/pages"}],"about":[{"href":"https:\/\/bloc.xarxa-omnia.org\/cpquatrecamins\/wp-json\/wp\/v2\/types\/page"}],"author":[{"embeddable":true,"href":"https:\/\/bloc.xarxa-omnia.org\/cpquatrecamins\/wp-json\/wp\/v2\/users\/209"}],"replies":[{"embeddable":true,"href":"https:\/\/bloc.xarxa-omnia.org\/cpquatrecamins\/wp-json\/wp\/v2\/comments?post=1233"}],"version-history":[{"count":1,"href":"https:\/\/bloc.xarxa-omnia.org\/cpquatrecamins\/wp-json\/wp\/v2\/pages\/1233\/revisions"}],"predecessor-version":[{"id":1235,"href":"https:\/\/bloc.xarxa-omnia.org\/cpquatrecamins\/wp-json\/wp\/v2\/pages\/1233\/revisions\/1235"}],"wp:featuredmedia":[{"embeddable":true,"href":"https:\/\/bloc.xarxa-omnia.org\/cpquatrecamins\/wp-json\/wp\/v2\/media\/839"}],"wp:attachment":[{"href":"https:\/\/bloc.xarxa-omnia.org\/cpquatrecamins\/wp-json\/wp\/v2\/media?parent=1233"}],"curies":[{"name":"wp","href":"https:\/\/api.w.org\/{rel}","templated":true}]}}