{"id":646,"date":"2024-05-10T10:28:47","date_gmt":"2024-05-10T08:28:47","guid":{"rendered":"https:\/\/bloc.xarxa-omnia.org\/cpquatrecamins\/?page_id=646"},"modified":"2026-01-09T11:49:16","modified_gmt":"2026-01-09T09:49:16","slug":"la-radio","status":"publish","type":"page","link":"https:\/\/bloc.xarxa-omnia.org\/cpquatrecamins\/la-radio\/","title":{"rendered":"Salut Mental SJD"},"content":{"rendered":"\n<p><\/p>\n\n\n\n<p><\/p>\n\n\n\n<p class=\"has-medium-font-size\">Benvinguts a l&#8217;espai de Salut mental de Sant Joan de Deu, que es duu a terme amb la feina incre\u00efble i les ganes d&#8217;ajudar, influenciar en les vides i aprenentatges dels interns amb la terapeuta ocupacional.<\/p>\n\n\n\n<p class=\"has-medium-font-size\">Uneix-te a nosaltres en aquest emocionant viatge pels temes que han fet que aquest espai de Salut Mental en els Centres Penitenciaris es mantingui amb una bona qualitat i una bona recepci\u00f3 per parts dels interns que estan en aquest programa.<\/p>\n\n\n\n<p class=\"has-medium-font-size\">L&#8217;espai que ofereix el <a href=\"https:\/\/www.pssjd.org\/informacio-al-ciutada\/els-serveis-assistencials\/xarxa-de-salut-mental\">SJD<\/a>, ofereix un gran ventall d&#8217;objectius i prop\u00f2sits amb els interns. Podem destacar el fet que es busca una millora en la autonomia de les persones,\u00a0la formaci\u00f3 en compet\u00e8ncies digitals, la millora de les capacitats cognitives amb o sense diagn\u00f2stic en el Centre Penitenciari Quatre Camins i tamb\u00e9 d&#8217;altres centres Penitenciaris de Catalunya.<\/p>\n\n\n\n<p class=\"has-medium-font-size\"><\/p>\n\n\n\n<p><\/p>\n","protected":false},"excerpt":{"rendered":"<p>Visita l&#8217;espai SJD<\/p>\n","protected":false},"author":209,"featured_media":1273,"parent":0,"menu_order":0,"comment_status":"closed","ping_status":"closed","template":"","meta":{"footnotes":""},"class_list":["post-646","page","type-page","status-publish","has-post-thumbnail","czr-hentry"],"_links":{"self":[{"href":"https:\/\/bloc.xarxa-omnia.org\/cpquatrecamins\/wp-json\/wp\/v2\/pages\/646","targetHints":{"allow":["GET"]}}],"collection":[{"href":"https:\/\/bloc.xarxa-omnia.org\/cpquatrecamins\/wp-json\/wp\/v2\/pages"}],"about":[{"href":"https:\/\/bloc.xarxa-omnia.org\/cpquatrecamins\/wp-json\/wp\/v2\/types\/page"}],"author":[{"embeddable":true,"href":"https:\/\/bloc.xarxa-omnia.org\/cpquatrecamins\/wp-json\/wp\/v2\/users\/209"}],"replies":[{"embeddable":true,"href":"https:\/\/bloc.xarxa-omnia.org\/cpquatrecamins\/wp-json\/wp\/v2\/comments?post=646"}],"version-history":[{"count":6,"href":"https:\/\/bloc.xarxa-omnia.org\/cpquatrecamins\/wp-json\/wp\/v2\/pages\/646\/revisions"}],"predecessor-version":[{"id":1275,"href":"https:\/\/bloc.xarxa-omnia.org\/cpquatrecamins\/wp-json\/wp\/v2\/pages\/646\/revisions\/1275"}],"wp:featuredmedia":[{"embeddable":true,"href":"https:\/\/bloc.xarxa-omnia.org\/cpquatrecamins\/wp-json\/wp\/v2\/media\/1273"}],"wp:attachment":[{"href":"https:\/\/bloc.xarxa-omnia.org\/cpquatrecamins\/wp-json\/wp\/v2\/media?parent=646"}],"curies":[{"name":"wp","href":"https:\/\/api.w.org\/{rel}","templated":true}]}}