{"id":651,"date":"2024-05-10T10:38:38","date_gmt":"2024-05-10T08:38:38","guid":{"rendered":"https:\/\/bloc.xarxa-omnia.org\/cpquatrecamins\/?page_id=651"},"modified":"2024-07-11T11:07:03","modified_gmt":"2024-07-11T09:07:03","slug":"lequip-descacs-mabepa","status":"publish","type":"page","link":"https:\/\/bloc.xarxa-omnia.org\/cpquatrecamins\/inici__trashed\/lequip-descacs-mabepa\/","title":{"rendered":"L&#8217;equip d&#8217;escacs, MABEPA"},"content":{"rendered":"\n<p><\/p>\n\n\n\n<p class=\"has-large-font-size\">Ja fa mesos es va crear l&#8217;equip d&#8217;escacs que participa a la Lliga Catalana.<\/p>\n\n\n\n<p class=\"has-large-font-size\">Una idea sortida per interns i on juguen tots amb el nom de <a rel=\"noreferrer noopener\" href=\"https:\/\/escacs.cat\/index.php\/component\/fce?op=1\" target=\"_blank\">MABEPA<\/a>.<\/p>\n\n\n\n<p><\/p>\n\n\n\n<p class=\"has-medium-font-size\">\u00b7 L&#8217;equip , MABEPA, presentat a la Federaci\u00f3 Catalana d&#8217;escacs el dia 11 de gener del 2024, participa en el Campionat de Catalunya per equips en la categoria de Tercera Provincial. Cada cop van millorant els resultats i cada un d&#8217;ells s&#8217;implica al m\u00e0xim en cada jornada de partides. \u00c9s un equip jove, degut a la seva creaci\u00f3, per\u00f2 savi i amb gran experi\u00e8ncia adquirida ja sigui pel temps que estem aqu\u00ed dins o per els que van a aprendre els dies que ve l&#8217;instructor o dissabtes que s&#8217;obra l&#8217;aula educativa fent partides entre ells creant jugades i trobant noves maneres i millors de guanyar partides.<\/p>\n\n\n\n<p class=\"has-medium-font-size\">Fan equip, tenen valors i amb el nom rendeixen homenatge, quin goig que fa la nostra plantilla de jugadors, ja pot tenir dubtes en Carl Magnussen!<\/p>\n\n\n\n<p class=\"has-medium-font-size\">Durant un dia de partides vam ser entrevistats i vam poder doinar veu als projectes de la pres\u00f3, ja que ens ajuden a tenir ganes de fer coses i sentir-nos \u00fatils, cosa que ens fa sentir tamb\u00e9 orgullosos i realitzats de tot el que creixem i aprenem.<\/p>\n\n\n\n<p><\/p>\n\n\n\n<p><\/p>\n\n\n\n<p><\/p>\n\n\n\n<p><\/p>\n","protected":false},"excerpt":{"rendered":"<p>Visita els resultats, tornejos i classificaci\u00f3 del nostre equip d&#8217;escacs.<\/p>\n","protected":false},"author":209,"featured_media":652,"parent":696,"menu_order":0,"comment_status":"open","ping_status":"closed","template":"","meta":{"footnotes":""},"class_list":["post-651","page","type-page","status-publish","has-post-thumbnail","czr-hentry"],"_links":{"self":[{"href":"https:\/\/bloc.xarxa-omnia.org\/cpquatrecamins\/wp-json\/wp\/v2\/pages\/651","targetHints":{"allow":["GET"]}}],"collection":[{"href":"https:\/\/bloc.xarxa-omnia.org\/cpquatrecamins\/wp-json\/wp\/v2\/pages"}],"about":[{"href":"https:\/\/bloc.xarxa-omnia.org\/cpquatrecamins\/wp-json\/wp\/v2\/types\/page"}],"author":[{"embeddable":true,"href":"https:\/\/bloc.xarxa-omnia.org\/cpquatrecamins\/wp-json\/wp\/v2\/users\/209"}],"replies":[{"embeddable":true,"href":"https:\/\/bloc.xarxa-omnia.org\/cpquatrecamins\/wp-json\/wp\/v2\/comments?post=651"}],"version-history":[{"count":11,"href":"https:\/\/bloc.xarxa-omnia.org\/cpquatrecamins\/wp-json\/wp\/v2\/pages\/651\/revisions"}],"predecessor-version":[{"id":1276,"href":"https:\/\/bloc.xarxa-omnia.org\/cpquatrecamins\/wp-json\/wp\/v2\/pages\/651\/revisions\/1276"}],"up":[{"embeddable":true,"href":"https:\/\/bloc.xarxa-omnia.org\/cpquatrecamins\/wp-json\/wp\/v2\/pages\/696"}],"wp:featuredmedia":[{"embeddable":true,"href":"https:\/\/bloc.xarxa-omnia.org\/cpquatrecamins\/wp-json\/wp\/v2\/media\/652"}],"wp:attachment":[{"href":"https:\/\/bloc.xarxa-omnia.org\/cpquatrecamins\/wp-json\/wp\/v2\/media?parent=651"}],"curies":[{"name":"wp","href":"https:\/\/api.w.org\/{rel}","templated":true}]}}