{"id":731,"date":"2024-05-29T17:42:21","date_gmt":"2024-05-29T15:42:21","guid":{"rendered":"https:\/\/bloc.xarxa-omnia.org\/cpquatrecamins\/?page_id=731"},"modified":"2024-06-03T11:44:38","modified_gmt":"2024-06-03T09:44:38","slug":"el-centre-quatre-camins","status":"publish","type":"page","link":"https:\/\/bloc.xarxa-omnia.org\/cpquatrecamins\/el-centre-quatre-camins\/","title":{"rendered":"EL CENTRE QUATRE CAMINS"},"content":{"rendered":"\n<p><\/p>\n\n\n\n<p class=\"has-large-font-size\">Creem i Creiem, amb ganes tot es possible<\/p>\n\n\n\n<p><\/p>\n\n\n\n<p class=\"has-medium-font-size\">El C.P Quatre Camins t\u00e9 diversos projectes en curs i diferents ambients en els que nosaltres desenvolupem les diferents activitats.<\/p>\n\n\n<div class=\"wp-block-image\">\n<figure class=\"alignright size-full is-resized\"><img loading=\"lazy\" decoding=\"async\" src=\"http:\/\/bloc.xarxa-omnia.org\/cpquatrecamins\/files\/2024\/02\/ecdima20160712_0008_1-4000800772-1.jpg\" alt=\"\" class=\"wp-image-17\" style=\"width:584px;height:342px\" width=\"584\" height=\"342\" \/><\/figure><\/div>\n\n\n<p class=\"has-medium-font-size\">En el cas de la web, es l&#8217;Escola i les diferents aules com hi han la Biblioteca i les classes del <strong>CFA Salvador Dal\u00ed <\/strong>que es la escola d&#8217;adults.<\/p>\n\n\n\n<p class=\"has-medium-font-size\">Dins tenim tamb\u00e9, l&#8217;equip d&#8217;escacs, el <a href=\"https:\/\/bloc.xarxa-omnia.org\/cpquatrecamins\/inici\/lequip-descacs-mabepa\/\"><strong>MABEPA CPQC<\/strong><\/a> que es va crear a partir d&#8217;una idea sorgida per un dels interns que jugava a escacs i el nom representa les sigles d&#8217;un intern que ara descansa, com a mostra de l&#8217;agra\u00efment els interns han fet grans partides d&#8217;escacs i han pogut donar veu a tots els qui estem dins de que tamb\u00e9 podem fer i participar en aspectes socials que requereixen qualitats diferents a les conegudes en etapes anteriors.<\/p>\n\n\n\n<p class=\"has-medium-font-size\">Ens fa sentir \u00fatils, al igual que poder estar a l&#8217;Espai \u00d2mnia, que ens ofereix un punt on podem donar veu i explotar la nostra creativitat i poder crear, cosa que fomenta un treball i adquirir o millorar els valors com ho s\u00f3n tamb\u00e9 la dedicaci\u00f3, la const\u00e0ncia, el saber que el que fas te conseq\u00fc\u00e8ncies o desenvolupa en fets, en el nostre cas positius ja que fem coses les quals abans no hav\u00edem fet i tenim una motivaci\u00f3 que ens fa anar a l&#8217;espai amb les millors ganes i il\u00b7lusi\u00f3.<\/p>\n","protected":false},"excerpt":{"rendered":"<p>Creem i Creiem, amb ganes tot es possible El C.P Quatre Camins t\u00e9 diversos projectes en curs i diferents ambients en els que nosaltres desenvolupem les diferents activitats. En el cas de la web, es l&#8217;Escola i les diferents aules com hi han la Biblioteca i les classes del CFA Salvador Dal\u00ed que es la [&hellip;]<\/p>\n","protected":false},"author":209,"featured_media":0,"parent":0,"menu_order":0,"comment_status":"closed","ping_status":"closed","template":"","meta":{"footnotes":""},"class_list":["post-731","page","type-page","status-publish","czr-hentry"],"_links":{"self":[{"href":"https:\/\/bloc.xarxa-omnia.org\/cpquatrecamins\/wp-json\/wp\/v2\/pages\/731","targetHints":{"allow":["GET"]}}],"collection":[{"href":"https:\/\/bloc.xarxa-omnia.org\/cpquatrecamins\/wp-json\/wp\/v2\/pages"}],"about":[{"href":"https:\/\/bloc.xarxa-omnia.org\/cpquatrecamins\/wp-json\/wp\/v2\/types\/page"}],"author":[{"embeddable":true,"href":"https:\/\/bloc.xarxa-omnia.org\/cpquatrecamins\/wp-json\/wp\/v2\/users\/209"}],"replies":[{"embeddable":true,"href":"https:\/\/bloc.xarxa-omnia.org\/cpquatrecamins\/wp-json\/wp\/v2\/comments?post=731"}],"version-history":[{"count":2,"href":"https:\/\/bloc.xarxa-omnia.org\/cpquatrecamins\/wp-json\/wp\/v2\/pages\/731\/revisions"}],"predecessor-version":[{"id":762,"href":"https:\/\/bloc.xarxa-omnia.org\/cpquatrecamins\/wp-json\/wp\/v2\/pages\/731\/revisions\/762"}],"wp:attachment":[{"href":"https:\/\/bloc.xarxa-omnia.org\/cpquatrecamins\/wp-json\/wp\/v2\/media?parent=731"}],"curies":[{"name":"wp","href":"https:\/\/api.w.org\/{rel}","templated":true}]}}