{"id":843,"date":"2024-06-05T16:57:13","date_gmt":"2024-06-05T14:57:13","guid":{"rendered":"https:\/\/bloc.xarxa-omnia.org\/cpquatrecamins\/?page_id=843"},"modified":"2024-06-05T17:02:09","modified_gmt":"2024-06-05T15:02:09","slug":"justicia-i-pau","status":"publish","type":"page","link":"https:\/\/bloc.xarxa-omnia.org\/cpquatrecamins\/justicia-i-pau\/","title":{"rendered":"Just\u00edcia i Pau"},"content":{"rendered":"\n<figure class=\"wp-block-image size-full is-resized\"><img loading=\"lazy\" decoding=\"async\" src=\"https:\/\/bloc.xarxa-omnia.org\/cpquatrecamins\/files\/2024\/06\/Jusitica-i-Pau-3.jpg\" alt=\"\" class=\"wp-image-845\" style=\"width:365px;height:365px\" width=\"365\" height=\"365\" \/><\/figure>\n\n\n\n<p class=\"has-medium-font-size\">1.QUI SOM? Just\u00edcia i Pau Barcelona \u00e9s una entitat sense \u00e0nim de lucre, creada l&#8217;any 1968 que t\u00e9 per finalitat la defensa i promoci\u00f3 dels drets humans, la just\u00edcia social, la cultura de la pau i la protecci\u00f3 de la naturalesa. El nostre referent i president de l&#8217;entitat durant anys, l&#8217;Arcadi Oliveres, ens va deixar com a llegat unes l\u00ednies d&#8217;actuaci\u00f3 molt clares, sempre des d&#8217;un enfocament d&#8217;esperan\u00e7a amb perspectiva de transformaci\u00f3 social. 2.QU\u00c8 FEM? Just\u00edcia i Pau est\u00e0 estructurada en diferents eixos d\u2019actuaci\u00f3:<\/p>\n\n\n\n<p class=\"has-medium-font-size\"><strong><a href=\"https:\/\/www.justiciaipau.org\/fem?field_categoria_target_id=1\">Pau, diversitat i democr\u00e0cia<\/a>:<\/strong> Incidim socialment i eduquem en favor d&#8217;una cultura de la pau, la no-viol\u00e8ncia, el di\u00e0leg interreligi\u00f3s i intercultural, la conviv\u00e8ncia i la cohesi\u00f3 social.<\/p>\n\n\n\n<p class=\"has-medium-font-size\"><a href=\"https:\/\/www.justiciaipau.org\/fem?field_categoria_target_id=2\"><strong>Desenvolupament hum\u00e0 integral<\/strong><\/a><strong>:<\/strong> Promovem un model de desenvolupament hum\u00e0 alternatiu, just, respectu\u00f3s del b\u00e9 com\u00fa i del medi ambient.<\/p>\n\n\n\n<p class=\"has-medium-font-size\"><strong><a href=\"https:\/\/www.justiciaipau.org\/fem?field_categoria_target_id=3\">Drets humans<\/a>: <\/strong>Treballem per generar una cultura dels drets humans, especialment pels drets m\u00e9s vulnerats a la nostra societat.<\/p>\n\n\n\n<p class=\"has-medium-font-size\"><strong>Acompanyament penitenciari: <\/strong>Fomentem la reinserci\u00f3 social de les persones recluses i un model de just\u00edcia menys punitiu orientat a la restauraci\u00f3 del dany causat pel delicte.<\/p>\n\n\n\n<p class=\"has-medium-font-size\">L&#8217;any 1989, Just\u00edcia i Pau va iniciar una l\u00ednia d&#8217;actuaci\u00f3 espec\u00edfica amb l&#8217;objectiu d&#8217;ocupar-se especialment de la realitat de les presons a la prov\u00edncia de Barcelona i les persones privades de llibertat mitjan\u00e7ant el voluntariat. La rellev\u00e0ncia d&#8217;aquest projecte rau en el fet de donar atenci\u00f3, mitjan\u00e7ant el voluntariat social, a un col\u00b7lectiu en una situaci\u00f3 especialment vulnerable, que en bona part est\u00e0 exposat a una exclusi\u00f3 social severa, la qual es veu agreujada per la situaci\u00f3 d&#8217;empresonament.<\/p>\n\n\n\n<p class=\"has-medium-font-size\">Els objectius que ens marquem s\u00f3n:<\/p>\n\n\n\n<ul class=\"has-medium-font-size wp-block-list\">\n<li>Contribuir a la reinserci\u00f3 social i la rehabilitaci\u00f3 de les persones internes.<\/li>\n\n\n\n<li>Contribuir a crear un clima de conviv\u00e8ncia dins les presons i humanitzar-les.<\/li>\n\n\n\n<li>Vetllar pel respecte dels drets humans i la dignitat de les persones.<\/li>\n\n\n\n<li>Promoure i fomentar el voluntariat a les presons catalanes i la participaci\u00f3 social en la reinserci\u00f3 de les persones recluses.<\/li>\n<\/ul>\n\n\n\n<p class=\"has-medium-font-size\"><\/p>\n\n\n\n<p class=\"has-medium-font-size\">3.DINS DE QUATRE CAMINS:<\/p>\n\n\n\n<p><\/p>\n\n\n\n<ul class=\"has-medium-font-size wp-block-list\">\n<li><strong>Acompanyament a la persona reclusa: <\/strong>visitar setmanalment a interns dins del CP, per tal d&#8217;acompanyar i ajudar-los, en la mesura del possible, en el seu proc\u00e9s de reinserci\u00f3. Consisteix a escoltar als interns, preocupar-se personalment per la seva situaci\u00f3, interessar-se pels seus problemes, fer-los companyia en moments de soledat, estar al costat d&#8217;ells, ajudar-los, consolar-los, donar-los \u00e0nims, establir canals de comunicaci\u00f3 amb les seves fam\u00edlies, i crear vincles de solidaritat que els permetin afrontar les situacions psicol\u00f2gicament dures que pateixen. Els interns que es visiten s\u00f3n especialment aquells que no reben visites ni tenen suport familiar o social.<\/li>\n<\/ul>\n\n\n\n<ul class=\"has-medium-font-size wp-block-list\">\n<li><strong>Programa de col\u00b7laboraci\u00f3 docent: c<\/strong>ol\u00b7laborar amb el Centre de Formaci\u00f3 d&#8217;Adults donant suport escolar, sigui en classes de grup o en classes particulars, als interns que cursen diferents ensenyaments, o b\u00e9 que desitgen con\u00e8ixer o millorar diferents lleng\u00fces.<\/li>\n<\/ul>\n\n\n\n<ul class=\"has-medium-font-size wp-block-list\">\n<li><strong>Programa Suport d&#8217;acompanyament a la sortida en llibertat definitiva: p<\/strong>rograma de mentoria amb l&#8217;objectiu d&#8217;acompanyar a les persones internes en el seu proc\u00e9s de reinserci\u00f3 els \u00faltims 3 mesos de condemna, fins a l&#8217;any despr\u00e9s de la seva sortida a la llibertat definitiva. Es basa en una relaci\u00f3 interpersonal estable basada en l&#8217;escolta activa que afavoreixi l&#8217;autoestima, la motivaci\u00f3 pel canvi i la superaci\u00f3 personal; que ajudi a la canalitzaci\u00f3 de l&#8217;ansietat i l&#8217;expressi\u00f3 de sentiments i emocions; que aporti afecte i companyia en la soledat, que consoli davant el sofriment i que convidi a la reflexi\u00f3 sobre la pr\u00f2pia vida; que fomenti els valors humans; que faci de pont amb la fam\u00edlia i el m\u00f3n exterior; que promogui l&#8217;establiment de vincles de solidaritat que permeti afrontar les situacions dures que pateixen; que sigui un referent personal els \u00faltims temps del compliment i tamb\u00e9 durant els primers temps de llibertat.<\/li>\n<\/ul>\n\n\n\n<ul class=\"has-medium-font-size wp-block-list\">\n<li><strong>Debats:<\/strong> activitat desenvolupada al m\u00f2dul 1, de participaci\u00f3 organitzada.<\/li>\n<\/ul>\n\n\n\n<ul class=\"has-medium-font-size wp-block-list\">\n<li><strong>DAE:<\/strong> suport educatiu.<\/li>\n<\/ul>\n\n\n\n<ul class=\"has-medium-font-size wp-block-list\">\n<li><strong>Xerrades:<\/strong> preparaci\u00f3 a la sortida en llibertat i per a permisos, al m\u00f2dul 3.<\/li>\n<\/ul>\n\n\n\n<ul class=\"has-medium-font-size wp-block-list\">\n<li><strong>DERT: <\/strong>Aquest projecte consisteix a visitar peri\u00f2dicament a interns i internes que estan al DERT i posteriorment, quan retornen al m\u00f2dul ordinari. L\u2019objectiu \u00e9s acompanyar en la soledat i ajudar-los, en la mesura del possible, en el seu proc\u00e9s de reinserci\u00f3, per tal de motivar-los a seguir programes de tractament i evitar que tornin a entrar al DERT. Aquesta tasca es fa sempre sota les directrius de la direcci\u00f3 i dels equips de tractament dels centres on es realitza (i sense interferir en l\u2019\u00e0mbit corresponent als treballadors socials ni, \u00f2bviament, als professionals sanitaris). Les visites, que duren entre mitja hora i una hora per terme general, u el temps de decideixi l\u2019intern consisteixen en: escoltar els interns, preocupar-se personalment per la seva situaci\u00f3, interessar-se pels seus problemes, fer-los companyia en moments de soledat, estar al costat d\u2019ells, ajudar-los, consolar-los, donar-los \u00e0nims, establir canals de comunicaci\u00f3 amb les seves fam\u00edlies, i crear vincles de solidaritat que els permetin afrontar les situacions psicol\u00f2gicament dures que pateixen. Aix\u00f2 es fa en la mesura i la intensitat que els propis interns demanen. Alhora, pret\u00e9n donar testimoni de donaci\u00f3 gratu\u00efta d\u2019un temps per part dels voluntaris, que sigui interpel\u00b7lador per als interns en les seves actituds vitals, i els ajudi a fer un proc\u00e9s de reflexi\u00f3 i de reinserci\u00f3 si \u00e9s possible, o b\u00e9 ajudar-los a viure amb m\u00e9s dignitat i amb m\u00e9s autoestima.<\/li>\n<\/ul>\n\n\n\n<p class=\"has-medium-font-size\">Just\u00edcia i Pau t\u00e9 una persona volunt\u00e0ria (Agust\u00ed Mas) que \u00e9s el referent del centre i que t\u00e9 aquestes funcions:<\/p>\n\n\n\n<ul class=\"has-medium-font-size wp-block-list\">\n<li>Acollir els nous voluntaris i acompanyar-los durant el per\u00edode d\u2019adaptaci\u00f3<\/li>\n\n\n\n<li>Fer el seguiment de les persones volunt\u00e0ries<\/li>\n\n\n\n<li>Potenciar el sentit d\u2019associaci\u00f3<\/li>\n\n\n\n<li>Actuar de mediador entre l\u2019entitat i el voluntariat<\/li>\n\n\n\n<li>Assignar tasques i funcions al voluntariat<\/li>\n\n\n\n<li>Participar de la Taula de Participaci\u00f3 Social de cada centre<\/li>\n\n\n\n<li>Ser la persona de contacte amb els i les professionals del centre, la persona referent de voluntariat, el Centre de Formaci\u00f3 d\u2019Adults&#8230;<\/li>\n<\/ul>\n\n\n\n<p class=\"has-black-color has-text-color has-medium-font-size\"><strong>4. FORA DE QUATRE CAMINS: <\/strong><\/p>\n\n\n\n<p class=\"has-black-color has-text-color has-medium-font-size\">Just\u00edcia i Pau tamb\u00e9 fa actuacions a CP Dones, Brians 1, Brians 2, Joves, Lledoners i al Pavell\u00f3 Hospital Penitenciari de Terrassa. Tamb\u00e9 formem part de la Comissi\u00f3 Permanent de la TPS. Actualment estem exportant els nostres programes als CP de Ponent, Puig de les Basses i Mas Enric. <\/p>\n\n\n\n<p class=\"has-black-color has-text-color has-medium-font-size\"><strong>5.ON SOM?<\/strong><\/p>\n\n\n\n<p class=\"has-black-color has-text-color has-medium-font-size\"><strong> Adre\u00e7a: Carrer Roger de Ll\u00faria 126, 3r 1a &#8211; Barcelona <\/strong><\/p>\n\n\n\n<p class=\"has-black-color has-text-color has-medium-font-size\"><strong>Tel m\u00f2bil: 622 561 495 Tel. Fix 93 317 61 77 <\/strong><\/p>\n\n\n\n<p class=\"has-black-color has-text-color has-medium-font-size\"><strong>Correu: administracio@justiciaipau.org <\/strong><\/p>\n\n\n\n<p class=\"has-black-color has-text-color has-medium-font-size\"><strong>Pagina web: <a href=\"https:\/\/justiciaipau.org\/\">www.justiciaipau.org<\/a><\/strong><\/p>\n","protected":false},"excerpt":{"rendered":"<p>1.QUI SOM? Just\u00edcia i Pau Barcelona \u00e9s una entitat sense \u00e0nim de lucre, creada l&#8217;any 1968 que t\u00e9 per finalitat la defensa i promoci\u00f3 dels drets humans, la just\u00edcia social, la cultura de la pau i la protecci\u00f3 de la naturalesa. El nostre referent i president de l&#8217;entitat durant anys, l&#8217;Arcadi Oliveres, ens va deixar [&hellip;]<\/p>\n","protected":false},"author":209,"featured_media":844,"parent":0,"menu_order":0,"comment_status":"closed","ping_status":"closed","template":"","meta":{"footnotes":""},"class_list":["post-843","page","type-page","status-publish","has-post-thumbnail","czr-hentry"],"_links":{"self":[{"href":"https:\/\/bloc.xarxa-omnia.org\/cpquatrecamins\/wp-json\/wp\/v2\/pages\/843","targetHints":{"allow":["GET"]}}],"collection":[{"href":"https:\/\/bloc.xarxa-omnia.org\/cpquatrecamins\/wp-json\/wp\/v2\/pages"}],"about":[{"href":"https:\/\/bloc.xarxa-omnia.org\/cpquatrecamins\/wp-json\/wp\/v2\/types\/page"}],"author":[{"embeddable":true,"href":"https:\/\/bloc.xarxa-omnia.org\/cpquatrecamins\/wp-json\/wp\/v2\/users\/209"}],"replies":[{"embeddable":true,"href":"https:\/\/bloc.xarxa-omnia.org\/cpquatrecamins\/wp-json\/wp\/v2\/comments?post=843"}],"version-history":[{"count":4,"href":"https:\/\/bloc.xarxa-omnia.org\/cpquatrecamins\/wp-json\/wp\/v2\/pages\/843\/revisions"}],"predecessor-version":[{"id":852,"href":"https:\/\/bloc.xarxa-omnia.org\/cpquatrecamins\/wp-json\/wp\/v2\/pages\/843\/revisions\/852"}],"wp:featuredmedia":[{"embeddable":true,"href":"https:\/\/bloc.xarxa-omnia.org\/cpquatrecamins\/wp-json\/wp\/v2\/media\/844"}],"wp:attachment":[{"href":"https:\/\/bloc.xarxa-omnia.org\/cpquatrecamins\/wp-json\/wp\/v2\/media?parent=843"}],"curies":[{"name":"wp","href":"https:\/\/api.w.org\/{rel}","templated":true}]}}