{"id":854,"date":"2024-06-05T17:08:14","date_gmt":"2024-06-05T15:08:14","guid":{"rendered":"https:\/\/bloc.xarxa-omnia.org\/cpquatrecamins\/?page_id=854"},"modified":"2025-02-11T11:54:26","modified_gmt":"2025-02-11T09:54:26","slug":"alcoholics-anonims","status":"publish","type":"page","link":"https:\/\/bloc.xarxa-omnia.org\/cpquatrecamins\/alcoholics-anonims\/","title":{"rendered":"ALCOH\u00d2LICS AN\u00d2NIMS"},"content":{"rendered":"\n<p><\/p>\n\n\n\n<figure class=\"wp-block-image size-full is-resized\"><img loading=\"lazy\" decoding=\"async\" src=\"https:\/\/bloc.xarxa-omnia.org\/cpquatrecamins\/files\/2024\/06\/Logo_AA.svg_-2.png\" alt=\"\" class=\"wp-image-857\" style=\"width:248px;height:248px\" width=\"248\" height=\"248\" \/><\/figure>\n\n\n\n<p class=\"has-medium-font-size\"><strong>1.QUI SOM? <\/strong><\/p>\n\n\n\n<p class=\"has-medium-font-size\">Una entitat que des de fa molts anys arreu del m\u00f3n ajudem a les persones en situaci\u00f3 d&#8217;alcoholisme.<\/p>\n\n\n\n<p class=\"has-medium-font-size\"><strong>2.QU\u00c8 FEM? <\/strong><\/p>\n\n\n\n<p class=\"has-medium-font-size\">ENS RECUPEREM DEL ALCOHOLISME COMPARTINT AMB UN ALTRE ALCOH\u00d2LIC <\/p>\n\n\n\n<p class=\"has-medium-font-size\"><strong>3.DINS DE QUATRE CAMINS: <\/strong>EL SEGON I QUART DISSABTE DE CADA MES A LES 17.00 (ZONA DEL TEATRE) <\/p>\n\n\n\n<p class=\"has-medium-font-size\"><strong>4.FORA DE QUATRE CAMINS: <\/strong>EN GRUPS JA CONSTITU\u00cfTS ON HI TE CABUDA QUALSEVOL PERSONA QUE VULGUI DEIXAR DE BEURE <\/p>\n\n\n\n<p class=\"has-medium-font-size\"><strong>5.ON SOM?<\/strong> ESTEM REPARTITS PER TOT EL TERRITORI. PER EXEMPLE A BARCELONA CIUTAT , HI HA PROP DE 30 GRUPS<\/p>\n","protected":false},"excerpt":{"rendered":"<p>1.QUI SOM? Una entitat que des de fa molts anys arreu del m\u00f3n ajudem a les persones en situaci\u00f3 d&#8217;alcoholisme. 2.QU\u00c8 FEM? ENS RECUPEREM DEL ALCOHOLISME COMPARTINT AMB UN ALTRE ALCOH\u00d2LIC 3.DINS DE QUATRE CAMINS: EL SEGON I QUART DISSABTE DE CADA MES A LES 17.00 (ZONA DEL TEATRE) 4.FORA DE QUATRE CAMINS: EN GRUPS [&hellip;]<\/p>\n","protected":false},"author":209,"featured_media":829,"parent":0,"menu_order":0,"comment_status":"closed","ping_status":"closed","template":"","meta":{"footnotes":""},"class_list":["post-854","page","type-page","status-publish","has-post-thumbnail","czr-hentry"],"_links":{"self":[{"href":"https:\/\/bloc.xarxa-omnia.org\/cpquatrecamins\/wp-json\/wp\/v2\/pages\/854","targetHints":{"allow":["GET"]}}],"collection":[{"href":"https:\/\/bloc.xarxa-omnia.org\/cpquatrecamins\/wp-json\/wp\/v2\/pages"}],"about":[{"href":"https:\/\/bloc.xarxa-omnia.org\/cpquatrecamins\/wp-json\/wp\/v2\/types\/page"}],"author":[{"embeddable":true,"href":"https:\/\/bloc.xarxa-omnia.org\/cpquatrecamins\/wp-json\/wp\/v2\/users\/209"}],"replies":[{"embeddable":true,"href":"https:\/\/bloc.xarxa-omnia.org\/cpquatrecamins\/wp-json\/wp\/v2\/comments?post=854"}],"version-history":[{"count":2,"href":"https:\/\/bloc.xarxa-omnia.org\/cpquatrecamins\/wp-json\/wp\/v2\/pages\/854\/revisions"}],"predecessor-version":[{"id":858,"href":"https:\/\/bloc.xarxa-omnia.org\/cpquatrecamins\/wp-json\/wp\/v2\/pages\/854\/revisions\/858"}],"wp:featuredmedia":[{"embeddable":true,"href":"https:\/\/bloc.xarxa-omnia.org\/cpquatrecamins\/wp-json\/wp\/v2\/media\/829"}],"wp:attachment":[{"href":"https:\/\/bloc.xarxa-omnia.org\/cpquatrecamins\/wp-json\/wp\/v2\/media?parent=854"}],"curies":[{"name":"wp","href":"https:\/\/api.w.org\/{rel}","templated":true}]}}