{"id":860,"date":"2024-06-05T17:15:44","date_gmt":"2024-06-05T15:15:44","guid":{"rendered":"https:\/\/bloc.xarxa-omnia.org\/cpquatrecamins\/?page_id=860"},"modified":"2024-06-06T12:29:50","modified_gmt":"2024-06-06T10:29:50","slug":"stop-accidents","status":"publish","type":"page","link":"https:\/\/bloc.xarxa-omnia.org\/cpquatrecamins\/stop-accidents\/","title":{"rendered":"Stop Accidents"},"content":{"rendered":"\n<figure class=\"wp-block-image size-full is-resized\"><img loading=\"lazy\" decoding=\"async\" src=\"https:\/\/bloc.xarxa-omnia.org\/cpquatrecamins\/files\/2024\/06\/stopaccidentes-22-3.png\" alt=\"\" class=\"wp-image-861\" style=\"width:220px;height:220px\" width=\"220\" height=\"220\" \/><\/figure>\n\n\n\n<p class=\"has-medium-font-size\"><strong>1.QUI SOM?<\/strong> <\/p>\n\n\n\n<p class=\"has-medium-font-size\">Som una entitat d\u2019ajuda i orientaci\u00f3 a les v\u00edctimes dels sinistres de tr\u00e0nsit, oferim suport psicol\u00f2gic, jur\u00eddic i social a les v\u00edctimes. Son una associaci\u00f3 sense \u00e0nim de lucre declarada d&#8217;utilitat P\u00fablica .<\/p>\n\n\n\n<p class=\"has-medium-font-size\"><strong>2.QU\u00c8 FEM?<\/strong> <\/p>\n\n\n\n<p class=\"has-medium-font-size\">-Oferim suport psicol\u00f2gic, jur\u00eddic i social a les v\u00edctimes, fem acompanyament en el dol, grups de suport. <\/p>\n\n\n\n<p class=\"has-medium-font-size\">-Conscienciaci\u00f3 sobre les conseq\u00fc\u00e8ncies dels sinistres, a nens, adolescents, gent gran&#8230; amb xerrades, exposicions.<\/p>\n\n\n\n<p class=\"has-medium-font-size\">&#8211; Campanyes a la poblaci\u00f3 general, tamb\u00e9 a ciclistes, motos, cotxes. <\/p>\n\n\n\n<p class=\"has-medium-font-size\">&#8211; Reivindicaci\u00f3 dels drets de les v\u00edctimes.<\/p>\n\n\n<div class=\"wp-block-image is-style-default\">\n<figure class=\"alignright size-full is-resized\"><img loading=\"lazy\" decoding=\"async\" src=\"https:\/\/bloc.xarxa-omnia.org\/cpquatrecamins\/files\/2024\/06\/Concienciacio-3.jpg\" alt=\"\" class=\"wp-image-903\" style=\"object-fit:contain;width:348px;height:348px\" width=\"348\" height=\"348\" \/><\/figure><\/div>\n\n\n<p class=\"has-medium-font-size\"><strong>3.DINS DE QUATRE CAMINS:<\/strong><\/p>\n\n\n\n<p class=\"has-medium-font-size\"> Fem xerrades de sensibilitzaci\u00f3 i conscienciaci\u00f3 sobre les conseq\u00fc\u00e8ncies dels sinistres de tr\u00e0nsit per tal de reduir els sinistres, es cosa de tots.<\/p>\n\n\n\n<p class=\"has-medium-font-size\"><strong>4.FORA DE QUATRE CAMINS:<\/strong><\/p>\n\n\n\n<p class=\"has-medium-font-size\"> -Oferim suport psicol\u00f2gic, jur\u00eddic i social a les v\u00edctimes, fem acompanyament en el dol, grups de suport. De manera presencial i on-line .<\/p>\n\n\n\n<p class=\"has-medium-font-size\">-Conscienciaci\u00f3 sobre les conseq\u00fc\u00e8ncies dels sinistres, a nens, adolescents, gent gran&#8230; amb xerrades, exposicions<\/p>\n\n\n\n<p class=\"has-medium-font-size\"> &#8211; Campanyes a la poblaci\u00f3 general, tamb\u00e9 a ciclistes, motos, cotxes. <\/p>\n\n\n\n<p class=\"has-medium-font-size\">&#8211; Reivindicaci\u00f3 dels drets de les v\u00edctimes &#8211; Jornades de Seguretat Vial<\/p>\n\n\n\n<p class=\"has-medium-font-size\"><strong>5.ON SOM? <\/strong><\/p>\n\n\n\n<p class=\"has-medium-font-size\"><strong>Estem a Barcelona, Carrer Consell de Cent, 474 bis, Entresol B, 08013_Barcelona<\/strong><\/p>\n","protected":false},"excerpt":{"rendered":"<p>1.QUI SOM? Som una entitat d\u2019ajuda i orientaci\u00f3 a les v\u00edctimes dels sinistres de tr\u00e0nsit, oferim suport psicol\u00f2gic, jur\u00eddic i social a les v\u00edctimes. Son una associaci\u00f3 sense \u00e0nim de lucre declarada d&#8217;utilitat P\u00fablica . 2.QU\u00c8 FEM? -Oferim suport psicol\u00f2gic, jur\u00eddic i social a les v\u00edctimes, fem acompanyament en el dol, grups de suport. -Conscienciaci\u00f3 [&hellip;]<\/p>\n","protected":false},"author":209,"featured_media":861,"parent":0,"menu_order":0,"comment_status":"closed","ping_status":"closed","template":"","meta":{"footnotes":""},"class_list":["post-860","page","type-page","status-publish","has-post-thumbnail","czr-hentry"],"_links":{"self":[{"href":"https:\/\/bloc.xarxa-omnia.org\/cpquatrecamins\/wp-json\/wp\/v2\/pages\/860","targetHints":{"allow":["GET"]}}],"collection":[{"href":"https:\/\/bloc.xarxa-omnia.org\/cpquatrecamins\/wp-json\/wp\/v2\/pages"}],"about":[{"href":"https:\/\/bloc.xarxa-omnia.org\/cpquatrecamins\/wp-json\/wp\/v2\/types\/page"}],"author":[{"embeddable":true,"href":"https:\/\/bloc.xarxa-omnia.org\/cpquatrecamins\/wp-json\/wp\/v2\/users\/209"}],"replies":[{"embeddable":true,"href":"https:\/\/bloc.xarxa-omnia.org\/cpquatrecamins\/wp-json\/wp\/v2\/comments?post=860"}],"version-history":[{"count":4,"href":"https:\/\/bloc.xarxa-omnia.org\/cpquatrecamins\/wp-json\/wp\/v2\/pages\/860\/revisions"}],"predecessor-version":[{"id":906,"href":"https:\/\/bloc.xarxa-omnia.org\/cpquatrecamins\/wp-json\/wp\/v2\/pages\/860\/revisions\/906"}],"wp:featuredmedia":[{"embeddable":true,"href":"https:\/\/bloc.xarxa-omnia.org\/cpquatrecamins\/wp-json\/wp\/v2\/media\/861"}],"wp:attachment":[{"href":"https:\/\/bloc.xarxa-omnia.org\/cpquatrecamins\/wp-json\/wp\/v2\/media?parent=860"}],"curies":[{"name":"wp","href":"https:\/\/api.w.org\/{rel}","templated":true}]}}