{"id":867,"date":"2024-06-05T17:27:04","date_gmt":"2024-06-05T15:27:04","guid":{"rendered":"https:\/\/bloc.xarxa-omnia.org\/cpquatrecamins\/?page_id=867"},"modified":"2025-02-12T16:07:21","modified_gmt":"2025-02-12T14:07:21","slug":"esmediacio","status":"publish","type":"page","link":"https:\/\/bloc.xarxa-omnia.org\/cpquatrecamins\/esmediacio\/","title":{"rendered":"EsMediaci\u00f3"},"content":{"rendered":"\n<figure class=\"wp-block-image size-full is-resized\"><img loading=\"lazy\" decoding=\"async\" width=\"140\" height=\"80\" src=\"http:\/\/bloc.xarxa-omnia.org\/cpquatrecamins\/files\/2024\/06\/Esmediacio-4.png\" alt=\"\" class=\"wp-image-868\" style=\"width:240px;height:auto\" \/><\/figure>\n\n\n\n<ol class=\"wp-block-list\">\n<li class=\"has-medium-font-size\"><strong>QUI SOM<\/strong>?<\/li>\n<\/ol>\n\n\n\n<p class=\"has-medium-font-size\"><strong>EsMediacio, Gesti\u00f3 Integral de conflictes.<\/strong><\/p>\n\n\n\n<p class=\"has-medium-font-size\">Som una Entitat fundada al 2014 especialitzada en gesti\u00f3 de conflictes, de la conviv\u00e8ncia, i de intervenci\u00f3 social comunit\u00e0ria.<\/p>\n\n\n\n<p class=\"has-medium-font-size\">La nostra finalitat \u00e9s millorar les relacions i la conviv\u00e8ncia, mitjan\u00e7ant la implementaci\u00f3 de la gesti\u00f3 dialogada, pac\u00edfica i extrajudicial dels conflictes, la mediaci\u00f3, la participaci\u00f3 social i la intervenci\u00f3 comunit\u00e0ria.<\/p>\n\n\n\n<p class=\"has-medium-font-size\">2. <strong>QU\u00c8 FEM?<\/strong><\/p>\n\n\n\n<ul class=\"wp-block-list\">\n<li class=\"has-medium-font-size\">Prestaci\u00f3 de serveis de Mediaci\u00f3 comunit\u00e0ria i ciutadana.<\/li>\n\n\n\n<li class=\"has-medium-font-size\">Prestaci\u00f3 de serveis de Mediaci\u00f3 en espais p\u00fablics municipals.<\/li>\n\n\n\n<li class=\"has-medium-font-size\">Gesti\u00f3 de programes comunitaris: Programa Radars, gesti\u00f3 i dinamitzaci\u00f3\u00a0 de barris.<\/li>\n\n\n\n<li class=\"has-medium-font-size\">Serveis de mediaci\u00f3 familiar i comunit\u00e0ria dins l\u2019entorn penitenciari.<\/li>\n\n\n\n<li class=\"has-medium-font-size\">Serveis de Mediaci\u00f3 i conviv\u00e8ncia\u00a0 en centres escolars de prim\u00e0ria i secund\u00e0ria.<\/li>\n\n\n\n<li class=\"has-medium-font-size\">Accions de prevenci\u00f3 i sensibilitzaci\u00f3 entorn el conflicte i la cultura de pau i di\u00e0leg.<\/li>\n\n\n\n<li class=\"has-medium-font-size\">Gesti\u00f3 de la participaci\u00f3 ciutadana i comunit\u00e0ria.<\/li>\n\n\n\n<li class=\"has-medium-font-size\">Servei de gesti\u00f3 de conflictes d\u2019alta intensitat per a progenitors amb menors a c\u00e0rrec. Programa Vincles-Co.<\/li>\n\n\n\n<li class=\"has-medium-font-size\">Coordinaci\u00f3 de parentalitat per a fam\u00edlies.<\/li>\n\n\n\n<li class=\"has-medium-font-size\">Servei de gesti\u00f3 dialogada de conflictes i mediaci\u00f3 a fam\u00edlies, grups, equips, barris, municipis o organitzacions.<\/li>\n\n\n\n<li class=\"has-medium-font-size\">Formaci\u00f3 en mediaci\u00f3, gesti\u00f3 dialogada de conflictes, pr\u00e0ctiques restauratives, comunicaci\u00f3, lideratge,\u00a0 gesti\u00f3 emocional&#8230;<\/li>\n\n\n\n<li class=\"has-medium-font-size\">Consultoria i supervisi\u00f3 professional i d\u2019equips.<\/li>\n<\/ul>\n\n\n\n<p class=\"has-medium-font-size\">3. <strong>DINS DE QUATRE CAMINS<\/strong><\/p>\n\n\n\n<p class=\"has-medium-font-size\"><strong>Projecte <\/strong><strong>MEDIACI\u00d3 I GESTI\u00d3 DE CONFLICTES DINS EL CENTRE.<\/strong><\/p>\n\n\n\n<p class=\"has-medium-font-size\">Incorporar i donar acc\u00e9s als interns i altres persones del centre a la gesti\u00f3 de conflictes que succeeixen al centre penitenciari a trav\u00e9s del di\u00e0leg. Dotar al centre d\u2019espais de Mediaci\u00f3 i altres sistemes pac\u00edfics de resoluci\u00f3 de conflictes com a com a eina efica\u00e7 per resoldre els conflictes i millorar la conviv\u00e8ncia al centre.<\/p>\n\n\n\n<p class=\"has-medium-font-size\"><strong>4. FORA DE QUATRE CAMINS<\/strong><\/p>\n\n\n\n<ul class=\"has-medium-font-size wp-block-list\">\n<li><strong>Dins de l\u2019\u00e0mbit penitenciari:<\/strong> Al Centre Penitenciari de Brians 2 desenvolupem el servei de Mediaci\u00f3 i reparaci\u00f3 entre penats i les seves fam\u00edlies o entorn directe a trav\u00e9s del projecte \u201cDi\u00e0legs i acords pre-llibertat\u201d. Aquest servei t\u00e9 per objectiu gestionar positiva i dialogadament els conflictes entre interns i el seu entorn per donar suport al proc\u00e9s de reinserci\u00f3 i vida en llibertat,\u00a0 i reduir el risc de reincid\u00e8ncia.<\/li>\n<\/ul>\n\n\n\n<ul class=\"has-medium-font-size wp-block-list\">\n<li><strong>Fora de l\u2019entorn penitenciari:<\/strong> prestaci\u00f3 de Serveis de Mediaci\u00f3 comunitaris municipals, Gesti\u00f3 de conflictes i de la conviv\u00e8ncia local a diferents municipis, promoci\u00f3\u00a0 del civisme,\u00a0 Intervenci\u00f3 a centres educatius per la millora de la conviv\u00e8ncia i la gesti\u00f3 des conflictes, Gesti\u00f3 i suport al programa Radars a diferents municipis, Gesti\u00f3 de conflictes familiars a trav\u00e9s del Programa Vincles-co, Coordinaci\u00f3 parental,\u00a0 Accions de sensibilitzaci\u00f3 i promoci\u00f3 de la conviv\u00e8ncia, actuacions de participaci\u00f3, Formaci\u00f3 i assessorament i supervisi\u00f3 de professionals i equips.<\/li>\n<\/ul>\n\n\n\n<p class=\"has-medium-font-size\"><strong>5. ON SOM<\/strong><\/p>\n\n\n\n<p class=\"has-medium-font-size\">CP Quatre Camins.<\/p>\n\n\n\n<p class=\"has-medium-font-size\">CP Brians 2.<\/p>\n\n\n\n<p class=\"has-medium-font-size\">Direcci\u00f3: Ronda O\u2019Donnell, 79-81, Entresol 4a. de Matar\u00f3.<\/p>\n\n\n\n<p class=\"has-medium-font-size\">Tel: 931.180.195<\/p>\n\n\n\n<p class=\"has-medium-font-size\"><a href=\"mailto:esmediacio@esmediacio.cat\">esmediacio@esmediacio.cat<\/a><\/p>\n\n\n\n<p class=\"has-medium-font-size\"><a href=\"http:\/\/www.esmediacio.cat\">www.esmediacio.cat<\/a><\/p>\n\n\n\n<div class=\"\"><div id=\"metaslider-id-869\" style=\"width: 100%;\" class=\"ml-slider-3-106-0 metaslider metaslider-flex metaslider-869 ml-slider ms-theme-default nav-hidden\" role=\"region\" aria-label=\"New Slideshow\" data-height=\"300\" data-width=\"700\">\n    <div id=\"metaslider_container_869\">\n        <div id=\"metaslider_869\">\n            <ul class='slides'>\n                <li style=\"display: block; width: 100%;\" class=\"slide-874 ms-image \" aria-roledescription=\"slide\" data-date=\"2024-06-05 17:24:35\" data-filename=\"mediacio1-700x300.png\" data-slide-type=\"image\"><img loading=\"lazy\" decoding=\"async\" src=\"https:\/\/bloc.xarxa-omnia.org\/cpquatrecamins\/files\/2024\/06\/mediacio1-700x300.png\" height=\"300\" width=\"700\" alt=\"\" class=\"slider-869 slide-874 msDefaultImage\" title=\"m,ediacio1\" \/><\/li>\n                <li style=\"display: none; width: 100%;\" class=\"slide-875 ms-image \" aria-roledescription=\"slide\" data-date=\"2024-06-05 17:24:35\" data-filename=\"esmediacio2-700x300.png\" data-slide-type=\"image\"><img loading=\"lazy\" decoding=\"async\" src=\"https:\/\/bloc.xarxa-omnia.org\/cpquatrecamins\/files\/2024\/06\/esmediacio2-700x300.png\" height=\"300\" width=\"700\" alt=\"\" class=\"slider-869 slide-875 msDefaultImage\" title=\"esmediacio2\" \/><\/li>\n            <\/ul>\n        <\/div>\n        \n    <\/div>\n<\/div><\/div>\n","protected":false},"excerpt":{"rendered":"<p>EsMediacio, Gesti\u00f3 Integral de conflictes. Som una Entitat fundada al 2014 especialitzada en gesti\u00f3 de conflictes, de la conviv\u00e8ncia, i de intervenci\u00f3 social comunit\u00e0ria. La nostra finalitat \u00e9s millorar les relacions i la conviv\u00e8ncia, mitjan\u00e7ant la implementaci\u00f3 de la gesti\u00f3 dialogada, pac\u00edfica i extrajudicial dels conflictes, la mediaci\u00f3, la participaci\u00f3 social i la intervenci\u00f3 comunit\u00e0ria. [&hellip;]<\/p>\n","protected":false},"author":209,"featured_media":0,"parent":0,"menu_order":0,"comment_status":"closed","ping_status":"closed","template":"","meta":{"footnotes":""},"class_list":["post-867","page","type-page","status-publish","czr-hentry"],"_links":{"self":[{"href":"https:\/\/bloc.xarxa-omnia.org\/cpquatrecamins\/wp-json\/wp\/v2\/pages\/867","targetHints":{"allow":["GET"]}}],"collection":[{"href":"https:\/\/bloc.xarxa-omnia.org\/cpquatrecamins\/wp-json\/wp\/v2\/pages"}],"about":[{"href":"https:\/\/bloc.xarxa-omnia.org\/cpquatrecamins\/wp-json\/wp\/v2\/types\/page"}],"author":[{"embeddable":true,"href":"https:\/\/bloc.xarxa-omnia.org\/cpquatrecamins\/wp-json\/wp\/v2\/users\/209"}],"replies":[{"embeddable":true,"href":"https:\/\/bloc.xarxa-omnia.org\/cpquatrecamins\/wp-json\/wp\/v2\/comments?post=867"}],"version-history":[{"count":2,"href":"https:\/\/bloc.xarxa-omnia.org\/cpquatrecamins\/wp-json\/wp\/v2\/pages\/867\/revisions"}],"predecessor-version":[{"id":1201,"href":"https:\/\/bloc.xarxa-omnia.org\/cpquatrecamins\/wp-json\/wp\/v2\/pages\/867\/revisions\/1201"}],"wp:attachment":[{"href":"https:\/\/bloc.xarxa-omnia.org\/cpquatrecamins\/wp-json\/wp\/v2\/media?parent=867"}],"curies":[{"name":"wp","href":"https:\/\/api.w.org\/{rel}","templated":true}]}}