{"id":879,"date":"2024-06-05T17:43:03","date_gmt":"2024-06-05T15:43:03","guid":{"rendered":"https:\/\/bloc.xarxa-omnia.org\/cpquatrecamins\/?page_id=879"},"modified":"2024-06-05T17:44:37","modified_gmt":"2024-06-05T15:44:37","slug":"cepaim","status":"publish","type":"page","link":"https:\/\/bloc.xarxa-omnia.org\/cpquatrecamins\/cepaim\/","title":{"rendered":"Cepaim"},"content":{"rendered":"\n<figure class=\"wp-block-image size-full is-resized\"><img loading=\"lazy\" decoding=\"async\" src=\"https:\/\/bloc.xarxa-omnia.org\/cpquatrecamins\/files\/2024\/06\/Logo-cepaim-color-horizontal-2.png\" alt=\"\" class=\"wp-image-880\" style=\"width:362px;height:204px\" width=\"362\" height=\"204\" \/><\/figure>\n\n\n\n<p class=\"has-medium-font-size\"><strong>QU\u00c8 SOM?<\/strong><\/p>\n\n\n\n<p class=\"has-medium-font-size\">La Fundaci\u00f3 Cepaim \u00e9s una entitat sense \u00e0nim de lucre que treballa des de 1994 per la conviv\u00e8ncia i la cohesi\u00f3 social.<\/p>\n\n\n\n<p class=\"has-medium-font-size\">Cepaim \u00e9s una organitzaci\u00f3 independent, cohesionada i sostenible que dona respostes a din\u00e0miques socials relacionades amb el fet migratori i amb els processos d&#8217;exclusi\u00f3 social, des d&#8217;una perspectiva comunit\u00e0ria.<\/p>\n\n\n\n<p class=\"has-medium-font-size\">Promoure una societat inclusiva, cohesionada, igualit\u00e0ria i intercultural que faciliti l&#8217;acc\u00e9s ple als drets de ciutadania de les persones m\u00e9s vulnerables, especialment les migrants.<\/p>\n\n\n\n<p class=\"has-medium-font-size\"><strong>Principis:<\/strong><\/p>\n\n\n\n<p class=\"has-medium-font-size\">Participaci\u00f3, Transformaci\u00f3 social, Innovaci\u00f3 permanent .<\/p>\n\n\n\n<p class=\"has-medium-font-size\">Integritat en les actuacions .<\/p>\n\n\n\n<p class=\"has-medium-font-size\">Defensa i extensi\u00f3 dels drets humans, socials i pol\u00edtics, cohesi\u00f3 i inclusi\u00f3 social, apoderament i transpar\u00e8ncia i coher\u00e8ncia en la gesti\u00f3 .<\/p>\n\n\n\n<p class=\"has-medium-font-size\"><strong>QU\u00c8 FEM?<\/strong><\/p>\n\n\n\n<p class=\"has-medium-font-size\">&#8211; Acolliment i protecci\u00f3 internacional<\/p>\n\n\n\n<p class=\"has-medium-font-size\">&#8211; Cooperaci\u00f3 al Desenvolupament i Codesenvolupament &#8211; Desenvolupament rural i repte demogr\u00e0fic.<\/p>\n\n\n\n<p class=\"has-medium-font-size\">&#8211; Ocupaci\u00f3 i formaci\u00f3<\/p>\n\n\n\n<p class=\"has-medium-font-size\">&#8211; Igualtat, no discriminaci\u00f3 i interseccionalitat<\/p>\n\n\n\n<p class=\"has-medium-font-size\">&#8211; Interculturalitat i desenvolupament comunitari<\/p>\n\n\n\n<p class=\"has-medium-font-size\">&#8211; Intervenci\u00f3 amb infants, joves i fam\u00edlies<\/p>\n\n\n\n<p class=\"has-medium-font-size\">&#8211; Habitatge i exclusi\u00f3 residencial<\/p>\n\n\n\n<p class=\"has-medium-font-size\">&#8211; Mediaci\u00f3 intercultural en Centres Penitenciaris<\/p>\n\n\n\n<p class=\"has-medium-font-size\"><strong>Qu\u00e8 fem dintre del centre penitenciari?<\/strong><\/p>\n\n\n\n<p class=\"has-medium-font-size\"><a><\/a>La fundaci\u00f3 Cepaim gestiona aquest servei des de fa molts anys als Centres Penitenciaris de Joves, Quatre Camins i Puig de les Basses. Durant aquests anys, hem capitalitzat moltes experi\u00e8ncies treballant dins dels centre penitenciaris:<\/p>\n\n\n\n<ul class=\"wp-block-list\">\n<li class=\"has-medium-font-size\">Donant suport als equip multidisciplinaris en mat\u00e8ria de la diversitat i el coneixement dels codis culturals dels interns de diferents proced\u00e8ncies, i<\/li>\n\n\n\n<li class=\"has-medium-font-size\">Tamb\u00e9 treballant en la prevenci\u00f3 i resoluci\u00f3 de conflicte,<\/li>\n\n\n\n<li class=\"has-medium-font-size\">Ens hem implicat donant suport als centres en temes de identificacions, renovacions de targetes d\u2019entitats dels pa\u00efsos d\u2019origen mantenint un vincle i relaci\u00f3 amb les representants diplom\u00e0tiques i consulars a Catalunya, amb el objectiu d\u2019ajudar a les persones a legalitzar la seva situaci\u00f3 administrativa.<\/li>\n<\/ul>\n\n\n\n<p class=\"has-medium-font-size\">Com a entitat i des del comen\u00e7ament hem participat en les diferents xarxes que treballen o aborden temes relacionat amb persones en privacitat de llibertat, com les Taula de Participaci\u00f3 Social TPS, les reunions de coordinaci\u00f3 amb les direccions dels centres, i amb el Departament de Just\u00edcia de la Generalitat de Catalunya, com amb altres entitats que gestionen serveis dins dels centres.<\/p>\n\n\n\n<ul class=\"has-black-color has-text-color has-medium-font-size wp-block-list\">\n<li><strong>L\u2019objectiu central d\u2019aquest programa \u00e9s el servei de mediaci\u00f3 intercultural, que consisteix en facilitar una atenci\u00f3 adequada a les necessitats i interessos de la poblaci\u00f3 interna dels Centre Penitenciari de Quatre Camins que procedeix d\u2019altres cultures, aix\u00ed com tamb\u00e9 als professionals que hi treballen, a fi de facilitar la conviv\u00e8ncia entre persones de diverses proced\u00e8ncies culturals, fomentar el coneixement de les perspectives cultures i de la diversitat religiosa, aix\u00ed com tamb\u00e9 el coneixement dels drets humans que s\u00f3n transversals a les diferents cultures, la toler\u00e0ncia i el respecte.<\/strong><\/li>\n<\/ul>\n\n\n\n<ul class=\"has-black-color has-text-color has-medium-font-size wp-block-list\">\n<li><strong>Prevenir la conflictivitat i la millora del clima social del Centre Penitenciari o b\u00e9 resoldre els conflictes ja existents provocats per les difer\u00e8ncies culturals entre aquesta poblaci\u00f3, la resta d\u2019interns\/es i els professionals dels centres, i finalment col\u00b7laborar en el suport a la poblaci\u00f3 estrangera vulnerable, que no compta amb arrelament, i la integraci\u00f3 social.<\/strong><\/li>\n<\/ul>\n\n\n\n<p class=\"has-medium-font-size\"><strong>Espec\u00edficament:<\/strong><\/p>\n\n\n\n<p>1. Fomentar el reconeixement de la diversitat cultural promouen activitats educatives, tallers i espais de trobada per a millorar les compet\u00e8ncies de comunicaci\u00f3 intercultural en la poblaci\u00f3 immigrant i els seus interlocutors en el medi penitenciari i en societat. <\/p>\n\n\n\n<p class=\"has-medium-font-size\">2. Prevenir i mediar en els conflictes culturals que es puguin presentar entre immigrants i els seus interlocutors. Evitar la viol\u00e8ncia real o simb\u00f2lica i que una de les parts imposi els seu codi cultural a l\u2019altre a trav\u00e9s d\u2019una pressi\u00f3 assimiladora o la indifer\u00e8ncia. Assessorar als professionals en el disseny i l\u2019aplicaci\u00f3 de programes educatius interculturals i inclusius.<\/p>\n\n\n\n<p class=\"has-medium-font-size\">3. Realitzar la traducci\u00f3 ling\u00fc\u00edstica i facilitar la interpretaci\u00f3 de codis culturals tant a nivell oral com escrit (traducci\u00f3 de documents, normatives, fulls informatius, cartells,&#8230;). I mantenir contacte amb les fam\u00edlies.<\/p>\n\n\n\n<p class=\"has-medium-font-size\">4. Proporcionar suport, informaci\u00f3, orientaci\u00f3 i assessorament en mat\u00e8ria social, legal, sanit\u00e0ria i administrativa amb els consolats, ambaixades o amb altres organismes, en relaci\u00f3 amb les derivacions de casos i necessitats detectades per als equips de tractament i administraci\u00f3 penitenci\u00e0ria. <\/p>\n\n\n\n<p class=\"has-medium-font-size\"><\/p>\n\n\n\n<p class=\"has-medium-font-size\">Tamb\u00e9 constitueix l\u2019objectiu espec\u00edfic d&#8217;aquest programa poder facilitar informaci\u00f3 i contactes a la poblaci\u00f3 immigrant en situaci\u00f3 de llibertat condicional, dels serveis externs que en els \u00e0mbits econ\u00f2mics, psicol\u00f2gic, sanitari, educatiu i cultural els poden servir de recolzament en el seu proc\u00e9s de reinserci\u00f3 e integraci\u00f3 social. Juntament amb l\u2019equip disciplinari del propi CP Quatre camins en aquest cas.<\/p>\n\n\n\n<p class=\"has-medium-font-size\">Aquesta actuaci\u00f3 es justifica en el cas d\u2019immigrants interns o en llibertat condicional, en tant que es tracta de persones que afronten una situaci\u00f3 doblement dif\u00edcil. Per una part, el fet de ser immigrant implica la desconeixen\u00e7a de les normes, valors i costums propis de la societat d\u2019acollida.<\/p>\n\n\n\n<p class=\"has-medium-font-size\"><strong>ON ESTEM?<\/strong><\/p>\n\n\n\n<p class=\"has-medium-font-size\">En la major part de les prov\u00edncies espanyoles, juntament amb illes Can\u00e0ries, tamb\u00e9 pa\u00efsos africans com ho s\u00f3n el Marroc i el Senegal.<\/p>\n\n\n\n<p><\/p>\n\n\n\n<p class=\"has-medium-font-size\"><strong>A Catalunya ens pots trobar a:<\/strong><\/p>\n\n\n\n<p class=\"has-medium-font-size\"><strong> BARCELONA Carrer de Sant Pau, 80. 08001<\/strong><\/p>\n\n\n\n<p class=\"has-medium-font-size\"><strong>Tel: 934 87 38 16<\/strong><\/p>\n","protected":false},"excerpt":{"rendered":"<p>QU\u00c8 SOM? La Fundaci\u00f3 Cepaim \u00e9s una entitat sense \u00e0nim de lucre que treballa des de 1994 per la conviv\u00e8ncia i la cohesi\u00f3 social. Cepaim \u00e9s una organitzaci\u00f3 independent, cohesionada i sostenible que dona respostes a din\u00e0miques socials relacionades amb el fet migratori i amb els processos d&#8217;exclusi\u00f3 social, des d&#8217;una perspectiva comunit\u00e0ria. Promoure una [&hellip;]<\/p>\n","protected":false},"author":209,"featured_media":880,"parent":0,"menu_order":0,"comment_status":"closed","ping_status":"closed","template":"","meta":{"footnotes":""},"class_list":["post-879","page","type-page","status-publish","has-post-thumbnail","czr-hentry"],"_links":{"self":[{"href":"https:\/\/bloc.xarxa-omnia.org\/cpquatrecamins\/wp-json\/wp\/v2\/pages\/879","targetHints":{"allow":["GET"]}}],"collection":[{"href":"https:\/\/bloc.xarxa-omnia.org\/cpquatrecamins\/wp-json\/wp\/v2\/pages"}],"about":[{"href":"https:\/\/bloc.xarxa-omnia.org\/cpquatrecamins\/wp-json\/wp\/v2\/types\/page"}],"author":[{"embeddable":true,"href":"https:\/\/bloc.xarxa-omnia.org\/cpquatrecamins\/wp-json\/wp\/v2\/users\/209"}],"replies":[{"embeddable":true,"href":"https:\/\/bloc.xarxa-omnia.org\/cpquatrecamins\/wp-json\/wp\/v2\/comments?post=879"}],"version-history":[{"count":2,"href":"https:\/\/bloc.xarxa-omnia.org\/cpquatrecamins\/wp-json\/wp\/v2\/pages\/879\/revisions"}],"predecessor-version":[{"id":884,"href":"https:\/\/bloc.xarxa-omnia.org\/cpquatrecamins\/wp-json\/wp\/v2\/pages\/879\/revisions\/884"}],"wp:featuredmedia":[{"embeddable":true,"href":"https:\/\/bloc.xarxa-omnia.org\/cpquatrecamins\/wp-json\/wp\/v2\/media\/880"}],"wp:attachment":[{"href":"https:\/\/bloc.xarxa-omnia.org\/cpquatrecamins\/wp-json\/wp\/v2\/media?parent=879"}],"curies":[{"name":"wp","href":"https:\/\/api.w.org\/{rel}","templated":true}]}}