{"id":889,"date":"2024-06-06T11:40:42","date_gmt":"2024-06-06T09:40:42","guid":{"rendered":"https:\/\/bloc.xarxa-omnia.org\/cpquatrecamins\/?page_id=889"},"modified":"2024-06-06T11:40:42","modified_gmt":"2024-06-06T09:40:42","slug":"fas-fundacio-autonoma-solidaria","status":"publish","type":"page","link":"https:\/\/bloc.xarxa-omnia.org\/cpquatrecamins\/fas-fundacio-autonoma-solidaria\/","title":{"rendered":"FAS: Fundaci\u00f3 Autonoma Solidaria"},"content":{"rendered":"\n<figure class=\"wp-block-image size-full is-resized\"><img loading=\"lazy\" decoding=\"async\" src=\"http:\/\/bloc.xarxa-omnia.org\/cpquatrecamins\/files\/2024\/06\/FAS-1.png\" alt=\"\" class=\"wp-image-832\" style=\"width:562px;height:105px\" width=\"562\" height=\"105\" \/><\/figure>\n\n\n\n<p><\/p>\n\n\n\n<p class=\"has-medium-font-size\"><strong>1.QUI SOM?<\/strong><\/p>\n\n\n\n<p class=\"has-medium-font-size\"><br>FUNDACI\u00d3 AUT\u00d2NOMA SOLID\u00c0RIA (FAS)<\/p>\n\n\n\n<p><\/p>\n\n\n\n<p class=\"has-medium-font-size\"><strong>2.QU\u00c8 FEM?<\/strong><\/p>\n\n\n\n<p class=\"has-medium-font-size\"><br>El Programa de Just\u00edcia de la FAS contribueix a la integraci\u00f3 i reinserci\u00f3 social de les persones privades de llibertat en centres penitenciaris gr\u00e0cies a la participaci\u00f3 d\u2019estudiants universitaris de diferents disciplines i membres de la comunitat de la Universitat Aut\u00f2noma de Barcelona (UAB) com a voluntaris\/\u00e0ries. Els i les joves prenen un paper actiu en el programa, organitzant i dinamitzant activitats de continu\u00eftat i puntuals dins dels centres penitenciaris, aix\u00ed com tamb\u00e9 s\u2019organitzen activitats de sensibilitzaci\u00f3 i incid\u00e8ncia al campus de la UAB.<br>La pres\u00e8ncia de joves voluntaris\/\u00e0ries ajuda a trencar amb l\u2019a\u00efllament f\u00edsic i social amb el que es troben les persones internes en un centre penitenciari i contribueix a incrementar el grau de coneixement que t\u00e9 la societat de la situaci\u00f3 penitenci\u00e0ria i el seu comprom\u00eds i responsabilitat vers aquesta realitat.<\/p>\n\n\n\n<p><\/p>\n\n\n\n<p class=\"has-medium-font-size\"><strong>3.DINS DE QUATRE CAMINS:<\/strong><\/p>\n\n\n\n<p class=\"has-medium-font-size\"><br>Voluntariat jove i universitari que dinamitza activitats de diferents tipologies:<\/p>\n\n\n\n<p class=\"has-medium-font-size\"><br>\u27a2Culturals i art\u00edstiques: manualitats, r\u00e0dio, m\u00fasica<br><br>\u27a2Acad\u00e8miques i formatives: refor\u00e7 escolar, angl\u00e8s<br> <br>\u27a2Salut: esports, jocs en moviment<br><br>\u27a2Oci i desenvolupament personal: ludoteca<\/p>\n\n\n\n<p class=\"has-medium-font-size\">\u27a2Suport al Programa DAE<\/p>\n\n\n\n<p><\/p>\n\n\n\n<p class=\"has-medium-font-size\"><strong>4.FORA DE QUATRE CAMINS:<\/strong><\/p>\n\n\n\n<p class=\"has-medium-font-size\"><br>A part de l\u2019activitat volunt\u00e0ria al CP de Quatre Camins, tamb\u00e9 es dinamitzen activitats als CP de Brians I i Brians II, seguint les mateixes categories d\u2019activitat que es realitzen a Quatre Camins i adaptant-se a les particularitats i necessitats detectades a cada centre.<br>El cat\u00e0leg d\u2019activitats s\u2019actualitza a l\u2019inici de cada curs acad\u00e8mic i s\u2019incorporen noves propostes en noves \u00e0rees, entre les que destaquem les vinculades a l\u2019educaci\u00f3 i gesti\u00f3 emocional i la promoci\u00f3 d\u2019h\u00e0bits saludables en relaci\u00f3 a la salut sexual i afectiva (en col\u00b7laboraci\u00f3 amb el programa de Salut de la FAS).<\/p>\n\n\n\n<p><\/p>\n\n\n\n<p class=\"has-medium-font-size\"><strong>5.ON SOM?<\/strong><\/p>\n\n\n\n<p class=\"has-medium-font-size\"><br><strong>Edifici L\u2019\u00c0gora<br>Campus Universitat Aut\u00f2noma de Barcelona<br>08193 \u2013 Bellaterra<br>Barcelona<\/strong><\/p>\n","protected":false},"excerpt":{"rendered":"<p>1.QUI SOM? FUNDACI\u00d3 AUT\u00d2NOMA SOLID\u00c0RIA (FAS) 2.QU\u00c8 FEM? El Programa de Just\u00edcia de la FAS contribueix a la integraci\u00f3 i reinserci\u00f3 social de les persones privades de llibertat en centres penitenciaris gr\u00e0cies a la participaci\u00f3 d\u2019estudiants universitaris de diferents disciplines i membres de la comunitat de la Universitat Aut\u00f2noma de Barcelona (UAB) com a voluntaris\/\u00e0ries. [&hellip;]<\/p>\n","protected":false},"author":209,"featured_media":832,"parent":0,"menu_order":0,"comment_status":"closed","ping_status":"closed","template":"","meta":{"footnotes":""},"class_list":["post-889","page","type-page","status-publish","has-post-thumbnail","czr-hentry"],"_links":{"self":[{"href":"https:\/\/bloc.xarxa-omnia.org\/cpquatrecamins\/wp-json\/wp\/v2\/pages\/889","targetHints":{"allow":["GET"]}}],"collection":[{"href":"https:\/\/bloc.xarxa-omnia.org\/cpquatrecamins\/wp-json\/wp\/v2\/pages"}],"about":[{"href":"https:\/\/bloc.xarxa-omnia.org\/cpquatrecamins\/wp-json\/wp\/v2\/types\/page"}],"author":[{"embeddable":true,"href":"https:\/\/bloc.xarxa-omnia.org\/cpquatrecamins\/wp-json\/wp\/v2\/users\/209"}],"replies":[{"embeddable":true,"href":"https:\/\/bloc.xarxa-omnia.org\/cpquatrecamins\/wp-json\/wp\/v2\/comments?post=889"}],"version-history":[{"count":1,"href":"https:\/\/bloc.xarxa-omnia.org\/cpquatrecamins\/wp-json\/wp\/v2\/pages\/889\/revisions"}],"predecessor-version":[{"id":891,"href":"https:\/\/bloc.xarxa-omnia.org\/cpquatrecamins\/wp-json\/wp\/v2\/pages\/889\/revisions\/891"}],"wp:featuredmedia":[{"embeddable":true,"href":"https:\/\/bloc.xarxa-omnia.org\/cpquatrecamins\/wp-json\/wp\/v2\/media\/832"}],"wp:attachment":[{"href":"https:\/\/bloc.xarxa-omnia.org\/cpquatrecamins\/wp-json\/wp\/v2\/media?parent=889"}],"curies":[{"name":"wp","href":"https:\/\/api.w.org\/{rel}","templated":true}]}}