{"id":893,"date":"2024-06-06T12:10:52","date_gmt":"2024-06-06T10:10:52","guid":{"rendered":"https:\/\/bloc.xarxa-omnia.org\/cpquatrecamins\/?page_id=893"},"modified":"2024-06-06T12:10:54","modified_gmt":"2024-06-06T10:10:54","slug":"fundacio-pare-manel","status":"publish","type":"page","link":"https:\/\/bloc.xarxa-omnia.org\/cpquatrecamins\/fundacio-pare-manel\/","title":{"rendered":"Fundaci\u00f3 Pare Manel"},"content":{"rendered":"\n<figure class=\"wp-block-image size-full is-resized\"><img loading=\"lazy\" decoding=\"async\" src=\"https:\/\/bloc.xarxa-omnia.org\/cpquatrecamins\/files\/2024\/06\/LogoFPM.png\" alt=\"\" class=\"wp-image-894\" style=\"width:207px;height:231px\" width=\"207\" height=\"231\" \/><\/figure>\n\n\n\n<p><\/p>\n\n\n\n<p class=\"has-medium-font-size\"><strong>1.QUI SOM?<\/strong><\/p>\n\n\n\n<p class=\"has-medium-font-size\">La Fundaci\u00f3 Privada Pare Manel<\/p>\n\n\n\n<p><\/p>\n\n\n\n<p class=\"has-medium-font-size\"><strong>2.QU\u00c8 FEM?<\/strong><br>La Fundaci\u00f3 Pare Manel impulsa projectes que defensin el desenvolupament dels drets i<br>de la qualitat de vida de totes les persones que pateixen exclusi\u00f3 i marginaci\u00f3 social. Els<br>\u00e0mbits principals on es centren les seves activitats i intervencions s\u00f3n la inf\u00e0ncia\/joventut,<br>el m\u00f3n penitenciari i el desenvolupament comunitari.<\/p>\n\n\n\n<p><\/p>\n\n\n\n<p class=\"has-medium-font-size\"><strong>3.DINS DE QUATRE CAMINS:<\/strong><\/p>\n\n\n\n<p class=\"has-medium-font-size\">Suport als interns<br>Dinamitzaci\u00f3 d&#8217;actes culturals i de lleure al CP<br>Acompanyament a l\u2019equip de Futbol Sala als partits de lliga de la Tercera Divisi\u00f3 Catalana<br>de Futbol Sala .<br>Inscripci\u00f3 i acompanyament en la participaci\u00f3 dels interns en curses esportives.<br>Sortides programades d&#8217;acompanyament a interns o ex-interns a realitzar gestions<br>personals o despla\u00e7aments per entrada i sortida del propi centre.<br>Sortides programades terap\u00e8utiques d&#8217;un dia, pr\u00e8vies a la sortida en llibertat de l&#8217;intern<br>(segons demanda i autoritzaci\u00f3).<\/p>\n\n\n\n<p><\/p>\n\n\n\n<p class=\"has-medium-font-size\"><strong>4.FORA DE QUATRE CAMINS:<\/strong><\/p>\n\n\n\n<p class=\"has-medium-font-size\"><br>Suport als interns<br>Dinamitzaci\u00f3 d&#8217;actes culturals i de lleure al CP<br>Sortides programades d&#8217;acompanyament a interns o ex-interns a realitzar gestions<br>personals o despla\u00e7aments per entrada i sortida del propi centre.<br>Sortides programades terap\u00e8utiques d&#8217;un dia, pr\u00e8vies a la sortida en llibertat de l&#8217;intern<br>(segons demanda i autoritzaci\u00f3).<\/p>\n\n\n\n<div class=\"wp-block-group\"><div class=\"wp-block-group__inner-container is-layout-constrained wp-block-group-is-layout-constrained\">\n<div class=\"wp-block-group has-medium-font-size\"><div class=\"wp-block-group__inner-container is-layout-constrained wp-block-group-is-layout-constrained\">\n<p class=\"has-medium-font-size\"><strong>5.ON SOM?<\/strong><\/p>\n\n\n\n<p class=\"has-medium-font-size\"><br><strong>Barcelona, barris de Verdum i Roquetes<\/strong><\/p>\n<\/div><\/div>\n<\/div><\/div>\n","protected":false},"excerpt":{"rendered":"<p>1.QUI SOM? La Fundaci\u00f3 Privada Pare Manel 2.QU\u00c8 FEM?La Fundaci\u00f3 Pare Manel impulsa projectes que defensin el desenvolupament dels drets ide la qualitat de vida de totes les persones que pateixen exclusi\u00f3 i marginaci\u00f3 social. Els\u00e0mbits principals on es centren les seves activitats i intervencions s\u00f3n la inf\u00e0ncia\/joventut,el m\u00f3n penitenciari i el desenvolupament comunitari. 3.DINS [&hellip;]<\/p>\n","protected":false},"author":209,"featured_media":894,"parent":0,"menu_order":0,"comment_status":"closed","ping_status":"closed","template":"","meta":{"footnotes":""},"class_list":["post-893","page","type-page","status-publish","has-post-thumbnail","czr-hentry"],"_links":{"self":[{"href":"https:\/\/bloc.xarxa-omnia.org\/cpquatrecamins\/wp-json\/wp\/v2\/pages\/893","targetHints":{"allow":["GET"]}}],"collection":[{"href":"https:\/\/bloc.xarxa-omnia.org\/cpquatrecamins\/wp-json\/wp\/v2\/pages"}],"about":[{"href":"https:\/\/bloc.xarxa-omnia.org\/cpquatrecamins\/wp-json\/wp\/v2\/types\/page"}],"author":[{"embeddable":true,"href":"https:\/\/bloc.xarxa-omnia.org\/cpquatrecamins\/wp-json\/wp\/v2\/users\/209"}],"replies":[{"embeddable":true,"href":"https:\/\/bloc.xarxa-omnia.org\/cpquatrecamins\/wp-json\/wp\/v2\/comments?post=893"}],"version-history":[{"count":1,"href":"https:\/\/bloc.xarxa-omnia.org\/cpquatrecamins\/wp-json\/wp\/v2\/pages\/893\/revisions"}],"predecessor-version":[{"id":896,"href":"https:\/\/bloc.xarxa-omnia.org\/cpquatrecamins\/wp-json\/wp\/v2\/pages\/893\/revisions\/896"}],"wp:featuredmedia":[{"embeddable":true,"href":"https:\/\/bloc.xarxa-omnia.org\/cpquatrecamins\/wp-json\/wp\/v2\/media\/894"}],"wp:attachment":[{"href":"https:\/\/bloc.xarxa-omnia.org\/cpquatrecamins\/wp-json\/wp\/v2\/media?parent=893"}],"curies":[{"name":"wp","href":"https:\/\/api.w.org\/{rel}","templated":true}]}}