{"id":909,"date":"2024-06-07T10:39:24","date_gmt":"2024-06-07T08:39:24","guid":{"rendered":"https:\/\/bloc.xarxa-omnia.org\/cpquatrecamins\/?page_id=909"},"modified":"2024-06-07T10:39:26","modified_gmt":"2024-06-07T08:39:26","slug":"coordinadora-contra-la-marginacio","status":"publish","type":"page","link":"https:\/\/bloc.xarxa-omnia.org\/cpquatrecamins\/coordinadora-contra-la-marginacio\/","title":{"rendered":"Coordinadora Contra la Marginaci\u00f3"},"content":{"rendered":"\n<figure class=\"wp-block-image size-full is-resized\"><img loading=\"lazy\" decoding=\"async\" src=\"http:\/\/bloc.xarxa-omnia.org\/cpquatrecamins\/files\/2024\/06\/coordinadora-1.jpg\" alt=\"\" class=\"wp-image-835\" style=\"width:349px;height:145px\" width=\"349\" height=\"145\" \/><\/figure>\n\n\n\n<p><\/p>\n\n\n\n<p class=\"has-medium-font-size\"><strong>1.QUI SOM?<\/strong><\/p>\n\n\n\n<p class=\"has-medium-font-size\"><br>Som una entitat de voluntariat que porta m\u00e9s 35 anys acompanyant persones en privaci\u00f3 de llibertat, tant en situaci\u00f3 de preventiu com en situaci\u00f3 de condemnats. <\/p>\n\n\n\n<p class=\"has-medium-font-size\">Facilitem un espai a l\u2019entitat de suport i recolzament familiar, orientaci\u00f3 i assessorament sobre tem\u00e0tica penitenciaria i jur\u00eddica.<\/p>\n\n\n\n<p><\/p>\n\n\n\n<p class=\"has-medium-font-size\"><strong>2.QU\u00c8 FEM?<\/strong><\/p>\n\n\n\n<p class=\"has-medium-font-size\"><br>UN COP AL MES, fem visites a interns que pr\u00e8viament ho han sol\u00b7licitat, Aquestes visites es realitzen en un espai familiar que ES SUMA als vis a vis que ja disposen i tenen una durabilitat de 1h. Aquestes visites estan orientades al recolzament personal, acompanyament i intentar donar resposta a les necessitats dels interns.<\/p>\n\n\n\n<p><\/p>\n\n\n\n<p class=\"has-medium-font-size\"><strong>3.DINS DE QUATRE CAMINS:<\/strong><\/p>\n\n\n\n<p class=\"has-medium-font-size\"><br>-ACOMPANYAMENT PENITENCIARI basat en escolta activa i no judici. <\/p>\n\n\n\n<p class=\"has-medium-font-size\">-ASSIST\u00c8NCIA JUR\u00cdDICA penal o penitenciaria i recolzament personal.<\/p>\n\n\n\n<p><\/p>\n\n\n\n<p class=\"has-medium-font-size\"><strong>4.FORA DE QUATRE CAMINS:<\/strong><br>Si s\u00f3n de la zona del Baix Llobregat, ajudem a cercar recursos que afavoreixin la integraci\u00f3 a la Comunitat.<\/p>\n\n\n\n<p><\/p>\n\n\n\n<p class=\"has-medium-font-size\"><strong>5.ON SOM?<\/strong><br>La nostra entitat est\u00e0 ubicada a la comarca del Baix Llobregat, concretament a la poblaci\u00f3 de Cornell\u00e0 de Llobregat al carrer GARRAF S\/N.<\/p>\n\n\n\n<p class=\"has-medium-font-size\"><br><strong>Per contactar amb nosaltres ho podeu fer a trav\u00e9s de:<\/strong><br><strong>Tel\u00e8fon: <\/strong>625.26.46.06 de <strong>DL a DV de 9.30 a 12.30h<\/strong><\/p>\n\n\n\n<p class=\"has-medium-font-size\"><br><strong>Correu postal: <\/strong>Coordinadora Contra la Marginaci\u00f3 C\/Garraf s\/n.<br>08940 Cornell\u00e0 de Llobregat (Barcelona)<\/p>\n\n\n\n<p class=\"has-medium-font-size\"><br><strong>Correu electr\u00f2nic: secretaria@coordinadoracm.org<\/strong><\/p>\n","protected":false},"excerpt":{"rendered":"<p>1.QUI SOM? Som una entitat de voluntariat que porta m\u00e9s 35 anys acompanyant persones en privaci\u00f3 de llibertat, tant en situaci\u00f3 de preventiu com en situaci\u00f3 de condemnats. Facilitem un espai a l\u2019entitat de suport i recolzament familiar, orientaci\u00f3 i assessorament sobre tem\u00e0tica penitenciaria i jur\u00eddica. 2.QU\u00c8 FEM? UN COP AL MES, fem visites a [&hellip;]<\/p>\n","protected":false},"author":209,"featured_media":835,"parent":0,"menu_order":0,"comment_status":"closed","ping_status":"closed","template":"","meta":{"footnotes":""},"class_list":["post-909","page","type-page","status-publish","has-post-thumbnail","czr-hentry"],"_links":{"self":[{"href":"https:\/\/bloc.xarxa-omnia.org\/cpquatrecamins\/wp-json\/wp\/v2\/pages\/909","targetHints":{"allow":["GET"]}}],"collection":[{"href":"https:\/\/bloc.xarxa-omnia.org\/cpquatrecamins\/wp-json\/wp\/v2\/pages"}],"about":[{"href":"https:\/\/bloc.xarxa-omnia.org\/cpquatrecamins\/wp-json\/wp\/v2\/types\/page"}],"author":[{"embeddable":true,"href":"https:\/\/bloc.xarxa-omnia.org\/cpquatrecamins\/wp-json\/wp\/v2\/users\/209"}],"replies":[{"embeddable":true,"href":"https:\/\/bloc.xarxa-omnia.org\/cpquatrecamins\/wp-json\/wp\/v2\/comments?post=909"}],"version-history":[{"count":1,"href":"https:\/\/bloc.xarxa-omnia.org\/cpquatrecamins\/wp-json\/wp\/v2\/pages\/909\/revisions"}],"predecessor-version":[{"id":911,"href":"https:\/\/bloc.xarxa-omnia.org\/cpquatrecamins\/wp-json\/wp\/v2\/pages\/909\/revisions\/911"}],"wp:featuredmedia":[{"embeddable":true,"href":"https:\/\/bloc.xarxa-omnia.org\/cpquatrecamins\/wp-json\/wp\/v2\/media\/835"}],"wp:attachment":[{"href":"https:\/\/bloc.xarxa-omnia.org\/cpquatrecamins\/wp-json\/wp\/v2\/media?parent=909"}],"curies":[{"name":"wp","href":"https:\/\/api.w.org\/{rel}","templated":true}]}}