{"id":922,"date":"2024-06-11T11:36:57","date_gmt":"2024-06-11T09:36:57","guid":{"rendered":"https:\/\/bloc.xarxa-omnia.org\/cpquatrecamins\/?page_id=922"},"modified":"2024-06-11T11:36:58","modified_gmt":"2024-06-11T09:36:58","slug":"projecte-recommit","status":"publish","type":"page","link":"https:\/\/bloc.xarxa-omnia.org\/cpquatrecamins\/projecte-recommit\/","title":{"rendered":"PROJECTE RECOMMIT"},"content":{"rendered":"\n<figure class=\"wp-block-image size-full\"><img loading=\"lazy\" decoding=\"async\" width=\"150\" height=\"160\" src=\"http:\/\/bloc.xarxa-omnia.org\/cpquatrecamins\/files\/2024\/03\/recommit.png\" alt=\"\" class=\"wp-image-501\" \/><\/figure>\n\n\n\n<p class=\"has-large-font-size\">Hem acabat el projecte despr\u00e9s de 10 sessions<\/p>\n\n\n\n<p><\/p>\n\n\n\n<p class=\"has-medium-font-size\">Ahir dia 10 de juny del 2024 vam acabar a l&#8217;espai el <strong>Projecte&nbsp;Recommit.<\/strong><\/p>\n\n\n\n<p class=\"has-medium-font-size\">Un projecte que ha sigut \u00fatil per a tractar temes diversos, veure les nostres virtuts personals i defectes i sobretot aprendre a fer servir el vocabulari, valors per a una vida en societat.<\/p>\n\n\n<div class=\"wp-block-image\">\n<figure class=\"alignright size-full is-resized\"><img loading=\"lazy\" decoding=\"async\" src=\"http:\/\/bloc.xarxa-omnia.org\/cpquatrecamins\/files\/2024\/04\/Mapa-Valors.jpg\" alt=\"\" class=\"wp-image-597\" style=\"width:399px;height:224px\" width=\"399\" height=\"224\" \/><\/figure><\/div>\n\n\n<p class=\"has-medium-font-size\">El projecte&nbsp;Recommit&nbsp;va ser creat per a facilitar la comunicaci\u00f3 interpersonal i afavorir tamb\u00e9 en la reinserci\u00f3 de tots qui som a pres\u00f3 a trav\u00e9s de diferents activitats i sempre pensant a fer-ho a trav\u00e9s de maneres did\u00e0ctiques com ho \u00e9s la Realitat Virtual, que v\u00e0rem poder tastar una mica del que es tractava i vam poder fer servir les ulleres virtuals i el programa per a la RV Oculus Quest.<\/p>\n\n\n\n<p class=\"has-medium-font-size\">Una nova manera d&#8217;aprendre i con\u00e8ixer a trav\u00e9s de les noves tecnologies, cosa que feien les sessions m\u00e9s din\u00e0miques i practiques per a tots nosaltres, tamb\u00e9 cal dir que el programa est\u00e0 enfocat per a totes aquelles persones privades de llibertat.<\/p>\n\n\n\n<p><\/p>\n\n\n\n<p class=\"has-medium-font-size\">El <a rel=\"noreferrer noopener\" href=\"https:\/\/recommit-project.eu\/es\/\" target=\"_blank\">Projecte\u00a0Recommit<\/a>\u00a0el vam comen\u00e7ar a escoltar per part de la dinamitzadora a principis de curs quan ens va comentar que s&#8217;havia proposat fer un projecte amb ulleres de realitat virtual en alguns centres Penitenciaris i altres entitats de la Uni\u00f3 Europea enfocades en la reintegraci\u00f3 social de gent que ha estat fora de la societat pel motiu que sigui.<\/p>\n\n\n\n<div class=\"wp-block-group has-small-font-size\"><div class=\"wp-block-group__inner-container is-layout-constrained wp-block-group-is-layout-constrained\">\n<figure class=\"wp-block-gallery has-nested-images columns-default is-cropped wp-block-gallery-1 is-layout-flex wp-block-gallery-is-layout-flex\">\n<figure class=\"wp-block-image size-large\"><img loading=\"lazy\" decoding=\"async\" width=\"1414\" height=\"2000\" src=\"https:\/\/bloc.xarxa-omnia.org\/cpquatrecamins\/files\/2024\/04\/4.jpg\" alt=\"\" class=\"wp-image-599\" \/><\/figure>\n\n\n\n<figure class=\"wp-block-image size-large\"><img loading=\"lazy\" decoding=\"async\" width=\"1414\" height=\"2000\" src=\"https:\/\/bloc.xarxa-omnia.org\/cpquatrecamins\/files\/2024\/04\/2.jpg\" alt=\"\" class=\"wp-image-600\" \/><\/figure>\n<\/figure>\n<\/div><\/div>\n\n\n\n<p class=\"has-medium-font-size\">En aquest cas els participants s\u00f3n de Xipre, Gr\u00e8cia, Romania i Espanya i el projecte t\u00e9 una durada aproximada de vint-i-quatre mesos.<\/p>\n\n\n\n<p class=\"has-medium-font-size\">El projecte serveix per a millorar el benestar personal, la relaci\u00f3 amb els altres i aconseguir tamb\u00e9 que a l&#8217;hora de sortir al mercat laboral s&#8217;aconsegueixin treballs de llarga duraci\u00f3 i dignes, com qualsevol altra persona.<\/p>\n\n\n\n<p class=\"has-medium-font-size\">Aqu\u00ed hi tenim un petit recull de les diferents activitats que hem fet durant les diverses sessions a trav\u00e9s del programa en l\u00ednia <strong>Canva<\/strong>. Tamb\u00e9 hem fet servir el <strong>Kahoot!<\/strong>, per a fer concursos de preguntes i respostes sobre els temes iactivitats tractades.<\/p>\n\n\n\n<p><\/p>\n\n\n<div class=\"wp-block-image\">\n<figure class=\"alignright size-full is-resized\"><img loading=\"lazy\" decoding=\"async\" src=\"https:\/\/bloc.xarxa-omnia.org\/cpquatrecamins\/files\/2024\/06\/3.jpg\" alt=\"\" class=\"wp-image-929\" style=\"width:466px;height:373px\" width=\"466\" height=\"373\" \/><\/figure><\/div>\n\n\n<p class=\"has-medium-font-size\">Despr\u00e9s d&#8217;haver acabat el projecte ens hem adonat que hem apr\u00e8s a gestionar les emocions, hem treballat tots junts i per sobre de tot hem volgut entendre el perqu\u00e8 d&#8217;haver&nbsp;actuat en molts casos d&#8217;una manera i ens sentim orgullosos d&#8217;haver apr\u00e8s i haver volgut entendre que els defectes els podem tornar en virtuts i el Projecte&nbsp;Recommit&nbsp;ens ha fet cr\u00e9ixer.<\/p>\n","protected":false},"excerpt":{"rendered":"<p>Hem acabat el projecte despr\u00e9s de 10 sessions Ahir dia 10 de juny del 2024 vam acabar a l&#8217;espai el Projecte&nbsp;Recommit. Un projecte que ha sigut \u00fatil per a tractar temes diversos, veure les nostres virtuts personals i defectes i sobretot aprendre a fer servir el vocabulari, valors per a una vida en societat. El [&hellip;]<\/p>\n","protected":false},"author":209,"featured_media":501,"parent":0,"menu_order":0,"comment_status":"closed","ping_status":"closed","template":"","meta":{"footnotes":""},"class_list":["post-922","page","type-page","status-publish","has-post-thumbnail","czr-hentry"],"_links":{"self":[{"href":"https:\/\/bloc.xarxa-omnia.org\/cpquatrecamins\/wp-json\/wp\/v2\/pages\/922","targetHints":{"allow":["GET"]}}],"collection":[{"href":"https:\/\/bloc.xarxa-omnia.org\/cpquatrecamins\/wp-json\/wp\/v2\/pages"}],"about":[{"href":"https:\/\/bloc.xarxa-omnia.org\/cpquatrecamins\/wp-json\/wp\/v2\/types\/page"}],"author":[{"embeddable":true,"href":"https:\/\/bloc.xarxa-omnia.org\/cpquatrecamins\/wp-json\/wp\/v2\/users\/209"}],"replies":[{"embeddable":true,"href":"https:\/\/bloc.xarxa-omnia.org\/cpquatrecamins\/wp-json\/wp\/v2\/comments?post=922"}],"version-history":[{"count":1,"href":"https:\/\/bloc.xarxa-omnia.org\/cpquatrecamins\/wp-json\/wp\/v2\/pages\/922\/revisions"}],"predecessor-version":[{"id":931,"href":"https:\/\/bloc.xarxa-omnia.org\/cpquatrecamins\/wp-json\/wp\/v2\/pages\/922\/revisions\/931"}],"wp:featuredmedia":[{"embeddable":true,"href":"https:\/\/bloc.xarxa-omnia.org\/cpquatrecamins\/wp-json\/wp\/v2\/media\/501"}],"wp:attachment":[{"href":"https:\/\/bloc.xarxa-omnia.org\/cpquatrecamins\/wp-json\/wp\/v2\/media?parent=922"}],"curies":[{"name":"wp","href":"https:\/\/api.w.org\/{rel}","templated":true}]}}