{"id":943,"date":"2024-06-21T10:48:50","date_gmt":"2024-06-21T08:48:50","guid":{"rendered":"https:\/\/bloc.xarxa-omnia.org\/cpquatrecamins\/?page_id=943"},"modified":"2024-06-27T10:18:14","modified_gmt":"2024-06-27T08:18:14","slug":"el-petit-pont-la-nova-revista-per-els-mes-menuts","status":"publish","type":"page","link":"https:\/\/bloc.xarxa-omnia.org\/cpquatrecamins\/el-petit-pont-la-nova-revista-per-els-mes-menuts\/","title":{"rendered":"EL PETIT PONT, la nova Revista !"},"content":{"rendered":"\n<p><\/p>\n\n\n\n<p class=\"has-large-font-size\">\u00b7 Els m\u00e9s petits ja tenen el seu espai per aprendre!<\/p>\n\n\n\n<p><\/p>\n\n\n\n<p><\/p>\n\n\n\n<p class=\"has-medium-font-size\">Per als m\u00e9s menuts tamb\u00e9 hi dediquem temps.<\/p>\n\n\n\n<p class=\"has-medium-font-size\">Les futures generacions volem que tinguin un futur i una infantesa adequada, per aix\u00f2 vam dur a terme la creaci\u00f3 d&#8217;un llibre per a infants, cosa que fa que aprenguin d&#8217;una manera r\u00e0pida, efica\u00e7 i senzilla.<\/p>\n\n\n\n<p class=\"has-medium-font-size\">En el conte hi podem trobar sopes de lletres, relats infantils amb un objectiu did\u00e0ctic de fomentar valors, petits jocs per a fer pensar i d&#8217;altres per a passar l&#8217;estona com amb la papirofl\u00e8xia.<\/p>\n\n\n\n<div class=\"alignwide\"><div id=\"metaslider-id-944\" style=\"max-width: 300px; margin: 0 auto;\" class=\"ml-slider-3-106-0 metaslider metaslider-responsive metaslider-944 ml-slider ms-theme-default\" role=\"region\" aria-label=\"revista el pont\" data-height=\"145\" data-width=\"300\">\n    <div id=\"metaslider_container_944\">\n        <ul id='metaslider_944' class='rslides'>\n            <li aria-roledescription='slide' aria-labelledby='slide-0'><img loading=\"lazy\" decoding=\"async\" src=\"https:\/\/bloc.xarxa-omnia.org\/cpquatrecamins\/files\/2024\/06\/Portada-300x145.jpg\" height=\"145\" width=\"300\" alt=\"\" class=\"slider-944 slide-1012 msDefaultImage\" title=\"Portada\" \/><\/li>\n            <li style='display: none;' aria-roledescription='slide' aria-labelledby='slide-1'><img loading=\"lazy\" decoding=\"async\" src=\"https:\/\/bloc.xarxa-omnia.org\/cpquatrecamins\/files\/2024\/06\/Indice-300x145.jpg\" height=\"145\" width=\"300\" alt=\"\" class=\"slider-944 slide-1013 msDefaultImage\" title=\"Indice\" \/><\/li>\n            <li style='display: none;' aria-roledescription='slide' aria-labelledby='slide-2'><img loading=\"lazy\" decoding=\"async\" src=\"https:\/\/bloc.xarxa-omnia.org\/cpquatrecamins\/files\/2024\/06\/Lectura-infantil_-_Momo-y-Cirilo_-La-busqueda-de-un-Cirilo-reboltoso-300x145.jpg\" height=\"145\" width=\"300\" alt=\"\" class=\"slider-944 slide-1014 msDefaultImage\" title=\"Lectura infantil_ _Momo y Cirilo_ La busqueda de un Cirilo reboltoso\" \/><\/li>\n            <li style='display: none;' aria-roledescription='slide' aria-labelledby='slide-3'><img loading=\"lazy\" decoding=\"async\" src=\"https:\/\/bloc.xarxa-omnia.org\/cpquatrecamins\/files\/2024\/06\/Laberinto-300x145.jpg\" height=\"145\" width=\"300\" alt=\"\" class=\"slider-944 slide-1015 msDefaultImage\" title=\"Laberinto\" \/><\/li>\n            <li style='display: none;' aria-roledescription='slide' aria-labelledby='slide-4'><img loading=\"lazy\" decoding=\"async\" src=\"https:\/\/bloc.xarxa-omnia.org\/cpquatrecamins\/files\/2024\/06\/Adivinanzas-300x145.jpg\" height=\"145\" width=\"300\" alt=\"\" class=\"slider-944 slide-1016 msDefaultImage\" title=\"Adivinanzas\" \/><\/li>\n            <li style='display: none;' aria-roledescription='slide' aria-labelledby='slide-5'><img loading=\"lazy\" decoding=\"async\" src=\"https:\/\/bloc.xarxa-omnia.org\/cpquatrecamins\/files\/2024\/06\/Papiroplixia-300x145.jpg\" height=\"145\" width=\"300\" alt=\"\" class=\"slider-944 slide-1017 msDefaultImage\" title=\"Papiroplixia\" \/><\/li>\n            <li style='display: none;' aria-roledescription='slide' aria-labelledby='slide-6'><img loading=\"lazy\" decoding=\"async\" src=\"https:\/\/bloc.xarxa-omnia.org\/cpquatrecamins\/files\/2024\/06\/Sigue-los-numeros-300x145.jpg\" height=\"145\" width=\"300\" alt=\"\" class=\"slider-944 slide-1018 msDefaultImage\" title=\"Sigue los n\u00fameros\" \/><\/li>\n            <li style='display: none;' aria-roledescription='slide' aria-labelledby='slide-7'><img loading=\"lazy\" decoding=\"async\" src=\"https:\/\/bloc.xarxa-omnia.org\/cpquatrecamins\/files\/2024\/06\/Chistes-300x145.jpg\" height=\"145\" width=\"300\" alt=\"\" class=\"slider-944 slide-1019 msDefaultImage\" title=\"Chistes\" \/><\/li>\n            <li style='display: none;' aria-roledescription='slide' aria-labelledby='slide-8'><img loading=\"lazy\" decoding=\"async\" src=\"https:\/\/bloc.xarxa-omnia.org\/cpquatrecamins\/files\/2024\/06\/Dibugrama-300x145.jpg\" height=\"145\" width=\"300\" alt=\"\" class=\"slider-944 slide-1020 msDefaultImage\" title=\"Dibugrama\" \/><\/li>\n            <li style='display: none;' aria-roledescription='slide' aria-labelledby='slide-9'><img loading=\"lazy\" decoding=\"async\" src=\"https:\/\/bloc.xarxa-omnia.org\/cpquatrecamins\/files\/2024\/06\/Sopa-de-letras-300x145.jpg\" height=\"145\" width=\"300\" alt=\"\" class=\"slider-944 slide-1021 msDefaultImage\" title=\"Sopa de letras\" \/><\/li>\n            <li style='display: none;' aria-roledescription='slide' aria-labelledby='slide-10'><img loading=\"lazy\" decoding=\"async\" src=\"https:\/\/bloc.xarxa-omnia.org\/cpquatrecamins\/files\/2024\/06\/Pocoyo-300x145.jpg\" height=\"145\" width=\"300\" alt=\"\" class=\"slider-944 slide-1022 msDefaultImage\" title=\"Pocoyo\" \/><\/li>\n            <li style='display: none;' aria-roledescription='slide' aria-labelledby='slide-11'><img loading=\"lazy\" decoding=\"async\" src=\"https:\/\/bloc.xarxa-omnia.org\/cpquatrecamins\/files\/2024\/06\/13-300x145.jpg\" height=\"145\" width=\"300\" alt=\"\" class=\"slider-944 slide-1023 msDefaultImage\" title=\"13\" \/><\/li>\n            <li style='display: none;' aria-roledescription='slide' aria-labelledby='slide-12'><img loading=\"lazy\" decoding=\"async\" src=\"https:\/\/bloc.xarxa-omnia.org\/cpquatrecamins\/files\/2024\/06\/Colorea-a-Pocoyo-300x145.jpg\" height=\"145\" width=\"300\" alt=\"\" class=\"slider-944 slide-1024 msDefaultImage\" title=\"Colorea a Pocoyo\" \/><\/li>\n            <li style='display: none;' aria-roledescription='slide' aria-labelledby='slide-13'><img loading=\"lazy\" decoding=\"async\" src=\"https:\/\/bloc.xarxa-omnia.org\/cpquatrecamins\/files\/2024\/06\/18-300x145.jpg\" height=\"145\" width=\"300\" alt=\"\" class=\"slider-944 slide-1025 msDefaultImage\" title=\"18\" \/><\/li>\n            <li style='display: none;' aria-roledescription='slide' aria-labelledby='slide-14'><img loading=\"lazy\" decoding=\"async\" src=\"https:\/\/bloc.xarxa-omnia.org\/cpquatrecamins\/files\/2024\/06\/15-300x145.jpg\" height=\"145\" width=\"300\" alt=\"\" class=\"slider-944 slide-1026 msDefaultImage\" title=\"15\" \/><\/li>\n            <li style='display: none;' aria-roledescription='slide' aria-labelledby='slide-15'><img loading=\"lazy\" decoding=\"async\" src=\"https:\/\/bloc.xarxa-omnia.org\/cpquatrecamins\/files\/2024\/06\/16-300x145.jpg\" height=\"145\" width=\"300\" alt=\"\" class=\"slider-944 slide-1027 msDefaultImage\" title=\"16\" \/><\/li>\n            <li style='display: none;' aria-roledescription='slide' aria-labelledby='slide-16'><img loading=\"lazy\" decoding=\"async\" src=\"https:\/\/bloc.xarxa-omnia.org\/cpquatrecamins\/files\/2024\/06\/17-300x145.jpg\" height=\"145\" width=\"300\" alt=\"\" class=\"slider-944 slide-1028 msDefaultImage\" title=\"17\" \/><\/li>\n            <li style='display: none;' aria-roledescription='slide' aria-labelledby='slide-17'><img loading=\"lazy\" decoding=\"async\" src=\"https:\/\/bloc.xarxa-omnia.org\/cpquatrecamins\/files\/2024\/06\/20-300x145.jpg\" height=\"145\" width=\"300\" alt=\"\" class=\"slider-944 slide-1029 msDefaultImage\" title=\"20\" \/><\/li>\n        <\/ul>\n        \n    <\/div>\n<\/div><\/div>\n\n\n\n<p class=\"has-medium-font-size\">Aquests tipus de contes van b\u00e9 i ajuden a totes les persones petites a fer alguna cosa m\u00e9s enll\u00e0 que veure la televisi\u00f3 o estar amb el m\u00f2bil, d&#8217;aquesta manera m\u00e9s sana, m\u00e9s creativa els hi pot ser m\u00e9s \u00fatil en el futur que altres tipus de contes i activitats on els valors i la responsabilitat no hi surten tant.<\/p>\n\n\n\n<p class=\"has-medium-font-size\">Aqu\u00ed dins molts de nosaltres tenim filles i fills, nebots i nebodes, i dur a terme aquest petit conte ens ha fet voler saber m\u00e9s de la crian\u00e7a i com creixen els m\u00e9s petits, aix\u00f2 ha fet que la nostra implicaci\u00f3 i dedicaci\u00f3 hagi sigut molt positiva com tamb\u00e9 la lli\u00e7\u00f3 apresa.<\/p>\n\n\n\n<p class=\"has-medium-font-size\">Llibres d&#8217;aquest tipus enfocats als lectors m\u00e9s petits i aix\u00f2 els fa passar l&#8217;estona aprenent, cosa que posteriorment amb els anys agraeixen ja que poden ficar en pr\u00e0ctica.<\/p>\n\n\n\n<p class=\"has-medium-font-size\">M\u00e9s projectes d&#8217;aquestes magnituds estaria b\u00e9 que tamb\u00e9 poguessin sortir a editorial, ara per ara la feina feta \u00e9s la millor que hem sabut fer. Esperem i desitgem que agradi tant com a nosaltres haver-la fet pensant en els petits de cada casa i la oportunitat que aquest llibre ofereix.<\/p>\n","protected":false},"excerpt":{"rendered":"<p>\u00b7 Els m\u00e9s petits ja tenen el seu espai per aprendre! Per als m\u00e9s menuts tamb\u00e9 hi dediquem temps. Les futures generacions volem que tinguin un futur i una infantesa adequada, per aix\u00f2 vam dur a terme la creaci\u00f3 d&#8217;un llibre per a infants, cosa que fa que aprenguin d&#8217;una manera r\u00e0pida, efica\u00e7 i senzilla. [&hellip;]<\/p>\n","protected":false},"author":209,"featured_media":963,"parent":0,"menu_order":0,"comment_status":"open","ping_status":"closed","template":"","meta":{"footnotes":""},"class_list":["post-943","page","type-page","status-publish","has-post-thumbnail","czr-hentry"],"_links":{"self":[{"href":"https:\/\/bloc.xarxa-omnia.org\/cpquatrecamins\/wp-json\/wp\/v2\/pages\/943","targetHints":{"allow":["GET"]}}],"collection":[{"href":"https:\/\/bloc.xarxa-omnia.org\/cpquatrecamins\/wp-json\/wp\/v2\/pages"}],"about":[{"href":"https:\/\/bloc.xarxa-omnia.org\/cpquatrecamins\/wp-json\/wp\/v2\/types\/page"}],"author":[{"embeddable":true,"href":"https:\/\/bloc.xarxa-omnia.org\/cpquatrecamins\/wp-json\/wp\/v2\/users\/209"}],"replies":[{"embeddable":true,"href":"https:\/\/bloc.xarxa-omnia.org\/cpquatrecamins\/wp-json\/wp\/v2\/comments?post=943"}],"version-history":[{"count":7,"href":"https:\/\/bloc.xarxa-omnia.org\/cpquatrecamins\/wp-json\/wp\/v2\/pages\/943\/revisions"}],"predecessor-version":[{"id":1239,"href":"https:\/\/bloc.xarxa-omnia.org\/cpquatrecamins\/wp-json\/wp\/v2\/pages\/943\/revisions\/1239"}],"wp:featuredmedia":[{"embeddable":true,"href":"https:\/\/bloc.xarxa-omnia.org\/cpquatrecamins\/wp-json\/wp\/v2\/media\/963"}],"wp:attachment":[{"href":"https:\/\/bloc.xarxa-omnia.org\/cpquatrecamins\/wp-json\/wp\/v2\/media?parent=943"}],"curies":[{"name":"wp","href":"https:\/\/api.w.org\/{rel}","templated":true}]}}