{"id":26,"date":"2008-04-14T13:00:56","date_gmt":"2008-04-14T11:00:56","guid":{"rendered":"http:\/\/blog.xarxa-omnia.org\/diatreballador\/inici\/"},"modified":"2008-04-14T17:19:00","modified_gmt":"2008-04-14T15:19:00","slug":"inici","status":"publish","type":"page","link":"https:\/\/bloc.xarxa-omnia.org\/diatreballador\/","title":{"rendered":"Introducci\u00f3"},"content":{"rendered":"<p align=\"center\">\u201c<font face=\"Verdana, sans-serif\"><font size=\"2\"><em>Un dia de rebel\u00b7li\u00f3, no de descans! Un dia no ordenat per les veus de les institucions que tenen encadenat el m\u00f3n del treballador. Un dia en que el treballador fa les seves pr\u00f2pies lleis i t\u00e9 el poder d&#8217;executar-les! (&#8230;) Un dia de protesta contra l&#8217;opressi\u00f3 i la tirania, contra la ignor\u00e0ncia i la guerra de tot tipus. Un dia per comen\u00e7ar a gaudir de <strong>vuit hores de treball, vuit hores de descans i vuit hores per fer el que ens doni la gana!<\/strong>\u201d.<\/em><\/font><\/font><\/p>\n<p align=\"center\"><a href=\"http:\/\/blog.xarxa-omnia.org\/diatreballador\/files\/2008\/04\/portada.jpg\" title=\"Portada_treball\"><img loading=\"lazy\" decoding=\"async\" src=\"http:\/\/blog.xarxa-omnia.org\/diatreballador\/files\/2008\/04\/portada.jpg\" alt=\"Portada_treball\" height=\"296\" width=\"313\" \/><\/a><\/p>\n<p align=\"left\">&nbsp;<\/p>\n<p align=\"left\"><font face=\"Verdana, sans-serif\"><font size=\"2\">L&#8217;activitat de la Xarxa \u00d2mnia pel dia del treballador et proposa:<\/font><\/font><\/p>\n<p align=\"left\"><font face=\"Verdana, sans-serif\"><font size=\"2\">&#8211; Rec\u00f3rrer diferents p\u00e0gines web per descobrir els <a href=\"http:\/\/blog.xarxa-omnia.org\/diatreballador\/origens\/\">Or\u00edgens<\/a> de la Festa del Treballador.<\/font><\/font><\/p>\n<p><font face=\"Verdana, sans-serif\"><font size=\"2\">&#8211; Un grapat de <a href=\"http:\/\/blog.xarxa-omnia.org\/diatreballador\/jocs-i-passatemps\/\" title=\"Passatemps\">Jocs i Passatemps<\/a> per posar a prova la teva mem\u00f2ria sobre el que haur\u00e0s llegit a la secci\u00f3 Or\u00edgens<\/font><\/font><\/p>\n<p><font face=\"Verdana, sans-serif\"><font size=\"2\">&#8211; L&#8217;apartat <a href=\"http:\/\/blog.xarxa-omnia.org\/diatreballador\/category\/la-meva-feina-es\/\">I tu, de qu\u00e8 treballes?<\/a> ens servir\u00e0 per recollir les feines que fem, o que ens agradaria fer, als usuaris i usu\u00e0ries de la Xarxa \u00d2mnia. Nom\u00e9s cal que segueixis les <a href=\"http:\/\/blog.xarxa-omnia.org\/diatreballador\/instruccions-per-participar\/\">Instruccions per participar<\/a>, que et permetran pujar al blog una imatge, fotografia, text, etc, sobre la teva feina (o la dels teus somnis).<\/font><\/font><\/p>\n<p align=\"left\"> <font face=\"Verdana, sans-serif\"><font size=\"2\">Apunt? Doncs ja pots visitar la secci\u00f3 <a href=\"http:\/\/blog.xarxa-omnia.org\/diatreballador\/origens\/\">Or\u00edgens<\/a>! <\/font><\/font><\/p>\n","protected":false},"excerpt":{"rendered":"<p>\u201cUn dia de rebel\u00b7li\u00f3, no de descans! Un dia no ordenat per les veus de les institucions que tenen encadenat el m\u00f3n del treballador. Un dia en que el treballador fa les seves pr\u00f2pies lleis i t\u00e9 el poder d&#8217;executar-les! (&#8230;) Un dia de protesta contra l&#8217;opressi\u00f3 i la tirania, contra la ignor\u00e0ncia i la [&hellip;]<\/p>\n","protected":false},"author":61,"featured_media":0,"parent":0,"menu_order":0,"comment_status":"closed","ping_status":"closed","template":"","meta":{"ngg_post_thumbnail":0,"footnotes":""},"class_list":["post-26","page","type-page","status-publish","hentry"],"_links":{"self":[{"href":"https:\/\/bloc.xarxa-omnia.org\/diatreballador\/wp-json\/wp\/v2\/pages\/26","targetHints":{"allow":["GET"]}}],"collection":[{"href":"https:\/\/bloc.xarxa-omnia.org\/diatreballador\/wp-json\/wp\/v2\/pages"}],"about":[{"href":"https:\/\/bloc.xarxa-omnia.org\/diatreballador\/wp-json\/wp\/v2\/types\/page"}],"author":[{"embeddable":true,"href":"https:\/\/bloc.xarxa-omnia.org\/diatreballador\/wp-json\/wp\/v2\/users\/61"}],"replies":[{"embeddable":true,"href":"https:\/\/bloc.xarxa-omnia.org\/diatreballador\/wp-json\/wp\/v2\/comments?post=26"}],"version-history":[{"count":0,"href":"https:\/\/bloc.xarxa-omnia.org\/diatreballador\/wp-json\/wp\/v2\/pages\/26\/revisions"}],"wp:attachment":[{"href":"https:\/\/bloc.xarxa-omnia.org\/diatreballador\/wp-json\/wp\/v2\/media?parent=26"}],"curies":[{"name":"wp","href":"https:\/\/api.w.org\/{rel}","templated":true}]}}