{"id":8,"date":"2008-04-03T17:55:32","date_gmt":"2008-04-03T15:55:32","guid":{"rendered":"http:\/\/blog.xarxa-omnia.org\/diatreballador\/origens\/"},"modified":"2008-04-15T14:58:26","modified_gmt":"2008-04-15T12:58:26","slug":"origens","status":"publish","type":"page","link":"https:\/\/bloc.xarxa-omnia.org\/diatreballador\/origens\/","title":{"rendered":"Or\u00edgens"},"content":{"rendered":"<p><font face=\"Verdana, sans-serif\"><font size=\"2\">&#8220;<em>Vuit hores per treballar, vuit hores per descansar i vuit hores de lleure<\/em>&#8221; va ser el principal lema defensat en el text que va  rec\u00f3rrer l&#8217;any 1885 per les files dels tre<\/font><\/font><font face=\"Verdana, sans-serif\"><font size=\"2\">balladors obrers dels EUA: era una crida per defensar els seus drets realitzant accions de tota mena l&#8217;1 de maig de 1886. Aqu\u00ed van comen\u00e7ar una s\u00e8rie de fets que tindran un desenlla\u00e7 que marc\u00e0 la hist\u00f2ria del moviment obrer, i tamb\u00e9 la nostra, ja que encara avui en dia celebrem aquest<strong> primer de maig<\/strong>,<strong> el dia del treballador.<\/strong><\/font><\/font><\/p>\n<p align=\"center\"><em><font face=\"Verdana, sans-serif\"><font size=\"2\">Per\u00f2 realment sabem qu\u00e8 va passar?<\/font><\/font><\/em><\/p>\n<p align=\"center\"><em><font face=\"Verdana, sans-serif\"><font size=\"2\">Qui van ser els protagonistes de la revolta?<\/font><\/font><\/em><\/p>\n<p align=\"center\"><em><font face=\"Verdana, sans-serif\"><font size=\"2\">Quines conseq\u00fc\u00e8ncies va tenir?<\/font><\/font><\/em><\/p>\n<p><font face=\"Verdana\"><font size=\"2\">Et proposem un viatge en el temps per aclarir aquestes preguntes. Aqu\u00ed tens algunes p\u00e0gines on trobar\u00e0s m\u00e9s informaci\u00f3:<\/font><\/font><\/p>\n<p><font face=\"Verdana\"><font size=\"2\"> <\/font><\/font><\/p>\n<ul>    <font face=\"Verdana\"><\/font> <font face=\"Verdana\"><font size=\"2\"><\/p>\n<li><a href=\"http:\/\/www.racocatala.cat\/forum\/llegir.php?idf=7&amp;fil=8586\">El rac\u00f3 catal\u00e0<\/a><\/li>\n<li><a href=\"http:\/\/barcelona.indymedia.org\/newswire\/display\/302205\/index.php\">Indymedia<\/a><\/li>\n<li><a href=\"http:\/\/elblocdelescienciessocials.bloc.cat\/category\/6308\/14541\">El bloc de les ciencies socials<\/a><\/li>\n<li><a href=\"http:\/\/es.wikipedia.org\/wiki\/D%C3%ADa_Internacional_de_los_Trabajadores\">Wikipedia: Dia internacional dels treballadors<\/a><\/li>\n<li><a href=\"http:\/\/es.wikipedia.org\/wiki\/Revuelta_de_Haymarket#Las_condenas\">Wikipedia: Revolta de Haymarket<\/a><\/li>\n<p><\/font><\/font><\/ul>\n<p><font face=\"Verdana\"><font size=\"2\">En aquests enlla\u00e7os trobar\u00e0s totes les respostes per fer els <strong><a href=\"http:\/\/blog.xarxa-omnia.org\/diatreballador\/jocs-i-passatemps\/\" title=\"jocs i passatemps\">jocs i passatemps<\/a><\/strong> que trobar\u00e0s a la seg\u00fcent secci\u00f3.<\/font><\/font><\/p>\n","protected":false},"excerpt":{"rendered":"<p>&#8220;Vuit hores per treballar, vuit hores per descansar i vuit hores de lleure&#8221; va ser el principal lema defensat en el text que va rec\u00f3rrer l&#8217;any 1885 per les files dels treballadors obrers dels EUA: era una crida per defensar els seus drets realitzant accions de tota mena l&#8217;1 de maig de 1886. Aqu\u00ed van [&hellip;]<\/p>\n","protected":false},"author":61,"featured_media":0,"parent":0,"menu_order":1,"comment_status":"closed","ping_status":"closed","template":"","meta":{"ngg_post_thumbnail":0,"footnotes":""},"class_list":["post-8","page","type-page","status-publish","hentry"],"_links":{"self":[{"href":"https:\/\/bloc.xarxa-omnia.org\/diatreballador\/wp-json\/wp\/v2\/pages\/8","targetHints":{"allow":["GET"]}}],"collection":[{"href":"https:\/\/bloc.xarxa-omnia.org\/diatreballador\/wp-json\/wp\/v2\/pages"}],"about":[{"href":"https:\/\/bloc.xarxa-omnia.org\/diatreballador\/wp-json\/wp\/v2\/types\/page"}],"author":[{"embeddable":true,"href":"https:\/\/bloc.xarxa-omnia.org\/diatreballador\/wp-json\/wp\/v2\/users\/61"}],"replies":[{"embeddable":true,"href":"https:\/\/bloc.xarxa-omnia.org\/diatreballador\/wp-json\/wp\/v2\/comments?post=8"}],"version-history":[{"count":0,"href":"https:\/\/bloc.xarxa-omnia.org\/diatreballador\/wp-json\/wp\/v2\/pages\/8\/revisions"}],"wp:attachment":[{"href":"https:\/\/bloc.xarxa-omnia.org\/diatreballador\/wp-json\/wp\/v2\/media?parent=8"}],"curies":[{"name":"wp","href":"https:\/\/api.w.org\/{rel}","templated":true}]}}