{"id":11,"date":"2011-02-18T13:00:05","date_gmt":"2011-02-18T11:00:05","guid":{"rendered":"http:\/\/xarxaomnia.gencat.cat\/blocs\/donesendirecte\/?page_id=11"},"modified":"2011-03-08T18:59:11","modified_gmt":"2011-03-08T16:59:11","slug":"ajuda","status":"publish","type":"page","link":"https:\/\/bloc.xarxa-omnia.org\/donesendirecte\/ajuda\/","title":{"rendered":"Ajuda"},"content":{"rendered":"<h3><span style=\"color: #800080;\"><strong>Tutorials<\/strong><\/span><\/h3>\n<p>Aquest videotutorial explica com emetre via Ustream:<\/p>\n<p><center><embed src=\"http:\/\/blip.tv\/play\/g9dOgqnTfQI\" type=\"application\/x-shockwave-flash\" width=\"500\" height=\"410\" allowscriptaccess=\"always\" allowfullscreen=\"true\"><\/embed><\/center><\/p>\n<p>Si necessiteu m\u00e9s ajuda en l&#8217;\u00fas del Twitter o del Ustream, consulteu els tutorials dels <a title=\"Activitat els \u00d2mnia en directe\" href=\"http:\/\/blog.xarxa-omnia.org\/endirecte\/\" target=\"_blank\">\u00d2mnia en directe<\/a>, es van crear per una altra activitat amb anterioritat, per\u00f2 de segur que us s\u00f3n \u00fatils!<\/p>\n<p style=\"text-align: center;\"><a href=\"http:\/\/blog.xarxa-omnia.org\/endirecte\/\"><img loading=\"lazy\" decoding=\"async\" class=\"size-full wp-image-82 aligncenter\" title=\"activitat_omniaendirecte\" src=\"http:\/\/blog.xarxa-omnia.org\/donesendirecte\/files\/2011\/02\/activitat_omniaendirecte.png\" alt=\"Captura de l'activitat &quot;en directe&quot;\" width=\"553\" height=\"286\" srcset=\"https:\/\/bloc.xarxa-omnia.org\/donesendirecte\/files\/2011\/02\/activitat_omniaendirecte.png 1021w, https:\/\/bloc.xarxa-omnia.org\/donesendirecte\/files\/2011\/02\/activitat_omniaendirecte-300x155.png 300w\" sizes=\"auto, (max-width: 553px) 100vw, 553px\" \/><\/a><\/p>\n<h3><span style=\"color: #800080;\"><strong>Idees<\/strong><\/span><\/h3>\n<p>Si necessiteu ajuda pensant activitats per aquest dia, no deixeu de preguntar els companys i companyes. Qu\u00e8 faran? Potser ho han explicat a la <a title=\"F\u00f2rum al ning sobre les activitats del dia de la dona\" href=\"http:\/\/comunitatomnia.ning.com\/group\/activitatsomnia\/forum\/topics\/dones-en-directe?xg_source=activity\" target=\"_blank\">comunitat Ning<\/a>.<\/p>\n<p>Algunes altres coses que es poden fer:<\/p>\n<ul>\n<li>Cerca de recursos espec\u00edfics per dones al vostre barri o poblaci\u00f3, despr\u00e9s es faria una presentaci\u00f3 dels mateixos amb el Ustream<\/li>\n<li>Retoc d&#8217;imatge amb fotos de dones i posar-les en un slideshow.<\/li>\n<li>Fer una entrada al vostre bloc sobre el dia de la dona, amb reflexions de les mateixes participants.<\/li>\n<li>Lectura de relats amb tem\u00e0tica de g\u00e8nere, a moltes entitats o ajuntament es convoquen concursos.<\/li>\n<li>Gravaci\u00f3 de v\u00eddeos curts on les dones puguin expressar algun record o inter\u00e8s. Els podeu editar i emetre&#8217;ls per Ustream.<\/li>\n<\/ul>\n<h3><span style=\"color: #800080;\"><strong>Contacte<\/strong><\/span><\/h3>\n<p>Si tot aix\u00f2 no ha funcionat, contacteu el\/la vostre\/a TTO o l&#8217;Oficina T\u00e8cnica (oficina(punt)tecnica(arrova)xarxa-omnia(punt)org<\/p>\n","protected":false},"excerpt":{"rendered":"<p>Tutorials Aquest videotutorial explica com emetre via Ustream: Si necessiteu m\u00e9s ajuda en l&#8217;\u00fas del Twitter o del Ustream, consulteu els tutorials dels \u00d2mnia en directe, es van crear per una altra activitat amb anterioritat, per\u00f2 de segur que us s\u00f3n \u00fatils! Idees Si necessiteu ajuda pensant activitats per aquest dia, no deixeu de preguntar&hellip;<\/p>\n","protected":false},"author":61,"featured_media":0,"parent":0,"menu_order":4,"comment_status":"closed","ping_status":"open","template":"","meta":{"footnotes":""},"class_list":["post-11","page","type-page","status-publish","hentry"],"_links":{"self":[{"href":"https:\/\/bloc.xarxa-omnia.org\/donesendirecte\/wp-json\/wp\/v2\/pages\/11","targetHints":{"allow":["GET"]}}],"collection":[{"href":"https:\/\/bloc.xarxa-omnia.org\/donesendirecte\/wp-json\/wp\/v2\/pages"}],"about":[{"href":"https:\/\/bloc.xarxa-omnia.org\/donesendirecte\/wp-json\/wp\/v2\/types\/page"}],"author":[{"embeddable":true,"href":"https:\/\/bloc.xarxa-omnia.org\/donesendirecte\/wp-json\/wp\/v2\/users\/61"}],"replies":[{"embeddable":true,"href":"https:\/\/bloc.xarxa-omnia.org\/donesendirecte\/wp-json\/wp\/v2\/comments?post=11"}],"version-history":[{"count":21,"href":"https:\/\/bloc.xarxa-omnia.org\/donesendirecte\/wp-json\/wp\/v2\/pages\/11\/revisions"}],"predecessor-version":[{"id":202,"href":"https:\/\/bloc.xarxa-omnia.org\/donesendirecte\/wp-json\/wp\/v2\/pages\/11\/revisions\/202"}],"wp:attachment":[{"href":"https:\/\/bloc.xarxa-omnia.org\/donesendirecte\/wp-json\/wp\/v2\/media?parent=11"}],"curies":[{"name":"wp","href":"https:\/\/api.w.org\/{rel}","templated":true}]}}