{"id":2,"date":"2011-02-18T09:21:52","date_gmt":"2011-02-18T07:21:52","guid":{"rendered":""},"modified":"2011-03-01T11:40:11","modified_gmt":"2011-03-01T09:40:11","slug":"about","status":"publish","type":"page","link":"https:\/\/bloc.xarxa-omnia.org\/donesendirecte\/","title":{"rendered":"Inici"},"content":{"rendered":"<p>El <strong>Jordi Rodr\u00edguez<\/strong>, dinamitzador del <a title=\"Fitxa del punt al web d'\u00d2mnia\" href=\"http:\/\/xarxa-omnia.org\/node\/380\" target=\"_blank\">Punt \u00d2mnia Associaci\u00f3 de Ve\u00efns de Campclar<\/a> i membre de la Comissi\u00f3 de la Dona de Campclar, feia temps que cercava alguna activitat per fer a l&#8217;\u00d2mnia el <strong>8 de mar\u00e7<\/strong>.<br \/>\n<a rel=\"attachment wp-att-153\" href=\"http:\/\/blog.xarxa-omnia.org\/donesendirecte\/about\/michell_brea_200px\/\"><img loading=\"lazy\" decoding=\"async\" class=\"alignleft size-full wp-image-153\" style=\"margin-right: 20px; width: 125px; height: 150px;\" title=\"michell_brea_200px\" src=\"http:\/\/blog.xarxa-omnia.org\/donesendirecte\/files\/2011\/02\/michell_brea_200px.jpg\" alt=\"Imatge derivada d'&quot;Open up...&quot;, Michelle Brea (2007)\" width=\"125\" height=\"150\" \/><\/a><\/p>\n<p>La idea inicial era una videoconfer\u00e8ncia entre punts, i aquesta s&#8217;ha transformat en la proposta de <strong>retransmissi\u00f3 en directe<\/strong> de les activitats dels \u00d2mnia per celebrar aquest dia, amb les dones com a protagonistes.<br \/>\n<\/p>\n<ul>\n<li>Far\u00e0s alguna activitat? <strong>Apunta&#8217;t<\/strong> a la <a title=\"P\u00e0gina amb la programaci\u00f3\" href=\"http:\/\/blog.xarxa-omnia.org\/donesendirecte\/programacio\/\" target=\"_blank\">graella de programaci\u00f3<\/a>.<\/li>\n<li>Durant el <strong>8 de mar\u00e7<\/strong>, seguir\u00e0s el que es vagi fent? Visita <a title=\"Dones en directe\" href=\"http:\/\/blog.xarxa-omnia.org\/donesendirecte\/els-directes\/\" target=\"_blank\">els directes!<\/a><\/li>\n<li>Necessites<strong> idees d&#8217;activitats<\/strong> o suport per utilitzar les eines? Consulta l&#8217;<a title=\"P\u00e0gina amb l'ajuda del bloc\" href=\"http:\/\/blog.xarxa-omnia.org\/donesendirecte\/ajuda\/\" target=\"_blank\">ajuda<\/a>.<\/li>\n<\/ul>\n","protected":false},"excerpt":{"rendered":"<p>El Jordi Rodr\u00edguez, dinamitzador del Punt \u00d2mnia Associaci\u00f3 de Ve\u00efns de Campclar i membre de la Comissi\u00f3 de la Dona de Campclar, feia temps que cercava alguna activitat per fer a l&#8217;\u00d2mnia el 8 de mar\u00e7. La idea inicial era una videoconfer\u00e8ncia entre punts, i aquesta s&#8217;ha transformat en la proposta de retransmissi\u00f3 en directe&hellip;<\/p>\n","protected":false},"author":61,"featured_media":0,"parent":0,"menu_order":1,"comment_status":"closed","ping_status":"open","template":"","meta":{"footnotes":""},"class_list":["post-2","page","type-page","status-publish","hentry"],"_links":{"self":[{"href":"https:\/\/bloc.xarxa-omnia.org\/donesendirecte\/wp-json\/wp\/v2\/pages\/2","targetHints":{"allow":["GET"]}}],"collection":[{"href":"https:\/\/bloc.xarxa-omnia.org\/donesendirecte\/wp-json\/wp\/v2\/pages"}],"about":[{"href":"https:\/\/bloc.xarxa-omnia.org\/donesendirecte\/wp-json\/wp\/v2\/types\/page"}],"author":[{"embeddable":true,"href":"https:\/\/bloc.xarxa-omnia.org\/donesendirecte\/wp-json\/wp\/v2\/users\/61"}],"replies":[{"embeddable":true,"href":"https:\/\/bloc.xarxa-omnia.org\/donesendirecte\/wp-json\/wp\/v2\/comments?post=2"}],"version-history":[{"count":78,"href":"https:\/\/bloc.xarxa-omnia.org\/donesendirecte\/wp-json\/wp\/v2\/pages\/2\/revisions"}],"predecessor-version":[{"id":169,"href":"https:\/\/bloc.xarxa-omnia.org\/donesendirecte\/wp-json\/wp\/v2\/pages\/2\/revisions\/169"}],"wp:attachment":[{"href":"https:\/\/bloc.xarxa-omnia.org\/donesendirecte\/wp-json\/wp\/v2\/media?parent=2"}],"curies":[{"name":"wp","href":"https:\/\/api.w.org\/{rel}","templated":true}]}}