{"id":6,"date":"2011-02-18T12:57:58","date_gmt":"2011-02-18T10:57:58","guid":{"rendered":"http:\/\/xarxaomnia.gencat.cat\/blocs\/donesendirecte\/?page_id=6"},"modified":"2011-03-08T14:10:56","modified_gmt":"2011-03-08T12:10:56","slug":"programacio","status":"publish","type":"page","link":"https:\/\/bloc.xarxa-omnia.org\/donesendirecte\/programacio\/","title":{"rendered":"Programaci\u00f3"},"content":{"rendered":"<p>Consulta la graella per veure la programaci\u00f3 del 8 de mar\u00e7, per incloure la teva activitat, parla amb l&#8217;Oficina T\u00e8cnica: oficina(punt)tecnica(arrova)xarxa-omnia(punt)org<\/p>\n<table style=\"text-align: left; width: 100%;\" border=\"0\" cellspacing=\"2\" cellpadding=\"2\">\n<tbody>\n<tr bgcolor=\"#c900fb\">\n<td style=\"vertical-align: top;\"><strong><span style=\"color: #ffffff;\">Hora<\/span><\/strong><\/td>\n<td style=\"vertical-align: top;\"><strong><span style=\"color: #ffffff;\">Punt \u00d2mnia<\/span><\/strong><\/td>\n<td style=\"vertical-align: top;\"><strong><span style=\"color: #ffffff;\">Activitat<\/span><\/strong><\/td>\n<\/tr>\n<tr>\n<td style=\"vertical-align: top; width: 15%;\">11:00 &#8211; 11:30<\/td>\n<td style=\"vertical-align: top; width: 35%;\"><a href=\"http:\/\/xarxa-omnia.org\/puntomniavalls\/\">Punt \u00d2mnia Valls<\/a><\/td>\n<td style=\"vertical-align: top;\">Mati, coordinadora del programa <strong>Dona Apr\u00e9n <\/strong>explica les activitats per la recerca de feina d&#8217;inform\u00e0tica a l&#8217;\u00d2mnia de Valls, les mateixes protagonistes expliquen el que fan.<\/td>\n<\/tr>\n<tr>\n<td style=\"vertical-align: top; width: 15%;\">12:00 &#8211; 12:30<\/td>\n<td style=\"vertical-align: top; width: 35%;\"><a title=\"Oficina de Dinamitzaci\u00f3 Comunit\u00e0ria\" href=\"..\/..\/odc\" target=\"_blank\">Oficina de Dinamitzaci\u00f3 Comunit\u00e0ria de Xarxa \u00d2mnia<\/a><\/td>\n<td style=\"vertical-align: top;\"><strong>Dones d&#8217;\u00d2mnia<\/strong>: connexi\u00f3 amb el Prat de Llobregat, des d&#8217;on l&#8217;Alba Felip, TTO de l&#8217;ODC, ens contar\u00e0 com ha anat el recull d&#8217;imatges i frases de dones participants i dinamitzadores de la Xarxa \u00d2mnia.<\/td>\n<\/tr>\n<tr bgcolor=\"#efefef\">\n<td style=\"vertical-align: top; width: 15%;\">13:30 -14:30<\/td>\n<td style=\"vertical-align: top; width: 35%;\"><a title=\"Punt \u00d2mnia fundaci\u00f3 Marianao\" href=\"http:\/\/xarxa-omnia.org\/node\/374\" target=\"_blank\">Punt \u00d2mnia Fundaci\u00f3 Marianao<\/a><\/td>\n<td style=\"vertical-align: top;\">L&#8217;<strong>Acte p\u00fablic<\/strong> a la Pla\u00e7a Joan Garcia Nieto  (just davant de la Fundaci\u00f3), amb la<strong> lectura d&#8217;un escrit i la llen\u00e7ada  de p\u00e8tals <\/strong>per a la commemoraci\u00f3. <strong>Altres activitats<\/strong> que es duran a terme a Marianao: A les 14:00 Dinar del SUMA (col\u00b7lectiu de dones\u00a0<a href=\"http:\/\/elblogdelsuma.blogspot.com\/\" target=\"_blank\">http:\/\/elblogdelsuma.blogspot.com\/<\/a>), al terrat. Obert a tots els participants del punt i de tots els projectes de la Fundaci\u00f3 i ve\u00efns i ve\u00efnes del barri.<\/p>\n<div>A  les 16:30 a Ciutat Cooperativa (el barri ve\u00ed) es realitzar\u00e0 l&#8217;ofrena  floral al monument a la dona treballadora davant la biblioteca <a href=\"http:\/\/ca.wikipedia.org\/wiki\/Maria_Aur%C3%A8lia_Capmany_i_Farn%C3%A9s\" target=\"_blank\">Maria Aur\u00e8lia Capmany<\/a>, aquest \u00e9s un acte que organitza l&#8217;Ajuntament per\u00f2 que com entitat hi participem.<\/div>\n<\/td>\n<\/tr>\n<tr>\n<td style=\"vertical-align: top; width: 15%;\">15:30 &#8211; 16:30<\/td>\n<td style=\"vertical-align: top; width: 35%;\"><a title=\"Fitxa del punt al web d'\u00d2mnia\" href=\"http:\/\/xarxa-omnia.org\/node\/386\" target=\"_blank\">Punt \u00d2mnia Montserrat &#8211; Terrassa<\/a><\/td>\n<td style=\"vertical-align: top;\">Connexi\u00f3 amb la inauguraci\u00f3 del <a title=\"Dones de Montserrat\" href=\"http:\/\/donesmontserrat.wordpress.com\/\" target=\"_blank\">Bloc Dona Activa del Barri de Montserrat<\/a> amb aportacions de les dones autores del mateix. El bloc tracta de les<strong> inquietuds<\/strong> de les <strong>dones de diferents \u00e8tnies<\/strong> que hi ha al barri, aix\u00ed com algunes\u00a0experi\u00e8ncies\u00a0despr\u00e9s de\u00a0dos anys de la creaci\u00f3 del <strong>projecte Dona Activa<\/strong>.<\/td>\n<\/tr>\n<tr bgcolor=\"#efefef\">\n<td style=\"vertical-align: top; width: 160px;\">17:00 &#8211; 18:00<\/td>\n<td style=\"vertical-align: top; width: 540px;\"><a title=\"Fitxa del punt al web d'\u00d2mnia\" href=\"http:\/\/xarxa-omnia.org\/node\/380\" target=\"_blank\">Punt \u00d2mnia AA.VV Campclar<\/a><\/td>\n<td style=\"vertical-align: top;\">Retransmissi\u00f3 d&#8217;algunes de les activitats que duran a terme al llarg del dia: tallers <strong>\u201cJugar i llegir\u201d<\/strong>, debats , accions del<strong> \u201cLectures per a dones\u201d<\/strong> o la <strong>cloenda festival<\/strong>. Activitats dutes a terme en col\u00b7laboraci\u00f3 amb Aprendre a Aprendre, Comissi\u00f3 de la Dona de Campclar, l&#8217;Associaci\u00f3 de  Ve\u00efns de Campclar, l&#8217;Ateneu Cultural de Dones de Campclar, el Col\u00b7lectiu  de Dones de Torrenova i, no cal dir-ho, el Punt \u00d2mnia Campclar.<\/td>\n<\/tr>\n<tr>\n<td style=\"vertical-align: top; width: 160px;\">18:00 &#8211; 19:00<\/td>\n<td style=\"vertical-align: top; width: 540px;\">Punt \u00d2mnia d&#8217;Espornceda (Sabadell)<\/td>\n<td style=\"vertical-align: top;\">El<strong> Punt \u00d2mnia Espronceda <\/strong>de Sabadell, connectar\u00e0 per mostrar-nos el mural fet per dia de la dona treballadora al Casal C\u00edvic Rogelio Soto, el Caf\u00e9 tert\u00falia moderat per la Vocalia de la Dona d&#8217;Espronceda amb xocolatada per als assistents i les activitats amb els nens a l&#8217;\u00d2mnia pel dia de la dona treballadora.<\/td>\n<\/tr>\n<\/tbody>\n<\/table>\n","protected":false},"excerpt":{"rendered":"<p>Consulta la graella per veure la programaci\u00f3 del 8 de mar\u00e7, per incloure la teva activitat, parla amb l&#8217;Oficina T\u00e8cnica: oficina(punt)tecnica(arrova)xarxa-omnia(punt)org Hora Punt \u00d2mnia Activitat 11:00 &#8211; 11:30 Punt \u00d2mnia Valls Mati, coordinadora del programa Dona Apr\u00e9n explica les activitats per la recerca de feina d&#8217;inform\u00e0tica a l&#8217;\u00d2mnia de Valls, les mateixes protagonistes expliquen el&hellip;<\/p>\n","protected":false},"author":61,"featured_media":0,"parent":0,"menu_order":2,"comment_status":"closed","ping_status":"open","template":"","meta":{"footnotes":""},"class_list":["post-6","page","type-page","status-publish","hentry"],"_links":{"self":[{"href":"https:\/\/bloc.xarxa-omnia.org\/donesendirecte\/wp-json\/wp\/v2\/pages\/6","targetHints":{"allow":["GET"]}}],"collection":[{"href":"https:\/\/bloc.xarxa-omnia.org\/donesendirecte\/wp-json\/wp\/v2\/pages"}],"about":[{"href":"https:\/\/bloc.xarxa-omnia.org\/donesendirecte\/wp-json\/wp\/v2\/types\/page"}],"author":[{"embeddable":true,"href":"https:\/\/bloc.xarxa-omnia.org\/donesendirecte\/wp-json\/wp\/v2\/users\/61"}],"replies":[{"embeddable":true,"href":"https:\/\/bloc.xarxa-omnia.org\/donesendirecte\/wp-json\/wp\/v2\/comments?post=6"}],"version-history":[{"count":60,"href":"https:\/\/bloc.xarxa-omnia.org\/donesendirecte\/wp-json\/wp\/v2\/pages\/6\/revisions"}],"predecessor-version":[{"id":38,"href":"https:\/\/bloc.xarxa-omnia.org\/donesendirecte\/wp-json\/wp\/v2\/pages\/6\/revisions\/38"}],"wp:attachment":[{"href":"https:\/\/bloc.xarxa-omnia.org\/donesendirecte\/wp-json\/wp\/v2\/media?parent=6"}],"curies":[{"name":"wp","href":"https:\/\/api.w.org\/{rel}","templated":true}]}}