{"id":2,"date":"2010-11-13T12:00:10","date_gmt":"2010-11-13T12:00:10","guid":{"rendered":""},"modified":"2010-11-13T14:10:35","modified_gmt":"2010-11-13T12:10:35","slug":"about","status":"publish","type":"page","link":"https:\/\/bloc.xarxa-omnia.org\/ediciodigital2010\/about\/","title":{"rendered":"Quant a"},"content":{"rendered":"<h4>Curs d&#8217;Edici\u00f3 Digital II. 2010<\/h4>\n<h4>Duraci\u00f3 30 hores. Divendres 5, 12, 19, 26 de novembre i 3 i 10 de desembre de 2010.<\/h4>\n<h2>Objectius del M\u00f2dul<\/h2>\n<ul>\n<li>Aprofundir en l\u2019Edici\u00f3 digital, la publicaci\u00f3 de material multim\u00e8dia.<\/li>\n<li>Editar una micro web, estandarts web.W3c<\/li>\n<li>Treballar la navegabilitat i usabilitat<\/li>\n<li>Utilitzar estils css per maquetar l\u2019aspecte de les nostres webs.<\/li>\n<li>Con\u00e8ixer les web\u2019s de tercera generaci\u00f3<\/li>\n<\/ul>\n","protected":false},"excerpt":{"rendered":"<p>Curs d&#8217;Edici\u00f3 Digital II. 2010 Duraci\u00f3 30 hores. Divendres 5, 12, 19, 26 de novembre i 3 i 10 de desembre de 2010. Objectius del M\u00f2dul Aprofundir en l\u2019Edici\u00f3 digital, la publicaci\u00f3 de material multim\u00e8dia. Editar una micro web, estandarts web.W3c Treballar la navegabilitat i usabilitat Utilitzar estils css per maquetar l\u2019aspecte de les nostres [&hellip;]<\/p>\n","protected":false},"author":134,"featured_media":0,"parent":0,"menu_order":0,"comment_status":"open","ping_status":"open","template":"","meta":{"footnotes":""},"class_list":["post-2","page","type-page","status-publish","hentry"],"_links":{"self":[{"href":"https:\/\/bloc.xarxa-omnia.org\/ediciodigital2010\/wp-json\/wp\/v2\/pages\/2","targetHints":{"allow":["GET"]}}],"collection":[{"href":"https:\/\/bloc.xarxa-omnia.org\/ediciodigital2010\/wp-json\/wp\/v2\/pages"}],"about":[{"href":"https:\/\/bloc.xarxa-omnia.org\/ediciodigital2010\/wp-json\/wp\/v2\/types\/page"}],"author":[{"embeddable":true,"href":"https:\/\/bloc.xarxa-omnia.org\/ediciodigital2010\/wp-json\/wp\/v2\/users\/134"}],"replies":[{"embeddable":true,"href":"https:\/\/bloc.xarxa-omnia.org\/ediciodigital2010\/wp-json\/wp\/v2\/comments?post=2"}],"version-history":[{"count":2,"href":"https:\/\/bloc.xarxa-omnia.org\/ediciodigital2010\/wp-json\/wp\/v2\/pages\/2\/revisions"}],"predecessor-version":[{"id":4,"href":"https:\/\/bloc.xarxa-omnia.org\/ediciodigital2010\/wp-json\/wp\/v2\/pages\/2\/revisions\/4"}],"wp:attachment":[{"href":"https:\/\/bloc.xarxa-omnia.org\/ediciodigital2010\/wp-json\/wp\/v2\/media?parent=2"}],"curies":[{"name":"wp","href":"https:\/\/api.w.org\/{rel}","templated":true}]}}