{"id":7,"date":"2010-11-19T14:52:00","date_gmt":"2010-11-19T12:52:00","guid":{"rendered":"http:\/\/xarxaomnia.gencat.cat\/blocs\/ediciodigital2010\/?page_id=7"},"modified":"2010-11-19T14:55:03","modified_gmt":"2010-11-19T12:55:03","slug":"comunitat-daprenentatge","status":"publish","type":"page","link":"https:\/\/bloc.xarxa-omnia.org\/ediciodigital2010\/comunitat-daprenentatge\/","title":{"rendered":"Comunitat d&#8217;aprenentatge"},"content":{"rendered":"<p style=\"text-align: justify;\">Aquest projecte preten donar resposta a aquells joves que han patit el que s&#8217;anomena frac\u00e0s escolar i tot el que aix\u00f2 comporta.<\/p>\n<p style=\"text-align: justify;\">L&#8217;objectiu general del projecte \u00e9s<strong> motivar i orientar als joves<\/strong> perqu\u00e8 reprenguin els seus estudis.<\/p>\n<p style=\"text-align: justify;\">La metodologia de treball que volem dur a terme es basar\u00e0 en la participaci\u00f3 activa de tots els agents que intervindran en aquest projecte: joves, pares, professors, tutors,&#8230;<\/p>\n","protected":false},"excerpt":{"rendered":"<p>Aquest projecte preten donar resposta a aquells joves que han patit el que s&#8217;anomena frac\u00e0s escolar i tot el que aix\u00f2 comporta. L&#8217;objectiu general del projecte \u00e9s motivar i orientar als joves perqu\u00e8 reprenguin els seus estudis. La metodologia de treball que volem dur a terme es basar\u00e0 en la participaci\u00f3 activa de tots els [&hellip;]<\/p>\n","protected":false},"author":121,"featured_media":0,"parent":0,"menu_order":0,"comment_status":"closed","ping_status":"open","template":"","meta":{"footnotes":""},"class_list":["post-7","page","type-page","status-publish","hentry"],"_links":{"self":[{"href":"https:\/\/bloc.xarxa-omnia.org\/ediciodigital2010\/wp-json\/wp\/v2\/pages\/7","targetHints":{"allow":["GET"]}}],"collection":[{"href":"https:\/\/bloc.xarxa-omnia.org\/ediciodigital2010\/wp-json\/wp\/v2\/pages"}],"about":[{"href":"https:\/\/bloc.xarxa-omnia.org\/ediciodigital2010\/wp-json\/wp\/v2\/types\/page"}],"author":[{"embeddable":true,"href":"https:\/\/bloc.xarxa-omnia.org\/ediciodigital2010\/wp-json\/wp\/v2\/users\/121"}],"replies":[{"embeddable":true,"href":"https:\/\/bloc.xarxa-omnia.org\/ediciodigital2010\/wp-json\/wp\/v2\/comments?post=7"}],"version-history":[{"count":2,"href":"https:\/\/bloc.xarxa-omnia.org\/ediciodigital2010\/wp-json\/wp\/v2\/pages\/7\/revisions"}],"predecessor-version":[{"id":12,"href":"https:\/\/bloc.xarxa-omnia.org\/ediciodigital2010\/wp-json\/wp\/v2\/pages\/7\/revisions\/12"}],"wp:attachment":[{"href":"https:\/\/bloc.xarxa-omnia.org\/ediciodigital2010\/wp-json\/wp\/v2\/media?parent=7"}],"curies":[{"name":"wp","href":"https:\/\/api.w.org\/{rel}","templated":true}]}}