{"id":32,"date":"2011-06-12T17:32:09","date_gmt":"2011-06-12T17:32:09","guid":{"rendered":"http:\/\/puntomnialaflorida.wordpress.com\/?page_id=32"},"modified":"2011-06-12T17:32:09","modified_gmt":"2011-06-12T17:32:09","slug":"tutorials","status":"publish","type":"page","link":"https:\/\/bloc.xarxa-omnia.org\/enriquem\/tutorials\/","title":{"rendered":"Tutorials"},"content":{"rendered":"<table width=\"100%\" cellspacing=\"1\" cellpadding=\"4\">\n<tbody>\n<tr valign=\"TOP\">\n<td width=\"50%\"><a href=\"http:\/\/xarxaomnia.gencat.cat\/blocs\/enriquem\/files\/2012\/01\/windows.jpg\"><img loading=\"lazy\" decoding=\"async\" class=\"aligncenter\" title=\"Windows xp\" alt=\"\" src=\"http:\/\/xarxaomnia.gencat.cat\/blocs\/enriquem\/files\/2012\/01\/windows.jpg?w=150\" width=\"168\" height=\"128\" \/><\/a><\/td>\n<td width=\"50%\">\n<p style=\"text-align:center\"><img loading=\"lazy\" decoding=\"async\" class=\"aligncenter\" title=\"Windows 7\" alt=\"\" src=\"http:\/\/xarxaomnia.gencat.cat\/blocs\/enriquem\/files\/2012\/05\/logo-win7.png?w=150\" width=\"150\" height=\"129\" \/><\/p>\n<\/td>\n<\/tr>\n<tr valign=\"TOP\">\n<td width=\"50%\">\n<p style=\"text-align:center\"><a title=\"L\u2019escriptori\" href=\"http:\/\/puntomnialaflorida.wordpress.com\/tutorials\/lescriptori\/\">L&#8217;escriptori de Windows XP<\/a><\/p>\n<\/td>\n<td width=\"50%\">\n<p style=\"text-align:center\"><a title=\"L\u2019escriptori de Windows\u00a07\" href=\"http:\/\/puntomnialaflorida.wordpress.com\/tutorials\/lescriptori-de-windows-7\/\">L\u2019escriptori de Windows 7<\/a><\/p>\n<\/td>\n<\/tr>\n<tr valign=\"TOP\">\n<td style=\"text-align:center\" width=\"50%\">Men\u00fa Inicia<\/td>\n<td style=\"text-align:center\" width=\"50%\">\u00a0Men\u00fa Inicia<\/td>\n<\/tr>\n<tr valign=\"TOP\">\n<td style=\"text-align:center\" width=\"50%\">Carpetes i Arxius<\/td>\n<td style=\"text-align:center\" width=\"50%\">Carpetes i Arxius<\/td>\n<\/tr>\n<\/tbody>\n<\/table>\n<hr \/>\n<h1 style=\"text-align:justified\">Com faig per&#8230;<\/h1>\n<p><a title=\"Canviar el fons de\u00a0l\u2019escriptori?\" href=\"http:\/\/puntomnialaflorida.wordpress.com\/tutorials\/canviar-el-fons-de-lescriptori\/\">Canviar el fons de l&#8217;escriptori<\/a>?<\/p>\n<p><a title=\"Com Canviar el Men\u00fa\u00a0Inicia?\" href=\"http:\/\/puntomnialaflorida.wordpress.com\/tutorials\/canviar-el-menu-inicia\/\">Canviar el men\u00fa Inicia<\/a>?<\/p>\n<p><a title=\"Com canviar la resoluci\u00f3 de\u00a0pantalla?\" href=\"http:\/\/puntomnialaflorida.wordpress.com\/tutorials\/com-canviar-la-resolucio-de-pantalla\/\">Canviar la resoluci\u00f3 de pantalla<\/a>?<\/p>\n<p><a title=\"Com canviar les icones de\u00a0l\u2019escriptori\" href=\"http:\/\/puntomnialaflorida.wordpress.com\/tutorials\/com-canviar-les-icones-de-lescriptori\/\">Canviar les icones de l&#8217;escriptori<\/a>?<\/p>\n<p><a title=\"Com afegir les meves p\u00e0ginas d\u2019internet com\u00a0preferits?\" href=\"http:\/\/puntomnialaflorida.wordpress.com\/tutorials\/com-afegir-les-meves-paginas-dinternet-com-preferits\/\">Afegir les meves p\u00e0ginas d&#8217;internet com preferits<\/a>?<\/p>\n<p><a title=\"Com canviar la p\u00e0gina d\u2019inici\u00a0d\u2019internet?\" href=\"http:\/\/puntomnialaflorida.wordpress.com\/tutorials\/com-canviar-la-pagina-dinici-dinternet\/\">Canviar la p\u00e0gina d&#8217;inici d&#8217;internet<\/a>?<\/p>\n<p><a title=\"Com navegar per internet amb\u00a0pestanyes?\" href=\"http:\/\/puntomnialaflorida.wordpress.com\/tutorials\/com-navegar-per-internet-amb-pestanyes\/\">Navegar per internet amb pestanyes<\/a>?<\/p>\n<hr \/>\n<p style=\"text-align:justify\"><a href=\"http:\/\/xarxaomnia.gencat.cat\/blocs\/enriquem\/files\/2012\/06\/libreoffice.png\"><img loading=\"lazy\" decoding=\"async\" class=\"alignnone size-full wp-image-475\" title=\"libreoffice\" alt=\"\" src=\"http:\/\/xarxaomnia.gencat.cat\/blocs\/enriquem\/files\/2012\/06\/libreoffice.png\" width=\"194\" height=\"40\" \/><\/a><\/p>\n<p style=\"text-align:justify\">Per ajudar-te a comen\u00e7ar amb LibreOffice, aqu\u00ed estan els cap\u00edtols de la Guia\u00a0<a href=\"http:\/\/es.libreoffice.org\/asistencia\/documentacion\/\"><em>Primers passos amb LibreOffice<\/em><\/a>.<\/p>\n<hr \/>\n<h1 style=\"text-align:justified\">Exercicis de teclat i ratol\u00ed<\/h1>\n<p style=\"text-align:justify\">En els seg\u00fcents enlla\u00e7os trobar\u00e0s p\u00e0gines amb exercicis que t&#8217;ajudaran a aprendre a utilitzar el teclat i el ratol\u00ed.<\/p>\n<p style=\"text-align:justify\"><a href=\"http:\/\/www.societatdelainformacio.com\/alfabetitzacio\/\">Aprendre a escriure amb l&#8217;ordinador<\/a><\/p>\n<p style=\"text-align:justify\"><a href=\"http:\/\/www.xtec.cat\/~figlesi2\/mecanografia\/teclat.htm\">Com funciona el teclat de l&#8217;ordinador?<\/a><\/p>\n<p style=\"text-align:justify\"><a href=\"http:\/\/www.pbclibrary.org\/raton\/\">Ratoneando<\/a><\/p>\n<p style=\"text-align:justify\"><a href=\"http:\/\/www.xarxa-omnia.org\/riudoms\/exercicis.html\">Jocs de destresa amb el ratol\u00ed<\/a><\/p>\n<p style=\"text-align:justify\"><a href=\"http:\/\/www.vedoque.com\/juegos\/mecano\/\">Curs de mecanografia<\/a><\/p>\n<p style=\"text-align:justify\"><a href=\"http:\/\/www.livemanual.info\/\">Guies i tutorials variats<\/a><\/p>\n<p style=\"text-align:justify\"><a href=\"http:\/\/www.edukanda.es\/mediatecaweb\/data\/zip\/271\/juegos_destreza\/index.html\">Aprende a manejar el rat\u00f3n y el\u00a0 teclado<\/a><\/p>\n","protected":false},"excerpt":{"rendered":"<p>L&#8217;escriptori de Windows XP L\u2019escriptori de Windows 7 Men\u00fa Inicia \u00a0Men\u00fa Inicia Carpetes i Arxius Carpetes i Arxius Com faig per&#8230; Canviar el fons de l&#8217;escriptori? Canviar el men\u00fa Inicia? Canviar la resoluci\u00f3 de pantalla? Canviar les icones de l&#8217;escriptori? Afegir les meves p\u00e0ginas d&#8217;internet com preferits? Canviar la p\u00e0gina d&#8217;inici d&#8217;internet? Navegar per internet &#8230; <span class=\"more\"><a class=\"more-link\" href=\"https:\/\/bloc.xarxa-omnia.org\/enriquem\/tutorials\/\">[Read more&#8230;]<\/a><\/span><\/p>\n","protected":false},"author":191,"featured_media":0,"parent":0,"menu_order":1,"comment_status":"closed","ping_status":"closed","template":"","meta":{"footnotes":""},"class_list":["entry","page","publish","author-enriquem","post-32"],"_links":{"self":[{"href":"https:\/\/bloc.xarxa-omnia.org\/enriquem\/wp-json\/wp\/v2\/pages\/32","targetHints":{"allow":["GET"]}}],"collection":[{"href":"https:\/\/bloc.xarxa-omnia.org\/enriquem\/wp-json\/wp\/v2\/pages"}],"about":[{"href":"https:\/\/bloc.xarxa-omnia.org\/enriquem\/wp-json\/wp\/v2\/types\/page"}],"author":[{"embeddable":true,"href":"https:\/\/bloc.xarxa-omnia.org\/enriquem\/wp-json\/wp\/v2\/users\/191"}],"replies":[{"embeddable":true,"href":"https:\/\/bloc.xarxa-omnia.org\/enriquem\/wp-json\/wp\/v2\/comments?post=32"}],"version-history":[{"count":0,"href":"https:\/\/bloc.xarxa-omnia.org\/enriquem\/wp-json\/wp\/v2\/pages\/32\/revisions"}],"wp:attachment":[{"href":"https:\/\/bloc.xarxa-omnia.org\/enriquem\/wp-json\/wp\/v2\/media?parent=32"}],"curies":[{"name":"wp","href":"https:\/\/api.w.org\/{rel}","templated":true}]}}