{"id":334,"date":"2012-06-09T15:50:30","date_gmt":"2012-06-09T15:50:30","guid":{"rendered":"http:\/\/puntomnialaflorida.wordpress.com\/?page_id=334"},"modified":"2012-06-09T15:50:30","modified_gmt":"2012-06-09T15:50:30","slug":"canviar-el-menu-inicia","status":"publish","type":"page","link":"https:\/\/bloc.xarxa-omnia.org\/enriquem\/tutorials\/canviar-el-menu-inicia\/","title":{"rendered":"Com Canviar el Men\u00fa Inicia?"},"content":{"rendered":"<h1><strong>Com Canviar el Men\u00fa Inicia?<\/strong><\/h1>\n<p style=\"text-align:justify\">Windows XP ens permet canviar l&#8217;aspecte i funcionalitat del Men\u00fa Inicia, podent escollir entre el Men\u00fa Inicia per defecte o canviar al Men\u00fa Inicia cl\u00e0ssica que \u00e9s m\u00e9s senzill (Figura 1).<\/p>\n<div id=\"attachment_336\" style=\"width: 310px\" class=\"wp-caption aligncenter\"><a href=\"http:\/\/xarxaomnia.gencat.cat\/blocs\/enriquem\/files\/2012\/06\/inicia1.png\"><img loading=\"lazy\" decoding=\"async\" aria-describedby=\"caption-attachment-336\" class=\"size-medium wp-image-336\" title=\"inicia1\" src=\"http:\/\/xarxaomnia.gencat.cat\/blocs\/enriquem\/files\/2012\/06\/inicia1.png?w=300\" alt=\"\" width=\"300\" height=\"200\" srcset=\"https:\/\/bloc.xarxa-omnia.org\/enriquem\/files\/2012\/06\/inicia1.png 750w, https:\/\/bloc.xarxa-omnia.org\/enriquem\/files\/2012\/06\/inicia1-300x200.png 300w\" sizes=\"auto, (max-width: 300px) 100vw, 300px\" \/><\/a><p id=\"caption-attachment-336\" class=\"wp-caption-text\">Figura 1<\/p><\/div>\n<p style=\"text-align:justify\">Per canviar entre un i altre, fer clic amb el bot\u00f3 dret del ratol\u00ed sobre el Men\u00fa Inicia i fer clic a &#8220;Propietats&#8221; (Figura 2).<\/p>\n<div id=\"attachment_338\" style=\"width: 310px\" class=\"wp-caption aligncenter\"><a href=\"http:\/\/xarxaomnia.gencat.cat\/blocs\/enriquem\/files\/2012\/06\/inicia2.png\"><img loading=\"lazy\" decoding=\"async\" aria-describedby=\"caption-attachment-338\" class=\"size-medium wp-image-338\" title=\"inicia2\" src=\"http:\/\/xarxaomnia.gencat.cat\/blocs\/enriquem\/files\/2012\/06\/inicia2.png?w=300\" alt=\"\" width=\"300\" height=\"267\" srcset=\"https:\/\/bloc.xarxa-omnia.org\/enriquem\/files\/2012\/06\/inicia2.png 328w, https:\/\/bloc.xarxa-omnia.org\/enriquem\/files\/2012\/06\/inicia2-300x268.png 300w\" sizes=\"auto, (max-width: 300px) 100vw, 300px\" \/><\/a><p id=\"caption-attachment-338\" class=\"wp-caption-text\">Figura 2<\/p><\/div>\n<p style=\"text-align:justify\">\u00a0A la pestanya Men\u00fa Inicia de la finestra que apareix podrem triar entre el Men\u00fa Inicia o al Men\u00fa Inicia Cl\u00e0ssic, i aplicar el canvi amb el bot\u00f3 <em>D&#8217;acord<\/em> (Figura 3).<\/p>\n<div id=\"attachment_341\" style=\"width: 277px\" class=\"wp-caption aligncenter\"><a href=\"http:\/\/xarxaomnia.gencat.cat\/blocs\/enriquem\/files\/2012\/06\/inicia3.png\"><img loading=\"lazy\" decoding=\"async\" aria-describedby=\"caption-attachment-341\" class=\"size-medium wp-image-341\" title=\"inicia3\" src=\"http:\/\/xarxaomnia.gencat.cat\/blocs\/enriquem\/files\/2012\/06\/inicia3.png?w=267\" alt=\"\" width=\"267\" height=\"300\" srcset=\"https:\/\/bloc.xarxa-omnia.org\/enriquem\/files\/2012\/06\/inicia3.png 405w, https:\/\/bloc.xarxa-omnia.org\/enriquem\/files\/2012\/06\/inicia3-267x300.png 267w\" sizes=\"auto, (max-width: 267px) 100vw, 267px\" \/><\/a><p id=\"caption-attachment-341\" class=\"wp-caption-text\">Figura 3<\/p><\/div>\n","protected":false},"excerpt":{"rendered":"<p>Com Canviar el Men\u00fa Inicia? Windows XP ens permet canviar l&#8217;aspecte i funcionalitat del Men\u00fa Inicia, podent escollir entre el Men\u00fa Inicia per defecte o canviar al Men\u00fa Inicia cl\u00e0ssica que \u00e9s m\u00e9s senzill (Figura 1). Per canviar entre un i altre, fer clic amb el bot\u00f3 dret del ratol\u00ed sobre el Men\u00fa Inicia i &#8230; <span class=\"more\"><a class=\"more-link\" href=\"https:\/\/bloc.xarxa-omnia.org\/enriquem\/tutorials\/canviar-el-menu-inicia\/\">[Read more&#8230;]<\/a><\/span><\/p>\n","protected":false},"author":191,"featured_media":0,"parent":32,"menu_order":3,"comment_status":"open","ping_status":"open","template":"","meta":{"footnotes":""},"class_list":["entry","page","publish","author-enriquem","post-334"],"_links":{"self":[{"href":"https:\/\/bloc.xarxa-omnia.org\/enriquem\/wp-json\/wp\/v2\/pages\/334","targetHints":{"allow":["GET"]}}],"collection":[{"href":"https:\/\/bloc.xarxa-omnia.org\/enriquem\/wp-json\/wp\/v2\/pages"}],"about":[{"href":"https:\/\/bloc.xarxa-omnia.org\/enriquem\/wp-json\/wp\/v2\/types\/page"}],"author":[{"embeddable":true,"href":"https:\/\/bloc.xarxa-omnia.org\/enriquem\/wp-json\/wp\/v2\/users\/191"}],"replies":[{"embeddable":true,"href":"https:\/\/bloc.xarxa-omnia.org\/enriquem\/wp-json\/wp\/v2\/comments?post=334"}],"version-history":[{"count":0,"href":"https:\/\/bloc.xarxa-omnia.org\/enriquem\/wp-json\/wp\/v2\/pages\/334\/revisions"}],"up":[{"embeddable":true,"href":"https:\/\/bloc.xarxa-omnia.org\/enriquem\/wp-json\/wp\/v2\/pages\/32"}],"wp:attachment":[{"href":"https:\/\/bloc.xarxa-omnia.org\/enriquem\/wp-json\/wp\/v2\/media?parent=334"}],"curies":[{"name":"wp","href":"https:\/\/api.w.org\/{rel}","templated":true}]}}