{"id":348,"date":"2012-06-09T16:36:10","date_gmt":"2012-06-09T16:36:10","guid":{"rendered":"http:\/\/puntomnialaflorida.wordpress.com\/?page_id=348"},"modified":"2012-06-09T16:36:10","modified_gmt":"2012-06-09T16:36:10","slug":"com-canviar-la-pagina-dinici-dinternet","status":"publish","type":"page","link":"https:\/\/bloc.xarxa-omnia.org\/enriquem\/tutorials\/com-canviar-la-pagina-dinici-dinternet\/","title":{"rendered":"Com canviar la p\u00e0gina d&#8217;inici d&#8217;internet?"},"content":{"rendered":"<h1>Com canviar la p\u00e0gina d&#8217;inici d&#8217;internet?<\/h1>\n<p style=\"text-align:justify\">Quan obrim el programa que fem servir per navegar per internet, es carregar\u00e0 una p\u00e0gina d&#8217;inici, que ser\u00e0 diferent segons el navegador que utilitzem i de la configuraci\u00f3 del usuari. Podem configurar les prefer\u00e8ncies del navegador perqu\u00e8 sempre carregui la p\u00e0gina d&#8217;inici que ens interessi.<\/p>\n<p style=\"text-align:justify\">Aqu\u00ed els explicarem com fer-ho amb el Mozilla Firefox i l&#8217;Internet Explorer.<\/p>\n<h2>Mozilla Firefox<\/h2>\n<p style=\"text-align:justify\">Per establir la p\u00e0gina d&#8217;inici en el Mozilla Firefox, hem de comen\u00e7ar per carregar la p\u00e0gina que ens interessi. En l&#8217;exemple de la Figura 1 veiem ja carregada la p\u00e0gina en catal\u00e0 de Google (www.google.cat), que \u00e9s la que establirem com la p\u00e0gina inicial.<\/p>\n<div id=\"attachment_350\" style=\"width: 160px\" class=\"wp-caption aligncenter\"><a href=\"http:\/\/xarxaomnia.gencat.cat\/blocs\/enriquem\/files\/2012\/06\/iniciff1.png\"><img loading=\"lazy\" decoding=\"async\" aria-describedby=\"caption-attachment-350\" class=\"size-thumbnail wp-image-350\" title=\"iniciFF1\" src=\"http:\/\/xarxaomnia.gencat.cat\/blocs\/enriquem\/files\/2012\/06\/iniciff1.png?w=150\" alt=\"\" width=\"150\" height=\"118\" srcset=\"https:\/\/bloc.xarxa-omnia.org\/enriquem\/files\/2012\/06\/iniciff1.png 800w, https:\/\/bloc.xarxa-omnia.org\/enriquem\/files\/2012\/06\/iniciff1-300x237.png 300w, https:\/\/bloc.xarxa-omnia.org\/enriquem\/files\/2012\/06\/iniciff1-768x607.png 768w\" sizes=\"auto, (max-width: 150px) 100vw, 150px\" \/><\/a><p id=\"caption-attachment-350\" class=\"wp-caption-text\">Figura 1<\/p><\/div>\n<p style=\"text-align:justify\">\u00a0Del men\u00fa &#8220;Eines&#8221; del Mozilla Firefox seleccionar &#8220;Opcions&#8221; (Figura 2).<\/p>\n<div id=\"attachment_351\" style=\"width: 160px\" class=\"wp-caption aligncenter\"><a href=\"http:\/\/xarxaomnia.gencat.cat\/blocs\/enriquem\/files\/2012\/06\/iniciff2.png\"><img loading=\"lazy\" decoding=\"async\" aria-describedby=\"caption-attachment-351\" class=\"size-thumbnail wp-image-351\" title=\"iniciFF2\" src=\"http:\/\/xarxaomnia.gencat.cat\/blocs\/enriquem\/files\/2012\/06\/iniciff2.png?w=150\" alt=\"\" width=\"150\" height=\"118\" srcset=\"https:\/\/bloc.xarxa-omnia.org\/enriquem\/files\/2012\/06\/iniciff2.png 800w, https:\/\/bloc.xarxa-omnia.org\/enriquem\/files\/2012\/06\/iniciff2-300x237.png 300w, https:\/\/bloc.xarxa-omnia.org\/enriquem\/files\/2012\/06\/iniciff2-768x607.png 768w\" sizes=\"auto, (max-width: 150px) 100vw, 150px\" \/><\/a><p id=\"caption-attachment-351\" class=\"wp-caption-text\">Figura 2<\/p><\/div>\n<p style=\"text-align:justify\">A la finestra d&#8217;Opcions, dins de la pestanya &#8220;General&#8221;, fem clic al bot\u00f3 Utilitza la p\u00e0gina actual perqu\u00e8 quedi guardada l&#8217;adre\u00e7a de la p\u00e0gina que volem (o la escrivim en el requadre de <strong>P\u00e0gina d&#8217;inici<\/strong>). Apliquem els canvis fent clic al bot\u00f3 D&#8217;acord. (Figura 3).<\/p>\n<div id=\"attachment_352\" style=\"width: 310px\" class=\"wp-caption aligncenter\"><a href=\"http:\/\/xarxaomnia.gencat.cat\/blocs\/enriquem\/files\/2012\/06\/iniciff3.png\"><img loading=\"lazy\" decoding=\"async\" aria-describedby=\"caption-attachment-352\" class=\"size-medium wp-image-352\" title=\"iniciFF3\" src=\"http:\/\/xarxaomnia.gencat.cat\/blocs\/enriquem\/files\/2012\/06\/iniciff3.png?w=300\" alt=\"\" width=\"300\" height=\"237\" srcset=\"https:\/\/bloc.xarxa-omnia.org\/enriquem\/files\/2012\/06\/iniciff3.png 800w, https:\/\/bloc.xarxa-omnia.org\/enriquem\/files\/2012\/06\/iniciff3-300x237.png 300w, https:\/\/bloc.xarxa-omnia.org\/enriquem\/files\/2012\/06\/iniciff3-768x607.png 768w\" sizes=\"auto, (max-width: 300px) 100vw, 300px\" \/><\/a><p id=\"caption-attachment-352\" class=\"wp-caption-text\">Figura 3<\/p><\/div>\n<p style=\"text-align:justify\">Ara, cada vegada que iniciem el Mozilla Firefox, o que fem clic al bot\u00f3 de <strong>Obrir p\u00e0gina d&#8217;inici<\/strong> (Figura 4), s&#8217;ha de carregar la p\u00e0gina en catal\u00e0 de Google.<\/p>\n<div id=\"attachment_353\" style=\"width: 160px\" class=\"wp-caption aligncenter\"><a href=\"http:\/\/xarxaomnia.gencat.cat\/blocs\/enriquem\/files\/2012\/06\/iniciff4.png\"><img loading=\"lazy\" decoding=\"async\" aria-describedby=\"caption-attachment-353\" class=\"size-thumbnail wp-image-353\" title=\"iniciFF4\" src=\"http:\/\/xarxaomnia.gencat.cat\/blocs\/enriquem\/files\/2012\/06\/iniciff4.png?w=150\" alt=\"\" width=\"150\" height=\"118\" srcset=\"https:\/\/bloc.xarxa-omnia.org\/enriquem\/files\/2012\/06\/iniciff4.png 800w, https:\/\/bloc.xarxa-omnia.org\/enriquem\/files\/2012\/06\/iniciff4-300x237.png 300w, https:\/\/bloc.xarxa-omnia.org\/enriquem\/files\/2012\/06\/iniciff4-768x607.png 768w\" sizes=\"auto, (max-width: 150px) 100vw, 150px\" \/><\/a><p id=\"caption-attachment-353\" class=\"wp-caption-text\">Figura 4<\/p><\/div>\n<hr \/>\n<h2>Internet Explorer<\/h2>\n<p style=\"text-align:justify\">Per establir la p\u00e0gina d&#8217;inici en Internet Explorer, hem de comen\u00e7ar per carregar la p\u00e0gina que ens interessi. En l&#8217;exemple de la Figura 1 veiem ja carregada la p\u00e0gina en catal\u00e0 de Google (www.google.cat), que \u00e9s la que establirem com la p\u00e0gina inicial. Del men\u00fa &#8220;Eines&#8221; de Internet Explorer seleccionar &#8220;Opcions d&#8217;Internet&#8221; (Figura 1).<\/p>\n<div id=\"attachment_392\" style=\"width: 160px\" class=\"wp-caption aligncenter\"><a href=\"http:\/\/xarxaomnia.gencat.cat\/blocs\/enriquem\/files\/2012\/06\/iniciaie1.png\"><img loading=\"lazy\" decoding=\"async\" aria-describedby=\"caption-attachment-392\" class=\"size-thumbnail wp-image-392\" title=\"iniciaIE1\" src=\"http:\/\/xarxaomnia.gencat.cat\/blocs\/enriquem\/files\/2012\/06\/iniciaie1.png?w=150\" alt=\"\" width=\"150\" height=\"103\" srcset=\"https:\/\/bloc.xarxa-omnia.org\/enriquem\/files\/2012\/06\/iniciaie1.png 700w, https:\/\/bloc.xarxa-omnia.org\/enriquem\/files\/2012\/06\/iniciaie1-300x207.png 300w\" sizes=\"auto, (max-width: 150px) 100vw, 150px\" \/><\/a><p id=\"caption-attachment-392\" class=\"wp-caption-text\">Figura 1<\/p><\/div>\n<p style=\"text-align:justify\">A la finestra d&#8217;Opcions d&#8217;Internet, dins de la pestanya &#8220;General&#8221;, fem clic al bot\u00f3 Utilitza l&#8217;actual perqu\u00e8 quedi guardada l&#8217;adre\u00e7a de la p\u00e0gina que volem (o la escrivim en el requadre de <strong>Adre\u00e7a<\/strong>). Apliquem els canvis fent clic al bot\u00f3 D&#8217;acord. (Figura 2).<\/p>\n<div id=\"attachment_393\" style=\"width: 144px\" class=\"wp-caption aligncenter\"><a href=\"http:\/\/xarxaomnia.gencat.cat\/blocs\/enriquem\/files\/2012\/06\/iniciaie2.png\"><img loading=\"lazy\" decoding=\"async\" aria-describedby=\"caption-attachment-393\" class=\"size-thumbnail wp-image-393\" title=\"iniciaIE2\" src=\"http:\/\/xarxaomnia.gencat.cat\/blocs\/enriquem\/files\/2012\/06\/iniciaie2.png?w=134\" alt=\"\" width=\"134\" height=\"150\" srcset=\"https:\/\/bloc.xarxa-omnia.org\/enriquem\/files\/2012\/06\/iniciaie2.png 438w, https:\/\/bloc.xarxa-omnia.org\/enriquem\/files\/2012\/06\/iniciaie2-269x300.png 269w\" sizes=\"auto, (max-width: 134px) 100vw, 134px\" \/><\/a><p id=\"caption-attachment-393\" class=\"wp-caption-text\">Figura 2<\/p><\/div>\n<p style=\"text-align:justify\">Ara, cada vegada que iniciem el Internet Explorer, o que fem clic al bot\u00f3 de <strong>Obrir p\u00e0gina d&#8217;inici<\/strong> (Figura 3), s&#8217;ha de carregar la p\u00e0gina en catal\u00e0 de Google.<\/p>\n<div id=\"attachment_394\" style=\"width: 160px\" class=\"wp-caption aligncenter\"><a href=\"http:\/\/xarxaomnia.gencat.cat\/blocs\/enriquem\/files\/2012\/06\/iniciaie3.png\"><img loading=\"lazy\" decoding=\"async\" aria-describedby=\"caption-attachment-394\" class=\"size-thumbnail wp-image-394\" title=\"iniciaIE3\" src=\"http:\/\/xarxaomnia.gencat.cat\/blocs\/enriquem\/files\/2012\/06\/iniciaie3.png?w=150\" alt=\"\" width=\"150\" height=\"103\" srcset=\"https:\/\/bloc.xarxa-omnia.org\/enriquem\/files\/2012\/06\/iniciaie3.png 700w, https:\/\/bloc.xarxa-omnia.org\/enriquem\/files\/2012\/06\/iniciaie3-300x207.png 300w\" sizes=\"auto, (max-width: 150px) 100vw, 150px\" \/><\/a><p id=\"caption-attachment-394\" class=\"wp-caption-text\">Figura 3<\/p><\/div>\n","protected":false},"excerpt":{"rendered":"<p>Com canviar la p\u00e0gina d&#8217;inici d&#8217;internet? Quan obrim el programa que fem servir per navegar per internet, es carregar\u00e0 una p\u00e0gina d&#8217;inici, que ser\u00e0 diferent segons el navegador que utilitzem i de la configuraci\u00f3 del usuari. Podem configurar les prefer\u00e8ncies del navegador perqu\u00e8 sempre carregui la p\u00e0gina d&#8217;inici que ens interessi. Aqu\u00ed els explicarem com &#8230; <span class=\"more\"><a class=\"more-link\" href=\"https:\/\/bloc.xarxa-omnia.org\/enriquem\/tutorials\/com-canviar-la-pagina-dinici-dinternet\/\">[Read more&#8230;]<\/a><\/span><\/p>\n","protected":false},"author":191,"featured_media":0,"parent":32,"menu_order":4,"comment_status":"open","ping_status":"open","template":"","meta":{"footnotes":""},"class_list":["entry","page","publish","author-enriquem","post-348"],"_links":{"self":[{"href":"https:\/\/bloc.xarxa-omnia.org\/enriquem\/wp-json\/wp\/v2\/pages\/348","targetHints":{"allow":["GET"]}}],"collection":[{"href":"https:\/\/bloc.xarxa-omnia.org\/enriquem\/wp-json\/wp\/v2\/pages"}],"about":[{"href":"https:\/\/bloc.xarxa-omnia.org\/enriquem\/wp-json\/wp\/v2\/types\/page"}],"author":[{"embeddable":true,"href":"https:\/\/bloc.xarxa-omnia.org\/enriquem\/wp-json\/wp\/v2\/users\/191"}],"replies":[{"embeddable":true,"href":"https:\/\/bloc.xarxa-omnia.org\/enriquem\/wp-json\/wp\/v2\/comments?post=348"}],"version-history":[{"count":0,"href":"https:\/\/bloc.xarxa-omnia.org\/enriquem\/wp-json\/wp\/v2\/pages\/348\/revisions"}],"up":[{"embeddable":true,"href":"https:\/\/bloc.xarxa-omnia.org\/enriquem\/wp-json\/wp\/v2\/pages\/32"}],"wp:attachment":[{"href":"https:\/\/bloc.xarxa-omnia.org\/enriquem\/wp-json\/wp\/v2\/media?parent=348"}],"curies":[{"name":"wp","href":"https:\/\/api.w.org\/{rel}","templated":true}]}}