{"id":359,"date":"2012-06-09T19:31:26","date_gmt":"2012-06-09T19:31:26","guid":{"rendered":"http:\/\/puntomnialaflorida.wordpress.com\/?page_id=359"},"modified":"2012-06-09T19:31:26","modified_gmt":"2012-06-09T19:31:26","slug":"com-navegar-per-internet-amb-pestanyes","status":"publish","type":"page","link":"https:\/\/bloc.xarxa-omnia.org\/enriquem\/tutorials\/com-navegar-per-internet-amb-pestanyes\/","title":{"rendered":"Com navegar per internet amb pestanyes?"},"content":{"rendered":"<h1>Com navegar per internet amb pestanyes?<\/h1>\n<p style=\"text-align:justify\">Al navegar per Internet, \u00e9s com\u00fa que tinguem m\u00e9s d&#8217;una p\u00e0gina web oberta al mateix temps. Per exemple, en una estarem revisant el correu, en una altra podem estar llegint algun diari o revisant els horaris de vols o trens, en una altra escoltant una estaci\u00f3 de r\u00e0dio en l\u00ednia i en una altra m\u00e9s estar veient alguna foto o v\u00eddeo d&#8217;un enlla\u00e7 que ens va arribar per correu.<\/p>\n<p style=\"text-align:justify\">Per evitar omplir-nos de finestres mentre naveguem per internet, els navegadors moderns ens permeten usar pestanyes, i veure cada p\u00e0gina en una, dins de la mateixa finestra del programa d&#8217;internet.<\/p>\n<p style=\"text-align:justify\">Treballar amb pestanyes \u00e9s similar en tots els navegadors d&#8217;internet, pel que en aquest exemple ens limitarem a fer servir el Mozilla Firefox.<\/p>\n<p style=\"text-align:justify\">A la Figura 1 veiem una nova sessi\u00f3 de Mozilla Firefox, amb la p\u00e0gina de Google carregada. En aquesta vista podem veure la barra de men\u00fa del Firefox i sota, la pestanya amb el nom de la p\u00e0gina que estem veient i la barra d&#8217;adreces amb la direcci\u00f3 de la p\u00e0gina, en aquest cas, la de Google. Al costat de la pestanya de la p\u00e0gina de Google, hi ha el bot\u00f3 per obrir una nova pestanya.<\/p>\n<div id=\"attachment_366\" style=\"width: 160px\" class=\"wp-caption aligncenter\"><a href=\"http:\/\/xarxaomnia.gencat.cat\/blocs\/enriquem\/files\/2012\/06\/pestanyesff1.png\"><img loading=\"lazy\" decoding=\"async\" aria-describedby=\"caption-attachment-366\" class=\"size-thumbnail wp-image-366\" title=\"pestanyesFF1\" src=\"http:\/\/xarxaomnia.gencat.cat\/blocs\/enriquem\/files\/2012\/06\/pestanyesff1.png?w=150\" alt=\"\" width=\"150\" height=\"118\" srcset=\"https:\/\/bloc.xarxa-omnia.org\/enriquem\/files\/2012\/06\/pestanyesff1.png 700w, https:\/\/bloc.xarxa-omnia.org\/enriquem\/files\/2012\/06\/pestanyesff1-300x237.png 300w\" sizes=\"auto, (max-width: 150px) 100vw, 150px\" \/><\/a><p id=\"caption-attachment-366\" class=\"wp-caption-text\">Figura 1<\/p><\/div>\n<p style=\"text-align:justify\">En fer clic sobre aquest bot\u00f3, apareixer\u00e0 una nova pestanya, que depenent de la configuraci\u00f3 del navegador, estar\u00e0 buida o no. L&#8217;exemple de la Figura 2, ens mostra la barra d&#8217;adreces buida i sota, uns enlla\u00e7os amb les \u00faltimes p\u00e0gines visitades. A la barra d&#8217;adreces d&#8217;aquesta nova pestanya, podem escriure l&#8217;adre\u00e7a de la p\u00e0gina que vulguem obrir. Mentre, en l&#8217;altra pestanya continua la p\u00e0gina de Google carregada.<\/p>\n<div id=\"attachment_368\" style=\"width: 160px\" class=\"wp-caption aligncenter\"><a href=\"http:\/\/xarxaomnia.gencat.cat\/blocs\/enriquem\/files\/2012\/06\/pestanyesff2.png\"><img loading=\"lazy\" decoding=\"async\" aria-describedby=\"caption-attachment-368\" class=\"size-thumbnail wp-image-368\" title=\"pestanyesFF2\" src=\"http:\/\/xarxaomnia.gencat.cat\/blocs\/enriquem\/files\/2012\/06\/pestanyesff2.png?w=150\" alt=\"\" width=\"150\" height=\"118\" srcset=\"https:\/\/bloc.xarxa-omnia.org\/enriquem\/files\/2012\/06\/pestanyesff2.png 700w, https:\/\/bloc.xarxa-omnia.org\/enriquem\/files\/2012\/06\/pestanyesff2-300x237.png 300w\" sizes=\"auto, (max-width: 150px) 100vw, 150px\" \/><\/a><p id=\"caption-attachment-368\" class=\"wp-caption-text\">Figura 2<\/p><\/div>\n<p style=\"text-align:justify\">Per exemple, si escrivim la direcci\u00f3 de Hotmail en aquesta pestanya (www.hotmail.com), ens portar\u00e0 a la p\u00e0gina d&#8217;inici de sessi\u00f3 per ingressar al nostre correu de Hotmail, com es veu a la Figura 3.<\/p>\n<div id=\"attachment_370\" style=\"width: 160px\" class=\"wp-caption aligncenter\"><a href=\"http:\/\/xarxaomnia.gencat.cat\/blocs\/enriquem\/files\/2012\/06\/pestanyesff3.png\"><img loading=\"lazy\" decoding=\"async\" aria-describedby=\"caption-attachment-370\" class=\"size-thumbnail wp-image-370\" title=\"pestanyesFF3\" src=\"http:\/\/xarxaomnia.gencat.cat\/blocs\/enriquem\/files\/2012\/06\/pestanyesff3.png?w=150\" alt=\"\" width=\"150\" height=\"118\" srcset=\"https:\/\/bloc.xarxa-omnia.org\/enriquem\/files\/2012\/06\/pestanyesff3.png 700w, https:\/\/bloc.xarxa-omnia.org\/enriquem\/files\/2012\/06\/pestanyesff3-300x237.png 300w\" sizes=\"auto, (max-width: 150px) 100vw, 150px\" \/><\/a><p id=\"caption-attachment-370\" class=\"wp-caption-text\">Figura 3<\/p><\/div>\n<p style=\"text-align:justify\">Si ara qusi\u00e9ramos obrir una altra p\u00e0gina, nom\u00e9s cal tornar a fer clic al bot\u00f3 per obrir una pestanya nova i ingressar la direcciona que volem obrir. En l&#8217;exemple de la Figura 4 hem obert la p\u00e0gina de Facebook. Ara tenim 3 p\u00e0gines diferents obertes a la mateixa finestra del navegador. Per canviar d&#8217;una pestanya a una altra, nom\u00e9s hem de fer clic sobre la pestanya que vulguem veure.<\/p>\n<div id=\"attachment_371\" style=\"width: 160px\" class=\"wp-caption aligncenter\"><a href=\"http:\/\/xarxaomnia.gencat.cat\/blocs\/enriquem\/files\/2012\/06\/pestanyesff4.png\"><img loading=\"lazy\" decoding=\"async\" aria-describedby=\"caption-attachment-371\" class=\"size-thumbnail wp-image-371\" title=\"pestanyesFF4\" src=\"http:\/\/xarxaomnia.gencat.cat\/blocs\/enriquem\/files\/2012\/06\/pestanyesff4.png?w=150\" alt=\"\" width=\"150\" height=\"118\" srcset=\"https:\/\/bloc.xarxa-omnia.org\/enriquem\/files\/2012\/06\/pestanyesff4.png 700w, https:\/\/bloc.xarxa-omnia.org\/enriquem\/files\/2012\/06\/pestanyesff4-300x237.png 300w\" sizes=\"auto, (max-width: 150px) 100vw, 150px\" \/><\/a><p id=\"caption-attachment-371\" class=\"wp-caption-text\">Figura 4<\/p><\/div>\n<p style=\"text-align:justify\">Si volem tancar una pestanya, llavors fem clic al bot\u00f3 tancar que hi ha a cada pestanya. En tancar la pestanya de Hotmail, ens quedarem amb la de Google i Facebook en el nostre exemple. Cadascuna d&#8217;aquestes tamb\u00e9 t\u00e9 el seu bot\u00f3 per tancar. Si volem tancar el Mozilla Firefox, llavors fem servir el bot\u00f3 per tancar la finestra (Figura 5). \u00c9s possible que el navegador ens requereixi confirmar tancar la finestra si tenim m\u00e9s d&#8217;una pestanya oberta.<\/p>\n<div id=\"attachment_372\" style=\"width: 160px\" class=\"wp-caption aligncenter\"><a href=\"http:\/\/xarxaomnia.gencat.cat\/blocs\/enriquem\/files\/2012\/06\/pestanyesff5.png\"><img loading=\"lazy\" decoding=\"async\" aria-describedby=\"caption-attachment-372\" class=\"size-thumbnail wp-image-372\" title=\"pestanyesFF5\" src=\"http:\/\/xarxaomnia.gencat.cat\/blocs\/enriquem\/files\/2012\/06\/pestanyesff5.png?w=150\" alt=\"\" width=\"150\" height=\"118\" srcset=\"https:\/\/bloc.xarxa-omnia.org\/enriquem\/files\/2012\/06\/pestanyesff5.png 700w, https:\/\/bloc.xarxa-omnia.org\/enriquem\/files\/2012\/06\/pestanyesff5-300x237.png 300w\" sizes=\"auto, (max-width: 150px) 100vw, 150px\" \/><\/a><p id=\"caption-attachment-372\" class=\"wp-caption-text\">Figura 5<\/p><\/div>\n<p style=\"text-align:justify\">\n","protected":false},"excerpt":{"rendered":"<p>Com navegar per internet amb pestanyes? Al navegar per Internet, \u00e9s com\u00fa que tinguem m\u00e9s d&#8217;una p\u00e0gina web oberta al mateix temps. Per exemple, en una estarem revisant el correu, en una altra podem estar llegint algun diari o revisant els horaris de vols o trens, en una altra escoltant una estaci\u00f3 de r\u00e0dio en &#8230; <span class=\"more\"><a class=\"more-link\" href=\"https:\/\/bloc.xarxa-omnia.org\/enriquem\/tutorials\/com-navegar-per-internet-amb-pestanyes\/\">[Read more&#8230;]<\/a><\/span><\/p>\n","protected":false},"author":191,"featured_media":0,"parent":32,"menu_order":5,"comment_status":"open","ping_status":"open","template":"","meta":{"footnotes":""},"class_list":["entry","page","publish","author-enriquem","post-359"],"_links":{"self":[{"href":"https:\/\/bloc.xarxa-omnia.org\/enriquem\/wp-json\/wp\/v2\/pages\/359","targetHints":{"allow":["GET"]}}],"collection":[{"href":"https:\/\/bloc.xarxa-omnia.org\/enriquem\/wp-json\/wp\/v2\/pages"}],"about":[{"href":"https:\/\/bloc.xarxa-omnia.org\/enriquem\/wp-json\/wp\/v2\/types\/page"}],"author":[{"embeddable":true,"href":"https:\/\/bloc.xarxa-omnia.org\/enriquem\/wp-json\/wp\/v2\/users\/191"}],"replies":[{"embeddable":true,"href":"https:\/\/bloc.xarxa-omnia.org\/enriquem\/wp-json\/wp\/v2\/comments?post=359"}],"version-history":[{"count":0,"href":"https:\/\/bloc.xarxa-omnia.org\/enriquem\/wp-json\/wp\/v2\/pages\/359\/revisions"}],"up":[{"embeddable":true,"href":"https:\/\/bloc.xarxa-omnia.org\/enriquem\/wp-json\/wp\/v2\/pages\/32"}],"wp:attachment":[{"href":"https:\/\/bloc.xarxa-omnia.org\/enriquem\/wp-json\/wp\/v2\/media?parent=359"}],"curies":[{"name":"wp","href":"https:\/\/api.w.org\/{rel}","templated":true}]}}