{"id":374,"date":"2012-06-10T14:05:24","date_gmt":"2012-06-10T14:05:24","guid":{"rendered":"http:\/\/puntomnialaflorida.wordpress.com\/?page_id=374"},"modified":"2012-06-10T14:05:24","modified_gmt":"2012-06-10T14:05:24","slug":"com-afegir-les-meves-paginas-dinternet-com-preferits","status":"publish","type":"page","link":"https:\/\/bloc.xarxa-omnia.org\/enriquem\/tutorials\/com-afegir-les-meves-paginas-dinternet-com-preferits\/","title":{"rendered":"Com afegir les meves p\u00e0ginas d&#8217;internet com preferits?"},"content":{"rendered":"<h1>Com afegir les meves p\u00e0ginas d&#8217;internet com preferits?<\/h1>\n<p style=\"text-align:justify\">Entre els milions de p\u00e0gines web disponibles a internet, hi ha algunes que sempre tornem a visitar, com p\u00e0gines de diaris, horaris de trens, la del nostre correu, alguna xarxa social, etc.<\/p>\n<p style=\"text-align:justify\">Algunes tenen adreces f\u00e0cils de recordar i altres no. Per\u00f2 encara que siguin f\u00e0cils, en lloc d&#8217;estar escrivint l&#8217;adre\u00e7a cada cop que volem tornar a alguna p\u00e0gina, podem afegir un enlla\u00e7 al nostre directori de p\u00e0gines, i fer clic al nom de la p\u00e0gina cada vegada que vulguem tornar-hi. http:\/\/puntomnialaflorida.wordpress.com\/wp-includes\/js\/tinymce\/plugins\/wpeditimage\/img\/delete.pngAquest directori es diu <strong>Adreces d&#8217;inter\u00e8s<\/strong> en el Mozilla Firefox i <strong>Preferits<\/strong> a l&#8217;Internet Explorer.<\/p>\n<div id=\"attachment_378\" style=\"width: 160px\" class=\"wp-caption alignright\"><a href=\"http:\/\/xarxaomnia.gencat.cat\/blocs\/enriquem\/files\/2012\/06\/prefritsff1.png\"><img loading=\"lazy\" decoding=\"async\" aria-describedby=\"caption-attachment-378\" class=\"size-thumbnail wp-image-378\" title=\"prefritsFF1\" src=\"http:\/\/xarxaomnia.gencat.cat\/blocs\/enriquem\/files\/2012\/06\/prefritsff1.png?w=150\" alt=\"\" width=\"150\" height=\"118\" srcset=\"https:\/\/bloc.xarxa-omnia.org\/enriquem\/files\/2012\/06\/prefritsff1.png 700w, https:\/\/bloc.xarxa-omnia.org\/enriquem\/files\/2012\/06\/prefritsff1-300x237.png 300w\" sizes=\"auto, (max-width: 150px) 100vw, 150px\" \/><\/a><p id=\"caption-attachment-378\" class=\"wp-caption-text\">Figura 1<\/p><\/div>\n<p style=\"text-align:justify\">Suposem que volem guardar al nostre directori l&#8217;enlla\u00e7 a la p\u00e0gina de Punt \u00d2mnia La Florida, que \u00e9s una mica llarga i dif\u00edcil de recordar (www.puntomnialaflorida.wordpress.com). Primer hem d&#8217;obrir la p\u00e0gina (Figura 1).<\/p>\n<p style=\"text-align:justify\">Un cop carregada, hem d&#8217;anar al men\u00fa &#8220;Adreces d&#8217;inter\u00e8s&#8221; i seleccionar l&#8217;opci\u00f3 &#8220;Afegeix a les adreces d&#8217;inter\u00e8s&#8221; (Figura 2). Apareixer\u00e0 una finestra on podrem posar el nom amb el qual volem guardar l&#8217;enlla\u00e7 o deixar el que ens suggereix (Figura 3).<\/p>\n<div id=\"attachment_380\" style=\"width: 160px\" class=\"wp-caption alignleft\"><a href=\"http:\/\/xarxaomnia.gencat.cat\/blocs\/enriquem\/files\/2012\/06\/prefritsff2.png\"><img loading=\"lazy\" decoding=\"async\" aria-describedby=\"caption-attachment-380\" class=\"size-thumbnail wp-image-380\" title=\"prefritsFF2\" src=\"http:\/\/xarxaomnia.gencat.cat\/blocs\/enriquem\/files\/2012\/06\/prefritsff2.png?w=150\" alt=\"\" width=\"150\" height=\"118\" srcset=\"https:\/\/bloc.xarxa-omnia.org\/enriquem\/files\/2012\/06\/prefritsff2.png 700w, https:\/\/bloc.xarxa-omnia.org\/enriquem\/files\/2012\/06\/prefritsff2-300x237.png 300w\" sizes=\"auto, (max-width: 150px) 100vw, 150px\" \/><\/a><p id=\"caption-attachment-380\" class=\"wp-caption-text\">Figura 2<\/p><\/div>\n<div id=\"attachment_381\" style=\"width: 160px\" class=\"wp-caption aligncenter\"><a href=\"http:\/\/xarxaomnia.gencat.cat\/blocs\/enriquem\/files\/2012\/06\/prefritsff3.png\"><img loading=\"lazy\" decoding=\"async\" aria-describedby=\"caption-attachment-381\" class=\"size-thumbnail wp-image-381\" title=\"prefritsFF3\" src=\"http:\/\/xarxaomnia.gencat.cat\/blocs\/enriquem\/files\/2012\/06\/prefritsff3.png?w=150\" alt=\"\" width=\"150\" height=\"118\" srcset=\"https:\/\/bloc.xarxa-omnia.org\/enriquem\/files\/2012\/06\/prefritsff3.png 700w, https:\/\/bloc.xarxa-omnia.org\/enriquem\/files\/2012\/06\/prefritsff3-300x237.png 300w\" sizes=\"auto, (max-width: 150px) 100vw, 150px\" \/><\/a><p id=\"caption-attachment-381\" class=\"wp-caption-text\">Figura 3<\/p><\/div>\n<p style=\"text-align:justify\">Ara tindrem un enlla\u00e7 a la p\u00e0gina de Punt \u00d2mnia La Florida en el nostre men\u00fa &#8220;Adreces d&#8217;inter\u00e8s&#8221; (Figura 4). Nom\u00e9s cal que feu clic cada vegada que vulguem obrir la p\u00e0gina i el navegador escriur\u00e0 la direcci\u00f3 per nosaltres i ens obrir\u00e0 la p\u00e0gina.<\/p>\n<div id=\"attachment_382\" style=\"width: 160px\" class=\"wp-caption aligncenter\"><a href=\"http:\/\/xarxaomnia.gencat.cat\/blocs\/enriquem\/files\/2012\/06\/prefritsff4.png\"><img loading=\"lazy\" decoding=\"async\" aria-describedby=\"caption-attachment-382\" class=\"size-thumbnail wp-image-382\" title=\"prefritsFF4\" src=\"http:\/\/xarxaomnia.gencat.cat\/blocs\/enriquem\/files\/2012\/06\/prefritsff4.png?w=150\" alt=\"\" width=\"150\" height=\"118\" srcset=\"https:\/\/bloc.xarxa-omnia.org\/enriquem\/files\/2012\/06\/prefritsff4.png 700w, https:\/\/bloc.xarxa-omnia.org\/enriquem\/files\/2012\/06\/prefritsff4-300x237.png 300w\" sizes=\"auto, (max-width: 150px) 100vw, 150px\" \/><\/a><p id=\"caption-attachment-382\" class=\"wp-caption-text\">Figura 4<\/p><\/div>\n<p style=\"text-align:justify\">En l&#8217;Internet Explorer el men\u00fa per als enlla\u00e7os es diu &#8220;Preferits&#8221;, i per guardar un enlla\u00e7 hem de seleccionar l&#8217;opci\u00f3 &#8220;Afegeix als preferits&#8230;&#8221;.<\/p>\n","protected":false},"excerpt":{"rendered":"<p>Com afegir les meves p\u00e0ginas d&#8217;internet com preferits? Entre els milions de p\u00e0gines web disponibles a internet, hi ha algunes que sempre tornem a visitar, com p\u00e0gines de diaris, horaris de trens, la del nostre correu, alguna xarxa social, etc. Algunes tenen adreces f\u00e0cils de recordar i altres no. Per\u00f2 encara que siguin f\u00e0cils, en &#8230; <span class=\"more\"><a class=\"more-link\" href=\"https:\/\/bloc.xarxa-omnia.org\/enriquem\/tutorials\/com-afegir-les-meves-paginas-dinternet-com-preferits\/\">[Read more&#8230;]<\/a><\/span><\/p>\n","protected":false},"author":191,"featured_media":0,"parent":32,"menu_order":6,"comment_status":"open","ping_status":"open","template":"","meta":{"footnotes":""},"class_list":["entry","page","publish","author-enriquem","post-374"],"_links":{"self":[{"href":"https:\/\/bloc.xarxa-omnia.org\/enriquem\/wp-json\/wp\/v2\/pages\/374","targetHints":{"allow":["GET"]}}],"collection":[{"href":"https:\/\/bloc.xarxa-omnia.org\/enriquem\/wp-json\/wp\/v2\/pages"}],"about":[{"href":"https:\/\/bloc.xarxa-omnia.org\/enriquem\/wp-json\/wp\/v2\/types\/page"}],"author":[{"embeddable":true,"href":"https:\/\/bloc.xarxa-omnia.org\/enriquem\/wp-json\/wp\/v2\/users\/191"}],"replies":[{"embeddable":true,"href":"https:\/\/bloc.xarxa-omnia.org\/enriquem\/wp-json\/wp\/v2\/comments?post=374"}],"version-history":[{"count":0,"href":"https:\/\/bloc.xarxa-omnia.org\/enriquem\/wp-json\/wp\/v2\/pages\/374\/revisions"}],"up":[{"embeddable":true,"href":"https:\/\/bloc.xarxa-omnia.org\/enriquem\/wp-json\/wp\/v2\/pages\/32"}],"wp:attachment":[{"href":"https:\/\/bloc.xarxa-omnia.org\/enriquem\/wp-json\/wp\/v2\/media?parent=374"}],"curies":[{"name":"wp","href":"https:\/\/api.w.org\/{rel}","templated":true}]}}