{"id":38,"date":"2011-06-03T17:34:23","date_gmt":"2011-06-03T17:34:23","guid":{"rendered":"http:\/\/puntomnialaflorida.wordpress.com\/?page_id=38"},"modified":"2011-06-03T17:34:23","modified_gmt":"2011-06-03T17:34:23","slug":"digues-la-teva","status":"publish","type":"page","link":"https:\/\/bloc.xarxa-omnia.org\/enriquem\/digues-la-teva\/","title":{"rendered":"Digues la teva"},"content":{"rendered":"<p>No deixis que l&#8217;ordinador se t&#8217;empassi!!!<\/p>\n<p><a href=\"http:\/\/xarxaomnia.gencat.cat\/blocs\/enriquem\/files\/2011\/06\/ordenador.png\"><img loading=\"lazy\" decoding=\"async\" src=\"http:\/\/xarxaomnia.gencat.cat\/blocs\/enriquem\/files\/2011\/06\/ordenador.png\" alt=\"\" title=\"ordenador\" width=\"350\" height=\"255\" class=\"aligncenter size-full wp-image-64\" srcset=\"https:\/\/bloc.xarxa-omnia.org\/enriquem\/files\/2011\/06\/ordenador.png 350w, https:\/\/bloc.xarxa-omnia.org\/enriquem\/files\/2011\/06\/ordenador-300x219.png 300w\" sizes=\"auto, (max-width: 350px) 100vw, 350px\" \/><\/a><\/p>\n<p>\u00d2mnies, aquest \u00e9s un espai per si voleu formular els vostres dubtes inform\u00e0tics en el blog, o qualsevol altre dubte, sugger\u00e8ncia o comentari d&#8217;inter\u00e8s per als que convivim a La Florida. Els dinamitzadors del Punt \u00d2mnia procurarem fer-vos arribar la nostra resposta via blog i via correu electr\u00f2nic.<br \/>\nEn definitiva, aquest espai \u00e9s vostre!<\/p>\n","protected":false},"excerpt":{"rendered":"<p>No deixis que l&#8217;ordinador se t&#8217;empassi!!! \u00d2mnies, aquest \u00e9s un espai per si voleu formular els vostres dubtes inform\u00e0tics en el blog, o qualsevol altre dubte, sugger\u00e8ncia o comentari d&#8217;inter\u00e8s per als que convivim a La Florida. Els dinamitzadors del Punt \u00d2mnia procurarem fer-vos arribar la nostra resposta via blog i via correu electr\u00f2nic. En &#8230; <span class=\"more\"><a class=\"more-link\" href=\"https:\/\/bloc.xarxa-omnia.org\/enriquem\/digues-la-teva\/\">[Read more&#8230;]<\/a><\/span><\/p>\n","protected":false},"author":191,"featured_media":0,"parent":0,"menu_order":3,"comment_status":"open","ping_status":"closed","template":"","meta":{"footnotes":""},"class_list":["entry","page","publish","author-enriquem","post-38"],"_links":{"self":[{"href":"https:\/\/bloc.xarxa-omnia.org\/enriquem\/wp-json\/wp\/v2\/pages\/38","targetHints":{"allow":["GET"]}}],"collection":[{"href":"https:\/\/bloc.xarxa-omnia.org\/enriquem\/wp-json\/wp\/v2\/pages"}],"about":[{"href":"https:\/\/bloc.xarxa-omnia.org\/enriquem\/wp-json\/wp\/v2\/types\/page"}],"author":[{"embeddable":true,"href":"https:\/\/bloc.xarxa-omnia.org\/enriquem\/wp-json\/wp\/v2\/users\/191"}],"replies":[{"embeddable":true,"href":"https:\/\/bloc.xarxa-omnia.org\/enriquem\/wp-json\/wp\/v2\/comments?post=38"}],"version-history":[{"count":0,"href":"https:\/\/bloc.xarxa-omnia.org\/enriquem\/wp-json\/wp\/v2\/pages\/38\/revisions"}],"wp:attachment":[{"href":"https:\/\/bloc.xarxa-omnia.org\/enriquem\/wp-json\/wp\/v2\/media?parent=38"}],"curies":[{"name":"wp","href":"https:\/\/api.w.org\/{rel}","templated":true}]}}