{"id":397,"date":"2012-06-11T11:48:16","date_gmt":"2012-06-11T11:48:16","guid":{"rendered":"http:\/\/puntomnialaflorida.wordpress.com\/?page_id=397"},"modified":"2012-06-11T11:48:16","modified_gmt":"2012-06-11T11:48:16","slug":"com-canviar-la-resolucio-de-pantalla","status":"publish","type":"page","link":"https:\/\/bloc.xarxa-omnia.org\/enriquem\/tutorials\/com-canviar-la-resolucio-de-pantalla\/","title":{"rendered":"Com canviar la resoluci\u00f3 de pantalla?"},"content":{"rendered":"<h1>Com canviar la resoluci\u00f3 de pantalla?<\/h1>\n<p style=\"text-align:justify\">La resoluci\u00f3 de pantalla \u00e9s el nombre de p\u00edxels amb el qual es dibuixa la imatge a la pantalla. Es d\u00f3na en ample per alt, per exemple: 800&#215;600 o 1024&#215;768. Depenent del nostre monitor, prefer\u00e8ncies personals o l&#8217;activitat que realitzem a l&#8217;ordinador, pot ser necessari canviar la resoluci\u00f3 a una major o menor. L&#8217;efecte ser\u00e0 que veurem les coses o lletres m\u00e9s petites o m\u00e9s grans, o que el nostre escriptori sembli m\u00e9s gran o m\u00e9s petit.<\/p>\n<h2>Windows XP<\/h2>\n<p style=\"text-align:justify\">Fer clic amb el bot\u00f3 dret a l&#8217;escriptori i seleccionar l&#8217;opci\u00f3 &#8220;Propietats&#8221; (Figura 1).<\/p>\n<div id=\"attachment_400\" style=\"width: 160px\" class=\"wp-caption aligncenter\"><a href=\"http:\/\/xarxaomnia.gencat.cat\/blocs\/enriquem\/files\/2012\/06\/pantallaxp1.png\"><img loading=\"lazy\" decoding=\"async\" aria-describedby=\"caption-attachment-400\" class=\"size-thumbnail wp-image-400\" title=\"pantallaXP1\" src=\"http:\/\/xarxaomnia.gencat.cat\/blocs\/enriquem\/files\/2012\/06\/pantallaxp1.png?w=150\" alt=\"\" width=\"150\" height=\"136\" srcset=\"https:\/\/bloc.xarxa-omnia.org\/enriquem\/files\/2012\/06\/pantallaxp1.png 405w, https:\/\/bloc.xarxa-omnia.org\/enriquem\/files\/2012\/06\/pantallaxp1-300x273.png 300w\" sizes=\"auto, (max-width: 150px) 100vw, 150px\" \/><\/a><p id=\"caption-attachment-400\" class=\"wp-caption-text\">Figura 1<\/p><\/div>\n<p style=\"text-align:justify\">A la finestra de &#8220;Propietats de Pantalla&#8221;, fer clic a la pestanya &#8220;Configuraci\u00f3&#8221;. A la secci\u00f3 &#8220;Resoluci\u00f3 de pantalla&#8221; podrem moure a la dreta o a l&#8217;esquerra el bot\u00f3 lliscant per augmentar-la o disminuir-la (Figura 2).<\/p>\n<div id=\"attachment_401\" style=\"width: 148px\" class=\"wp-caption aligncenter\"><a href=\"http:\/\/xarxaomnia.gencat.cat\/blocs\/enriquem\/files\/2012\/06\/pantallaxp2.png\"><img loading=\"lazy\" decoding=\"async\" aria-describedby=\"caption-attachment-401\" class=\"size-thumbnail wp-image-401\" title=\"pantallaXP2\" src=\"http:\/\/xarxaomnia.gencat.cat\/blocs\/enriquem\/files\/2012\/06\/pantallaxp2.png?w=138\" alt=\"\" width=\"138\" height=\"150\" srcset=\"https:\/\/bloc.xarxa-omnia.org\/enriquem\/files\/2012\/06\/pantallaxp2.png 419w, https:\/\/bloc.xarxa-omnia.org\/enriquem\/files\/2012\/06\/pantallaxp2-276x300.png 276w\" sizes=\"auto, (max-width: 138px) 100vw, 138px\" \/><\/a><p id=\"caption-attachment-401\" class=\"wp-caption-text\">Figura 2<\/p><\/div>\n<p style=\"text-align:justify\">Apliquem el canvi fent clic al bot\u00f3 D&#8217;acord.<\/p>\n<hr \/>\n<h2>Windows 7<\/h2>\n<p style=\"text-align:justify\">Fer clic amb el bot\u00f3 dret a l&#8217;escriptori i seleccionar l&#8217;opci\u00f3 &#8220;Resoluci\u00f3 de pantalla&#8221; (Figura 1).<\/p>\n<div id=\"attachment_404\" style=\"width: 155px\" class=\"wp-caption aligncenter\"><a href=\"http:\/\/xarxaomnia.gencat.cat\/blocs\/enriquem\/files\/2012\/06\/pantallaw7-1.png\"><img loading=\"lazy\" decoding=\"async\" aria-describedby=\"caption-attachment-404\" class=\"size-thumbnail wp-image-404\" title=\"pantallaW7-1\" src=\"http:\/\/xarxaomnia.gencat.cat\/blocs\/enriquem\/files\/2012\/06\/pantallaw7-1.png?w=145\" alt=\"\" width=\"145\" height=\"150\" srcset=\"https:\/\/bloc.xarxa-omnia.org\/enriquem\/files\/2012\/06\/pantallaw7-1.png 485w, https:\/\/bloc.xarxa-omnia.org\/enriquem\/files\/2012\/06\/pantallaw7-1-292x300.png 292w\" sizes=\"auto, (max-width: 145px) 100vw, 145px\" \/><\/a><p id=\"caption-attachment-404\" class=\"wp-caption-text\">Figura 1<\/p><\/div>\n<p style=\"text-align:justify\">A la finestra de Resoluci\u00f3 de Pantalla veurem una opci\u00f3 per canviar la &#8220;Resoluci\u00f3&#8221; (Figura 2).<\/p>\n<div id=\"attachment_405\" style=\"width: 160px\" class=\"wp-caption aligncenter\"><a href=\"http:\/\/xarxaomnia.gencat.cat\/blocs\/enriquem\/files\/2012\/06\/pantallaw7-2.png\"><img loading=\"lazy\" decoding=\"async\" aria-describedby=\"caption-attachment-405\" class=\"size-thumbnail wp-image-405\" title=\"pantallaW7-2\" src=\"http:\/\/xarxaomnia.gencat.cat\/blocs\/enriquem\/files\/2012\/06\/pantallaw7-2.png?w=150\" alt=\"\" width=\"150\" height=\"127\" srcset=\"https:\/\/bloc.xarxa-omnia.org\/enriquem\/files\/2012\/06\/pantallaw7-2.png 640w, https:\/\/bloc.xarxa-omnia.org\/enriquem\/files\/2012\/06\/pantallaw7-2-300x255.png 300w\" sizes=\"auto, (max-width: 150px) 100vw, 150px\" \/><\/a><p id=\"caption-attachment-405\" class=\"wp-caption-text\">Figura 2<\/p><\/div>\n<p style=\"text-align:justify\">Al fer clic sobre aquesta veurem una llista de les resolucions disponilbles per a la nostra pantalla (Figura 3).<\/p>\n<div id=\"attachment_406\" style=\"width: 160px\" class=\"wp-caption aligncenter\"><a href=\"http:\/\/xarxaomnia.gencat.cat\/blocs\/enriquem\/files\/2012\/06\/pantallaw7-3.png\"><img loading=\"lazy\" decoding=\"async\" aria-describedby=\"caption-attachment-406\" class=\"size-thumbnail wp-image-406\" title=\"pantallaW7-3\" src=\"http:\/\/xarxaomnia.gencat.cat\/blocs\/enriquem\/files\/2012\/06\/pantallaw7-3.png?w=150\" alt=\"\" width=\"150\" height=\"127\" srcset=\"https:\/\/bloc.xarxa-omnia.org\/enriquem\/files\/2012\/06\/pantallaw7-3.png 640w, https:\/\/bloc.xarxa-omnia.org\/enriquem\/files\/2012\/06\/pantallaw7-3-300x255.png 300w\" sizes=\"auto, (max-width: 150px) 100vw, 150px\" \/><\/a><p id=\"caption-attachment-406\" class=\"wp-caption-text\">Figura 3<\/p><\/div>\n<p style=\"text-align:justify\">Seleccionem la que volem i apliquem el canvi fent clic al bot\u00f3 D&#8217;acord.<\/p>\n","protected":false},"excerpt":{"rendered":"<p>Com canviar la resoluci\u00f3 de pantalla? La resoluci\u00f3 de pantalla \u00e9s el nombre de p\u00edxels amb el qual es dibuixa la imatge a la pantalla. Es d\u00f3na en ample per alt, per exemple: 800&#215;600 o 1024&#215;768. Depenent del nostre monitor, prefer\u00e8ncies personals o l&#8217;activitat que realitzem a l&#8217;ordinador, pot ser necessari canviar la resoluci\u00f3 a &#8230; <span class=\"more\"><a class=\"more-link\" href=\"https:\/\/bloc.xarxa-omnia.org\/enriquem\/tutorials\/com-canviar-la-resolucio-de-pantalla\/\">[Read more&#8230;]<\/a><\/span><\/p>\n","protected":false},"author":191,"featured_media":0,"parent":32,"menu_order":7,"comment_status":"open","ping_status":"open","template":"","meta":{"footnotes":""},"class_list":["entry","page","publish","author-enriquem","post-397"],"_links":{"self":[{"href":"https:\/\/bloc.xarxa-omnia.org\/enriquem\/wp-json\/wp\/v2\/pages\/397","targetHints":{"allow":["GET"]}}],"collection":[{"href":"https:\/\/bloc.xarxa-omnia.org\/enriquem\/wp-json\/wp\/v2\/pages"}],"about":[{"href":"https:\/\/bloc.xarxa-omnia.org\/enriquem\/wp-json\/wp\/v2\/types\/page"}],"author":[{"embeddable":true,"href":"https:\/\/bloc.xarxa-omnia.org\/enriquem\/wp-json\/wp\/v2\/users\/191"}],"replies":[{"embeddable":true,"href":"https:\/\/bloc.xarxa-omnia.org\/enriquem\/wp-json\/wp\/v2\/comments?post=397"}],"version-history":[{"count":0,"href":"https:\/\/bloc.xarxa-omnia.org\/enriquem\/wp-json\/wp\/v2\/pages\/397\/revisions"}],"up":[{"embeddable":true,"href":"https:\/\/bloc.xarxa-omnia.org\/enriquem\/wp-json\/wp\/v2\/pages\/32"}],"wp:attachment":[{"href":"https:\/\/bloc.xarxa-omnia.org\/enriquem\/wp-json\/wp\/v2\/media?parent=397"}],"curies":[{"name":"wp","href":"https:\/\/api.w.org\/{rel}","templated":true}]}}