{"id":40,"date":"2011-04-07T17:39:30","date_gmt":"2011-04-07T17:39:30","guid":{"rendered":"http:\/\/puntomnialaflorida.wordpress.com\/?page_id=40"},"modified":"2011-04-07T17:39:30","modified_gmt":"2011-04-07T17:39:30","slug":"info-la-florida","status":"publish","type":"page","link":"https:\/\/bloc.xarxa-omnia.org\/enriquem\/info-la-florida\/","title":{"rendered":"Info La Florida"},"content":{"rendered":"<p><span style=\"font-family:Verdana, sans-serif\"><span style=\"font-size:small\"><strong>Aqu\u00ed trobareu tel\u00e8fons i dades d&#8217;inter\u00e8s d&#8217;alguns dels serveis i entitats de La Florida.<\/strong><\/span><\/span><\/p>\n<p><a href=\"http:\/\/dl.dropbox.com\/u\/26668344\/GUIA%20PER%20A%20USUARIS%20GRAELLA%20EIX%201%2B3%20CAT.pdf\"><img loading=\"lazy\" decoding=\"async\" class=\"alignleft size-full wp-image-317\" title=\"areader\" src=\"http:\/\/xarxaomnia.gencat.cat\/blocs\/enriquem\/files\/2012\/06\/areader.png\" alt=\"\" width=\"71\" height=\"73\" \/><\/a><\/p>\n<p>&nbsp;<\/p>\n<p><a href=\"http:\/\/dl.dropbox.com\/u\/26668344\/GUIA%20PER%20A%20USUARIS%20GRAELLA%20EIX%201%2B3%20CAT.pdf\">Guia de Recursos Formatius<\/a><\/p>\n<p>&nbsp;<\/p>\n<hr \/>\n<p><strong><span style=\"color:#ff6600\"><span style=\"font-family:Verdana, sans-serif\"><span style=\"font-size:x-small\">Escola d&#8217;Adults La Florida:<\/span><\/span><\/span><\/strong><\/p>\n<p><span style=\"font-family:Verdana, sans-serif\"><span style=\"font-size:x-small\">Adre\u00e7a: Pl. Llibertat, 5<br \/>\n08905 L&#8217;Hospitalet de Llobregat &#8211; Barcelona<br \/>\ne-mail: <a href=\"mailto:a8062006@xtec.cat\">a8062006@xtec.cat<\/a> <\/span><\/span><\/p>\n<p><span style=\"color:#ff6633\"><span style=\"font-family:Verdana, sans-serif\"><span style=\"font-size:x-small\"><strong>Centre Cultural La B\u00f2bila:<\/strong><\/span><\/span><\/span><\/p>\n<p><span style=\"font-family:Verdana, sans-serif\"><span style=\"font-size:x-small\">Adre\u00e7a: Pl. de la B\u00f2bila, 1<br \/>\n08906 L&#8217;Hospitalet de Llobregat &#8211; Barcelona<br \/>\nTel.: 93 480 71 82<br \/>\nFax: 93 480 71 83<br \/>\ne-mail: <a href=\"mailto:%20ccultural.labobila@l-h.cat\">ccultural.labobila@l-h.cat<\/a><\/span><\/span><\/p>\n<p><strong><span style=\"color:#ff6600\"><span style=\"font-family:Verdana, sans-serif\"><span style=\"font-size:x-small\">Biblioteca La Florida:<\/span><\/span><\/span><\/strong><\/p>\n<p><span style=\"font-family:Verdana, sans-serif\"><span style=\"font-size:x-small\">Av. Del Masnou, 40<br \/>\n08905 L&#8217;Hospitalet de Llobregat &#8211; Barcelona<br \/>\nTel: 93 447 02 22<br \/>\nFax: 93 447 02 23<br \/>\ne-mail: <a href=\"mailto:biblaflorida@l-h.es\">biblaflorida@l-h.es<\/a><br \/>\nHorari: Dilluns i dimarts: de 10 a 13&#8217;30h i de 15&#8217;30 a 20&#8217;30h.<br \/>\nDe dimecres a divendres: de 15&#8217;30 a 20&#8217;30h.<br \/>\nDissabtes: de 10 a 13&#8217;30h<\/span><\/span><\/p>\n<p><strong><span style=\"color:#ff6600\"><span style=\"font-family:Verdana, sans-serif\"><span style=\"font-size:x-small\">Associaci\u00f3 de Ve\u00efns de La Florida:<\/span><\/span><\/span><\/strong><\/p>\n<p><span style=\"font-family:Verdana, sans-serif\"><span style=\"font-size:x-small\">Adre\u00e7a: Pl. Dels Blocs de la Florida, 13, PB Pis.<br \/>\n08905 L&#8217;Hospitalet de Llobregat &#8211; Barcelona<br \/>\nTelf: 93 438 13 09<\/span><\/span><\/p>\n<p><strong><span style=\"color:#ff6600\"><span style=\"font-family:Verdana, sans-serif\"><span style=\"font-size:x-small\">Regidoria del Districte IV \/ V:<br \/>\nLa Florida, Pubilla Cases, Can Serra y les Planes<\/span><\/span><\/span><\/strong><br \/>\n<span style=\"font-family:Verdana, sans-serif\"><span style=\"font-size:x-small\"><br \/>\nRegidora: Fernanda Sanchez Alcantara<br \/>\nAdre\u00e7a: Carrer Mol\u00ed, 14<br \/>\n08906 L&#8217;Hospitalet de Llobregat &#8211; Barcelona<br \/>\nTelf: 93-437-71-25<\/span><\/span><\/p>\n<p><strong><span style=\"color:#ff6600\"><span style=\"font-family:Verdana, sans-serif\"><span style=\"font-size:x-small\">CAP La Florida:<\/span><\/span><\/span><\/strong><\/p>\n<p><span style=\"font-family:Verdana, sans-serif\"><span style=\"font-size:x-small\">Adre\u00e7a: Parc dels Ocellets, s\/n<br \/>\n08905 L&#8217;Hospitalet de Llobregat<br \/>\nTelf: 934471080<\/span><\/span><\/p>\n<p><strong><span style=\"color:#ff6600\"><span style=\"font-family:Verdana, sans-serif\"><span style=\"font-size:x-small\">\u00c0rea B\u00e0sica de Serveis Socials Districte IV &#8211; V<\/span><\/span><\/span><\/strong><\/p>\n<p><span style=\"font-family:Verdana, sans-serif\"><span style=\"font-size:x-small\">Adre\u00e7a: C. Mol\u00ed, 14, BX pis.<br \/>\nCP: 08906<br \/>\nCita pr\u00e8via: 93 438 05 77<br \/>\nFax: 93 437 97 20<br \/>\nHoraris: De Dilluns a Divendres de 09 a 14 hores <\/span><\/span><\/p>\n<p><strong><span style=\"color:#ff6600\"><span style=\"font-family:Verdana, sans-serif\"><span style=\"font-size:x-small\">Oficina d&#8217;Atenci\u00f3 al Ciutad\u00e0:<\/span><\/span><\/span><\/strong><\/p>\n<p><span style=\"font-family:Verdana, sans-serif\"><span style=\"font-size:x-small\">Adre\u00e7a: C.Girona, 10<br \/>\n08901 L&#8217;Hospitalet<br \/>\nTelf: 93-402-94-94<br \/>\nFax :93-402-94-25<br \/>\ne-mail: <a href=\"mailto:info@l-h.cat\">info@l-h.cat<\/a><br \/>\nHorari: De Dilluns a Divendres de 8:30 a 14:00<\/span><\/span><\/p>\n","protected":false},"excerpt":{"rendered":"<p>Aqu\u00ed trobareu tel\u00e8fons i dades d&#8217;inter\u00e8s d&#8217;alguns dels serveis i entitats de La Florida. &nbsp; Guia de Recursos Formatius &nbsp; Escola d&#8217;Adults La Florida: Adre\u00e7a: Pl. Llibertat, 5 08905 L&#8217;Hospitalet de Llobregat &#8211; Barcelona e-mail: a8062006@xtec.cat Centre Cultural La B\u00f2bila: Adre\u00e7a: Pl. de la B\u00f2bila, 1 08906 L&#8217;Hospitalet de Llobregat &#8211; Barcelona Tel.: 93 480 &#8230; <span class=\"more\"><a class=\"more-link\" href=\"https:\/\/bloc.xarxa-omnia.org\/enriquem\/info-la-florida\/\">[Read more&#8230;]<\/a><\/span><\/p>\n","protected":false},"author":191,"featured_media":0,"parent":0,"menu_order":5,"comment_status":"closed","ping_status":"closed","template":"","meta":{"footnotes":""},"class_list":["entry","page","publish","author-enriquem","post-40"],"_links":{"self":[{"href":"https:\/\/bloc.xarxa-omnia.org\/enriquem\/wp-json\/wp\/v2\/pages\/40","targetHints":{"allow":["GET"]}}],"collection":[{"href":"https:\/\/bloc.xarxa-omnia.org\/enriquem\/wp-json\/wp\/v2\/pages"}],"about":[{"href":"https:\/\/bloc.xarxa-omnia.org\/enriquem\/wp-json\/wp\/v2\/types\/page"}],"author":[{"embeddable":true,"href":"https:\/\/bloc.xarxa-omnia.org\/enriquem\/wp-json\/wp\/v2\/users\/191"}],"replies":[{"embeddable":true,"href":"https:\/\/bloc.xarxa-omnia.org\/enriquem\/wp-json\/wp\/v2\/comments?post=40"}],"version-history":[{"count":0,"href":"https:\/\/bloc.xarxa-omnia.org\/enriquem\/wp-json\/wp\/v2\/pages\/40\/revisions"}],"wp:attachment":[{"href":"https:\/\/bloc.xarxa-omnia.org\/enriquem\/wp-json\/wp\/v2\/media?parent=40"}],"curies":[{"name":"wp","href":"https:\/\/api.w.org\/{rel}","templated":true}]}}