{"id":458,"date":"2012-06-18T18:37:46","date_gmt":"2012-06-18T18:37:46","guid":{"rendered":"http:\/\/puntomnialaflorida.wordpress.com\/?page_id=458"},"modified":"2012-06-18T18:37:46","modified_gmt":"2012-06-18T18:37:46","slug":"programari","status":"publish","type":"page","link":"https:\/\/bloc.xarxa-omnia.org\/enriquem\/programari\/","title":{"rendered":"Programari"},"content":{"rendered":"<p style=\"text-align:justify\">En aquesta p\u00e0gina trobar\u00e0s enlla\u00e7os a programes gratu\u00efts que podr\u00e0s descarregar i instal\u00b7lar al teu ordinador.<\/p>\n<h2><a href=\"http:\/\/xarxaomnia.gencat.cat\/blocs\/enriquem\/files\/2012\/06\/firefox.png\"><img loading=\"lazy\" decoding=\"async\" class=\"alignnone size-full wp-image-468\" title=\"firefox\" src=\"http:\/\/xarxaomnia.gencat.cat\/blocs\/enriquem\/files\/2012\/06\/firefox.png\" alt=\"\" width=\"50\" height=\"50\" \/><\/a>\u00a0Mozilla Firefox<\/h2>\n<p style=\"text-align:justify\"><a href=\"http:\/\/www.mozilla.org\/ca\/firefox\/\">www.mozilla.org<\/a><\/p>\n<p style=\"text-align:justify\">Mozilla Firefox \u00e9s un navegador d&#8217;internet gratu\u00eft i de codi obert, un dels m\u00e9s utilitzats en el m\u00f3n.<\/p>\n<h2><a href=\"http:\/\/xarxaomnia.gencat.cat\/blocs\/enriquem\/files\/2012\/06\/libreoffice.png\"><img loading=\"lazy\" decoding=\"async\" class=\"alignnone size-full wp-image-475\" title=\"libreoffice\" src=\"http:\/\/xarxaomnia.gencat.cat\/blocs\/enriquem\/files\/2012\/06\/libreoffice.png\" alt=\"\" width=\"194\" height=\"40\" \/><\/a><\/h2>\n<p style=\"text-align:justify\"><a href=\"http:\/\/es.libreoffice.org\/home\/\">www.libreoffice.org<\/a><\/p>\n<p style=\"text-align:justify\">LibreOffice \u00e9s una suite gratu\u00efta de productivitat personal de codi obert sorgida de l&#8217;OpenOffice, que li permet treballar amb documents de text, fulls de c\u00e0lcul, presentacions i m\u00e9s. Podeu obrir i guardar en format de MS Office.<\/p>\n<h2><a href=\"http:\/\/xarxaomnia.gencat.cat\/blocs\/enriquem\/files\/2012\/06\/openoffice.png\"><img loading=\"lazy\" decoding=\"async\" class=\"alignnone size-full wp-image-477\" title=\"openoffice\" src=\"http:\/\/xarxaomnia.gencat.cat\/blocs\/enriquem\/files\/2012\/06\/openoffice.png\" alt=\"\" width=\"120\" height=\"40\" \/><\/a><\/h2>\n<p style=\"text-align:justify\"><a href=\"http:\/\/www.openoffice.org\/ca\/\">www.openoffice.org<\/a><\/p>\n<p style=\"text-align:justify\">OpenOffice \u00e9s una suite gratu\u00efta de productivitat personal de codi obert, que li permet treballar amb documents de text, fulls de c\u00e0lcul, presentacions i m\u00e9s. Podeu obrir i guardar en format de MS Office.<\/p>\n<h2><a href=\"http:\/\/xarxaomnia.gencat.cat\/blocs\/enriquem\/files\/2012\/06\/gimp.png\"><img loading=\"lazy\" decoding=\"async\" class=\"alignnone size-full wp-image-479\" title=\"gimp\" src=\"http:\/\/xarxaomnia.gencat.cat\/blocs\/enriquem\/files\/2012\/06\/gimp.png\" alt=\"\" width=\"64\" height=\"64\" \/><\/a>\u00a0GIMP<\/h2>\n<p style=\"text-align:justify\"><a href=\"http:\/\/www.gimp.org\">www.gimp.org<\/a><\/p>\n<p style=\"text-align:justify\">El GIMP \u00e9s una eina de manipulaci\u00f3 fotogr\u00e0fica. GIMP \u00e9s un acr\u00f2nim de GNU Image Manipulation Program (Programa de Manipulaci\u00f3 de Imatges de GNU). En el GIMP es poden realitzar tot tipus de tasques de manipulaci\u00f3 d&#8217;imatges, incloent retoc fotogr\u00e0fic, composici\u00f3 d&#8217;imatges i creaci\u00f3 d&#8217;imatges.<\/p>\n<h2><a href=\"http:\/\/xarxaomnia.gencat.cat\/blocs\/enriquem\/files\/2012\/06\/vlc.png\"><img loading=\"lazy\" decoding=\"async\" class=\"alignnone size-full wp-image-483\" title=\"vlc\" src=\"http:\/\/xarxaomnia.gencat.cat\/blocs\/enriquem\/files\/2012\/06\/vlc.png\" alt=\"\" width=\"44\" height=\"50\" \/><\/a>\u00a0VLC Media Player<\/h2>\n<p style=\"text-align:justify\"><a href=\"http:\/\/www.videolan.org\">www.videolan.org<\/a><\/p>\n<p style=\"text-align:justify\">VLC \u00e9s un reproductor multim\u00e8dia lliure i de codi obert que reprodueix la majoria d&#8217;arxius multim\u00e8dia, aix\u00ed com DVD, CD d&#8217;\u00e0udio i v\u00eddeo.<\/p>\n<h2 style=\"text-align:justify\"><a href=\"http:\/\/xarxaomnia.gencat.cat\/blocs\/enriquem\/files\/2012\/06\/picasa1.png\"><img loading=\"lazy\" decoding=\"async\" class=\"alignnone size-full wp-image-503\" title=\"picasa\" src=\"http:\/\/xarxaomnia.gencat.cat\/blocs\/enriquem\/files\/2012\/06\/picasa1.png\" alt=\"\" width=\"116\" height=\"40\" \/><\/a><\/h2>\n<p style=\"text-align:justify\"><a href=\"http:\/\/picasa.google.com\/intl\/ca\/\">picasa.google.com<\/a><\/p>\n<p style=\"text-align:justify\">Programa gratu\u00eft per organitzar, editar i compartir les teves fotos per internet de la manera m\u00e9s r\u00e0pida.<\/p>\n<h2><a href=\"http:\/\/xarxaomnia.gencat.cat\/blocs\/enriquem\/files\/2012\/06\/avg-free.png\"><img loading=\"lazy\" decoding=\"async\" class=\"alignnone size-full wp-image-484\" title=\"avg-free\" src=\"http:\/\/xarxaomnia.gencat.cat\/blocs\/enriquem\/files\/2012\/06\/avg-free.png\" alt=\"\" width=\"132\" height=\"34\" \/><\/a><\/h2>\n<p style=\"text-align:justify\"><a href=\"http:\/\/free.avg.com\/es-es\/inicio\">free.avg.com<\/a><\/p>\n<p style=\"text-align:justify\">Antivirus gratu\u00eft per a \u00fas dom\u00e8stic que ofereix protecci\u00f3 b\u00e0sica per a una navegaci\u00f3 segura per internet.<\/p>\n<h2><a href=\"http:\/\/xarxaomnia.gencat.cat\/blocs\/enriquem\/files\/2012\/06\/spybot.png\"><img loading=\"lazy\" decoding=\"async\" class=\"alignnone size-full wp-image-485\" title=\"spybot\" src=\"http:\/\/xarxaomnia.gencat.cat\/blocs\/enriquem\/files\/2012\/06\/spybot.png\" alt=\"\" width=\"184\" height=\"40\" \/><\/a><\/h2>\n<p style=\"text-align:justify\"><a href=\"http:\/\/www.safer-networking.org\/es\/index.html\">www.safer-networking.org<\/a><\/p>\n<p style=\"text-align:justify\">Spybot &#8211; Search &amp; Destroy pot detectar i eliminar programari espia de diferent tipus en el seu ordinador.<\/p>\n","protected":false},"excerpt":{"rendered":"<p>En aquesta p\u00e0gina trobar\u00e0s enlla\u00e7os a programes gratu\u00efts que podr\u00e0s descarregar i instal\u00b7lar al teu ordinador. \u00a0Mozilla Firefox www.mozilla.org Mozilla Firefox \u00e9s un navegador d&#8217;internet gratu\u00eft i de codi obert, un dels m\u00e9s utilitzats en el m\u00f3n. www.libreoffice.org LibreOffice \u00e9s una suite gratu\u00efta de productivitat personal de codi obert sorgida de l&#8217;OpenOffice, que li permet &#8230; <span class=\"more\"><a class=\"more-link\" href=\"https:\/\/bloc.xarxa-omnia.org\/enriquem\/programari\/\">[Read more&#8230;]<\/a><\/span><\/p>\n","protected":false},"author":191,"featured_media":0,"parent":0,"menu_order":2,"comment_status":"open","ping_status":"open","template":"","meta":{"footnotes":""},"class_list":["entry","page","publish","author-enriquem","post-458"],"_links":{"self":[{"href":"https:\/\/bloc.xarxa-omnia.org\/enriquem\/wp-json\/wp\/v2\/pages\/458","targetHints":{"allow":["GET"]}}],"collection":[{"href":"https:\/\/bloc.xarxa-omnia.org\/enriquem\/wp-json\/wp\/v2\/pages"}],"about":[{"href":"https:\/\/bloc.xarxa-omnia.org\/enriquem\/wp-json\/wp\/v2\/types\/page"}],"author":[{"embeddable":true,"href":"https:\/\/bloc.xarxa-omnia.org\/enriquem\/wp-json\/wp\/v2\/users\/191"}],"replies":[{"embeddable":true,"href":"https:\/\/bloc.xarxa-omnia.org\/enriquem\/wp-json\/wp\/v2\/comments?post=458"}],"version-history":[{"count":0,"href":"https:\/\/bloc.xarxa-omnia.org\/enriquem\/wp-json\/wp\/v2\/pages\/458\/revisions"}],"wp:attachment":[{"href":"https:\/\/bloc.xarxa-omnia.org\/enriquem\/wp-json\/wp\/v2\/media?parent=458"}],"curies":[{"name":"wp","href":"https:\/\/api.w.org\/{rel}","templated":true}]}}