{"id":190,"date":"2012-03-01T18:19:59","date_gmt":"2012-03-01T17:19:59","guid":{"rendered":"http:\/\/blog.xarxa-omnia.org\/esclat\/?page_id=190"},"modified":"2016-01-18T14:12:21","modified_gmt":"2016-01-18T13:12:21","slug":"webs-interesantes","status":"publish","type":"page","link":"https:\/\/bloc.xarxa-omnia.org\/esclat\/webs-interesantes\/","title":{"rendered":"webs interesantes"},"content":{"rendered":"<p><span style=\"text-decoration: underline\"><span style=\"color: #99cc00;text-decoration: underline\">FOTOGRAF\u00cdA<\/span><\/span><\/p>\n<p><a href=\"http:\/\/www.editorfotosgratis.com\/\">editor de fotos<\/a>: sencillo editor de fotos en espa\u00f1ol con las funciones m\u00e1s basicas.<\/p>\n<p><a href=\"http:\/\/pixlr.com\/\">pixrl<\/a>: Editor de fotos en espa\u00f1ol, con posibilidad de poner efectos, tener hoja de dibujo, muchas opciones&#8230;<\/p>\n<p><a href=\"http:\/\/pizap.com\/pizap.php?width=1276\">pizap<\/a>: Retoca de muchas formas tus fotos: haz collages, decora las fotos e incluso haz montajes fotogr\u00e1ficos. En ingles, intuitiva. Algun apartado &#8220;pro&#8221; que no se puede usar sin registro.<\/p>\n<p><a href=\"http:\/\/www.loonapix.com\/es\/\">loonapix<\/a>: crea sencillos montajes a partir de plantillas.\u00a0\u00a0P\u00e1gina en espa\u00f1ol.<\/p>\n<p><a href=\"http:\/\/www.picmonkey.com\/\">picmonkey<\/a>: Editor de fotos con muchos efectos, muy visual. \u00a0buena herramienta para hacer collages. En ingl\u00e9s bastante intuitiva. Con apartados\u00a0&#8220;premium&#8221; que no se pueden usar (corona)<\/p>\n<p><a href=\"http:\/\/www.collage.es\/collage\/\">collage<\/a>: junta distintas fotos en una a tu manera o con plantillas en esta sencilla web en espa\u00f1ol.<\/p>\n<p><a href=\"http:\/\/www.photovisi.com\/\">photovisi<\/a>: \u00a0crea impresionantes collages mediante plantillas. Web en ingles.<\/p>\n<p>&nbsp;<\/p>\n<p><span style=\"text-decoration: underline;color: #99cc00\">DE PAPEL<\/span><\/p>\n<p><a href=\"http:\/\/www.papercritters.com\/pc.php\">recortables<\/a>: Crea un recortable de papel, dibuja y estampa el interior del mu\u00f1eco en la pagina de papercriters<\/p>\n<p><a href=\"http:\/\/www.cubeecraft.com\/\">recortables<\/a>: Descarga o imprime recortables de todo tipo enla web de\u00a0cubeecraft.<\/p>\n<p><a href=\"http:\/\/www.es.origami-club.com\/\">papiroflexia<\/a>: Haz figuras de papel viendo el paso a paso en la pantalla. En espa\u00f1ol.<\/p>\n<p><span style=\"text-decoration: underline\"><span style=\"color: #99cc00;text-decoration: underline\">HISTORIETAS<\/span><\/span><\/p>\n<p><a href=\"http:\/\/www.bitstrips.com\/create\/avatar\/\">bitstrips<\/a>: Creaci\u00f3n de personajes y c\u00f3mics, muy completo, necesita registro para todas las opciones.<\/p>\n<p><a href=\"http:\/\/www.makebeliefscomix.com\/Comix\/\">comic<\/a>: Creador de c\u00f3mics con personajes ya hechos y poco personalizables en la web de makebeliefscomix.<\/p>\n<p><a href=\"http:\/\/media2.gamesbox.com\/games\/files\/comiccreator.swf\">tira c\u00f3mica de Garfield<\/a>: escoger \u00a0personajes y a\u00f1ade texto para crear tu propia tira c\u00f3mica. Para empezar hay que hacer clic donde pone &#8221; click here to get started&#8221; en la parte derecha y luego al bot\u00f3n &#8220;I agree&#8221;.<\/p>\n<p><a href=\"http:\/\/www.storyjumper.com\/\">libro ilustrado<\/a>: en esta web podr\u00e1s crear tu propio libro, podr\u00e1s escoger los dibujos para poner como si fueran pegatinas y redactar por paginas como si de un libro se tratara. puedes mandarlo a imprimir o imprimirlo en tu casa. El registro te permite guardar tu creaci\u00f3n para continuar en otro momento.<\/p>\n<p><span style=\"text-decoration: underline\"><span style=\"color: #99cc00;text-decoration: underline\">PINTA:<\/span><\/span><\/p>\n<p><a href=\"http:\/\/www.picassohead.com\/\">picassohead<\/a>: Haz un cuadro como Picaso\u00a0 usando plantillas para estampar. En ingles pero se puede intuir.<\/p>\n<p><a href=\"http:\/\/es.hellokids.com\/r_2010\/dibujos-para-colorear\/colorear-para-adultos\">colorea<\/a>: pinta dibujos para adultos como mandalas online<\/p>\n<p><a href=\"http:\/\/www.sumopaint.com\/home\/\">sumopaint<\/a>: dibuja formas impresionantes o retoca una imagen en esta web que parece un programa. En ingles.<\/p>\n<p><span style=\"text-decoration: underline\"><span style=\"color: #99cc00;text-decoration: underline\">CREACI\u00d3N DE PERSONAJES<\/span><\/span><\/p>\n<p><a href=\"http:\/\/www.pocoyize.com\/\">pocoyizate<\/a>: Crea personajes personalizados como los de la serie de dibujos de Pocoyo de manera sencilla.<\/p>\n<p><a href=\"http:\/\/www.faceyourmanga.com\/editmangatar.php\">avatar<\/a>: crea una cara de dibujos animados para poner como foto de perfil.<\/p>\n<p><a href=\"http:\/\/www.ugo.com\/games\/superhero-generator-heromachine-2-5\">superheroe<\/a>: Crea tu propio superh\u00e9roe. Tendr\u00e1s todas las opciones para dise\u00f1ar un superh\u00e9roe, trajes, armas, musculos&#8230;<\/p>\n<p><span style=\"text-decoration: underline\"><span style=\"color: #99cc00;text-decoration: underline\">OTROS:<\/span><\/span><\/p>\n<p><a href=\"http:\/\/www.jigsawplanet.com\/\">puzles<\/a>: Haz tu propio puzzle con la foto que quieras y las piezas que quieras en la web de jigsawplanet<\/p>\n<p><a href=\"http:\/\/www.blurb.es\/\">libro de fotos<\/a>: en la web de Blurb podr\u00e1s escoger distintas formas de crear tu \u00e1lbum de fotograf\u00edas de distintos tama\u00f1os a un precio muy competitivo. Tambi\u00e9n puedes descargar tu creaci\u00f3n en formato pdf. \u00a0Puedes crearlo online o descargarte un programa para tu ordenador o tablet.\u00a0El registro te permite guardar tu creaci\u00f3n para continuar en otro momento.<\/p>\n","protected":false},"excerpt":{"rendered":"<p>FOTOGRAF\u00cdA editor de fotos: sencillo editor de fotos en espa\u00f1ol con las funciones m\u00e1s basicas. pixrl: Editor de fotos en espa\u00f1ol, con posibilidad de poner efectos, tener hoja de dibujo, muchas opciones&#8230; pizap: Retoca de muchas formas tus fotos: haz collages, decora las fotos e incluso haz montajes fotogr\u00e1ficos. En ingles, intuitiva. Algun apartado &#8220;pro&#8221; [&hellip;]<\/p>\n","protected":false},"author":62,"featured_media":0,"parent":0,"menu_order":0,"comment_status":"closed","ping_status":"closed","template":"","meta":{"ngg_post_thumbnail":0,"footnotes":""},"class_list":["post-190","page","type-page","status-publish","hentry"],"_links":{"self":[{"href":"https:\/\/bloc.xarxa-omnia.org\/esclat\/wp-json\/wp\/v2\/pages\/190","targetHints":{"allow":["GET"]}}],"collection":[{"href":"https:\/\/bloc.xarxa-omnia.org\/esclat\/wp-json\/wp\/v2\/pages"}],"about":[{"href":"https:\/\/bloc.xarxa-omnia.org\/esclat\/wp-json\/wp\/v2\/types\/page"}],"author":[{"embeddable":true,"href":"https:\/\/bloc.xarxa-omnia.org\/esclat\/wp-json\/wp\/v2\/users\/62"}],"replies":[{"embeddable":true,"href":"https:\/\/bloc.xarxa-omnia.org\/esclat\/wp-json\/wp\/v2\/comments?post=190"}],"version-history":[{"count":29,"href":"https:\/\/bloc.xarxa-omnia.org\/esclat\/wp-json\/wp\/v2\/pages\/190\/revisions"}],"predecessor-version":[{"id":611,"href":"https:\/\/bloc.xarxa-omnia.org\/esclat\/wp-json\/wp\/v2\/pages\/190\/revisions\/611"}],"wp:attachment":[{"href":"https:\/\/bloc.xarxa-omnia.org\/esclat\/wp-json\/wp\/v2\/media?parent=190"}],"curies":[{"name":"wp","href":"https:\/\/api.w.org\/{rel}","templated":true}]}}