{"id":68,"date":"2011-02-24T20:29:56","date_gmt":"2011-02-24T19:29:56","guid":{"rendered":"http:\/\/blog.xarxa-omnia.org\/esclat\/?page_id=68"},"modified":"2016-09-13T15:24:54","modified_gmt":"2016-09-13T14:24:54","slug":"publicaciones","status":"publish","type":"page","link":"https:\/\/bloc.xarxa-omnia.org\/esclat\/publicaciones\/","title":{"rendered":"publicaciones y manuales"},"content":{"rendered":"<p>Tenemos cuenta en la p\u00e1gina de Issuu, as\u00ed que ser\u00e1 all\u00ed donde iremos colgando manuales de los programas que usamos en los talleres de inform\u00e1tica, tutoriales para usar algunas p\u00e1ginas web, actividades y la revista que hacen los peque\u00f1os de la casa. Podeis encontar todo esto clicando <a href=\"http:\/\/issuu.com\/centre.esclat\">aqu\u00ed<\/a>. ( M\u00e1s abajo os pongo algunos enlaces directos) Si quieres descargarte algun archivo mandame un correo a centre.esclat@hotmail.com<\/p>\n<p>Para los que querais explorar manuales y tutoriales\u00a0os\u00a0 dejo una pagina con bastante material: <a href=\"http:\/\/www.aulafacil.com\/\" target=\"_blank\">www.aulafacil.com<\/a>. Tambi\u00e9n te recomiendo la p\u00e1gina web de\u00a0<a href=\"http:\/\/www.livemanual.info\/\">livemanual<\/a> que contiene varios manuales y ejercicios para que practiques.<\/p>\n<p>Aqu\u00ed\u00a0te dejo algunos enlaces y archivos, haz clic encima del nombre en azul\u00a0para acceder a ellos.<\/p>\n<p><a href=\"http:\/\/www.youtube.com\/watch?v=PAmUPfaBqLs&amp;list=HL1340117342&amp;feature=mh_lolz\">como hacer carpetas con el bot\u00f3n derecho<\/a> : video tutorial que te explica una forma sencilla de hacer carpetas.<\/p>\n<p><a href=\"http:\/\/windows.microsoft.com\/es-ES\/windows-vista\/Working-with-files-and-folders\">ARCHIVOS Y CARPETAS: <\/a>manual ofrecido en la web de windows donde se explica las caracteristicas basicas de los archivos y las carpetas.<\/p>\n<p><a href=\"http:\/\/xarxaomnia.gencat.cat\/blocs\/esclat\/files\/COMO-COPIAR-TEXTO-DE-INTERNET.pdf\">COMO COPIAR TEXTO E IMAGENES DE INTERNET<\/a> : os dejo un peque\u00f1o manual que os puede ayudar a copiar texto o imagenes de internet a un documneto de texto u otro progrma.<\/p>\n<p><a href=\"http:\/\/xarxaomnia.gencat.cat\/blocs\/esclat\/files\/Como-pasar-fotos-a-tu-ordenador.pdf\">Como pasar fotos a tu ordenador<\/a>: un peque\u00f1o tutorial que explica como podemos pasar facilemnte las fotos de nuestras camaras o mobiles al ordenador.<\/p>\n<p><a href=\"http:\/\/xarxaomnia.gencat.cat\/blocs\/esclat\/files\/BUSCAR-UN-MAPA-EN-INTERNET.pdf\">BUSCAR UN MAPA EN INTERNET<\/a>:\u00a0tutorial de google maps para que encuentres el mapa que buscar o hagas una ruta entre dos puntos.<\/p>\n<p><a href=\"http:\/\/xarxaomnia.gencat.cat\/blocs\/esclat\/files\/como-adjuntar-un-archivo-en-hotmail1.pdf\">Como adjuntar un archivo en hotmail<\/a>. a\u00f1ade una foto, un documento de texto , una presentaci\u00f3n, etc a tus correos electr\u00f3nicos<\/p>\n<p><a href=\"https:\/\/support.skype.com\/es\/\">skype:<\/a> web oficial de soporte tecnico de skype con varias quias practicas de como usar el programa.<\/p>\n<p><a href=\"http:\/\/xarxaomnia.gencat.cat\/blocs\/esclat\/files\/impres-explicat.pdf\">impres 3.3 <\/a>: el programa de presentaciones de open office, veras las principales funciones del programa para a\u00f1adir fotograf\u00edas. Para hacer las <a href=\"http:\/\/xarxaomnia.gencat.cat\/blocs\/esclat\/files\/impress-3-animaci\u00f3n-y-transici\u00f3n.pdf\">animaciones y transiciones<\/a> puedes ver estas pautas de c\u00f3mo hacerlo paso a paso. En esta\u00a0<a href=\"http:\/\/www.juntadeandalucia.es\/averroes\/html\/adjuntos\/2008\/04\/10\/0005\/index.html\">web<\/a> (apartado de presentaci\u00f3n electr\u00f3nica \/ efectos sobre diapositivas) puedes ver videos explicativos de como animar y hacer transiciones, encontraras tambien un completo manual del programa.<\/p>\n<p><a href=\"http:\/\/www.youtube.com\/watch?v=MuOhUHieJN4&amp;list=UUoVuAUe1wsNS0jSxv7aiLCA&amp;index=4&amp;feature=plcp\">COMO HACER OPERACIONES B\u00c1SICAS EN HOJA DE C\u00c1LCULO<\/a>: video tutorial muy interesante que explica detalladamente como hacer operaciones\u00a0de distintas maneras en una hoja de calculo (ya sea Calc de open office o Excel de microsoft)<\/p>\n<p><a href=\"http:\/\/issuu.com\/centre.esclat\/docs\/youtube_to_mp3\">como guardar musica de internet<\/a>: mini manual para que aprendas a descargarte canciones de internet facilmente.<\/p>\n<p><a href=\"http:\/\/issuu.com\/centre.esclat\/docs\/pickmonkey\">tutorial picmonkey<\/a>: peque\u00f1o tutorial para que aprendas a manejar la web de picmonkey y realices retoques fotograficos o collages.<\/p>\n<p><a href=\"http:\/\/issuu.com\/centre.esclat\/docs\/diccionario_ingles_espa_ol\">diccionario ingles-espa\u00f1ol<\/a>:para que no te encuentres perdido en internet con el ingles hemos elavorado un minidiccionario ingles-espa\u00f1ol para navegantes.<\/p>\n<p><a href=\"http:\/\/xarxaomnia.gencat.cat\/blocs\/esclat\/files\/MIS-CUENTAS-Y-CONTRASE\u00d1AS.pdf\">MIS CUENTAS Y CONTRASE\u00d1AS<\/a>: documento para que tengas todas tus cuentas de internet bien archivadas para cuando la memoria falla. Te recomiendo que lo imprimas\u00a0 y vayas anotando tus contrase\u00f1as y dem\u00e1s de cada sitio web al que estes registrad@. Cliacando encima del titulo del documento tendras la opci\u00f3n de descargar el archivo.<\/p>\n<p><a href=\"http:\/\/issuu.com\/centre.esclat\/docs\/word\">Manual de Word<\/a> : \u00a0Enlace directo al manual del procesador de textos para que no se te escape nada.<\/p>\n<p><a href=\"http:\/\/www.ite.educacion.es\/formacion\/materiales\/43\/cd\/modulo_8\/ofimtica_con_openofficeorg.html\">manual de open office:<\/a> enlace a una completa pagina que nos ense\u00f1a paso a paso como descargar y usar el procesador de textos , la hoja de calculo y las presentaciones de oppenoffice.<\/p>\n<p><span style=\"text-decoration: underline\">calc<\/span>: Hoja de calculo de open office. Os dejo el enlace del\u00a0<a href=\"http:\/\/www.youtube.com\/watch?v=MuOhUHieJN4&amp;list=UUoVuAUe1wsNS0jSxv7aiLCA&amp;index=4&amp;feature=plcp\">video<\/a> tutorial de Jaumenet sobre las operaciones b\u00e1sicas en calc\u00a0que esta muy bien explicado.<\/p>\n<p><a href=\"http:\/\/issuu.com\/centre.esclat\/docs\/instalar_messenger\">Como instalar el Messenger<\/a> : Enlace directo a nuestra pagina de &#8220;Issuu&#8221; donde est\u00e1 el peque\u00f1o tutorial para que puedas instalar el programa de mensageria instantanea en tu ordenador.<\/p>\n<p><span style=\"text-decoration: underline\">Manuales de Facebook:<\/span> Hay varios manuales muy completos en la red,\u00a0esta es una selecci\u00f3n de algunos enlaces:\u00a0\u00a0<a href=\"http:\/\/issuu.com\/centre.esclat\/docs\/facebook\">1<\/a> , <a href=\"http:\/\/www.skitergia.com\/wp-content\/uploads\/2011\/01\/Manual-de-Facebook.V2.pdf\">2<\/a> , <a href=\"http:\/\/www.regioncallao.gob.pe\/contenidos\/contenidosGRC\/manuales_redessociales\/manual_facebook.pdf\">3<\/a> , <a href=\"http:\/\/onsoftware.softonic.com\/manual-de-facebook-iii-privacidad\">4<\/a> , <a href=\"http:\/\/www.nct-informatica.com\/ftp\/descargas\/publico\/manuales\/manualfacebook.pdf\">5<\/a> , <a href=\"http:\/\/www.notodoestavisto.com\/musica\/La_biblia_de_Facebook.pdf\">6<\/a><\/p>\n<p><a href=\"http:\/\/issuu.com\/centre.esclat\/docs\/hotmail\">tutorial para Hotmail<\/a>:Enlace directo al tutorial para manejarse por\u00a0la p\u00e1gina web\u00a0de correo electronico de Hotmail.<\/p>\n<p><a href=\"http:\/\/issuu.com\/centre.esclat\/docs\/power_point_manual\">manual de Power Point<\/a> : Enlace directo para el manual del programa de presentaciones.<\/p>\n<p><span style=\"text-decoration: underline\">Tutorial de\u00a0Gimp:<\/span> Gimp es un editor de imagenes gratuito. La siguiente <a href=\"http:\/\/www.tuinstitutoonline.es\/cursos\/gimp_2_8\/gimp.php\">p\u00e1gina<\/a> ofrece un manual escrito e ilustrado de todas las herramientas, con peque\u00f1os ejercicios pr\u00e1cticos. He encontrado dos paginas con videotutoriales muy completas y bien explicadas. La <a href=\"http:\/\/www.hachemuda.com\/video-tutoriales-gimp\/\">primera<\/a> explica mediante videos de ejercicios pr\u00e1cticos el funcionamiento del editor de imagenes. La <a href=\"http:\/\/www.jesusda.com\/docs\/tutoriales-gimp\/\">segunda<\/a> p\u00e1gina tambien tiene videos que nos ense\u00f1an el funcionamiento del programa.\u00a0Adem\u00e1s tambi\u00e9n est\u00e1\u00a0<a href=\"http:\/\/www.jesusda.com\/docs\/tutoriales-gimp\/\">esta<\/a> p\u00e1gina muy interesante y bien explicada.<\/p>\n<p><a href=\"http:\/\/issuu.com\/argandas\/docs\/manual_microsoft_office_excel\">excel 2010<\/a>: \u00a0manual introductorio a la hoja de calculo de windows.<\/p>\n<p><a href=\"http:\/\/www.tuinstitutoonline.es\/cursos\/draw\/draw.php\">draw<\/a>: sencillo programa de open office para dibujar. en este manual encontraras peque\u00f1os ejercicios practicos que te ense\u00f1aran a dibujar i crear formas como quieras.<\/p>\n<p><a href=\"http:\/\/api.ning.com\/files\/wJ8j6ty8fzGJ*CvenjWUz29E6OeweWuP87fJ0Hw6p6txq7Yq*knkXFSkasxfhG2zTLSmSjwjU6UHpb3dsZ8nbydTxPAEpDfP\/MANUALFOTOLLIBREAMBFOTOPRIX.pdf\">manual de fotolibro de fotoprix<\/a>: si os gustar\u00eda tener un libro con vuestras fotos y no sabeis como, aqui os dejo un manual (en catalan) de como usar el programa de la empresa fotoprix para hacer un fotolibro.<\/p>\n<p><a href=\"http:\/\/androidzone.org\/android-para-principiantes\/\">android<\/a>:\u00a0aqu\u00ed un par de <a href=\"http:\/\/electronica.practicopedia.lainformacion.com\/\">webs<\/a> que nos cuentan acerca del sistema que usan las tablets y smartphones de android. Puede que te encuentres un anuncio que habr\u00e1 que quitar para ver el contenido.<\/p>\n","protected":false},"excerpt":{"rendered":"<p>Tenemos cuenta en la p\u00e1gina de Issuu, as\u00ed que ser\u00e1 all\u00ed donde iremos colgando manuales de los programas que usamos en los talleres de inform\u00e1tica, tutoriales para usar algunas p\u00e1ginas web, actividades y la revista que hacen los peque\u00f1os de la casa. Podeis encontar todo esto clicando aqu\u00ed. ( M\u00e1s abajo os pongo algunos enlaces [&hellip;]<\/p>\n","protected":false},"author":62,"featured_media":0,"parent":0,"menu_order":0,"comment_status":"closed","ping_status":"closed","template":"","meta":{"ngg_post_thumbnail":0,"footnotes":""},"class_list":["post-68","page","type-page","status-publish","hentry"],"_links":{"self":[{"href":"https:\/\/bloc.xarxa-omnia.org\/esclat\/wp-json\/wp\/v2\/pages\/68","targetHints":{"allow":["GET"]}}],"collection":[{"href":"https:\/\/bloc.xarxa-omnia.org\/esclat\/wp-json\/wp\/v2\/pages"}],"about":[{"href":"https:\/\/bloc.xarxa-omnia.org\/esclat\/wp-json\/wp\/v2\/types\/page"}],"author":[{"embeddable":true,"href":"https:\/\/bloc.xarxa-omnia.org\/esclat\/wp-json\/wp\/v2\/users\/62"}],"replies":[{"embeddable":true,"href":"https:\/\/bloc.xarxa-omnia.org\/esclat\/wp-json\/wp\/v2\/comments?post=68"}],"version-history":[{"count":60,"href":"https:\/\/bloc.xarxa-omnia.org\/esclat\/wp-json\/wp\/v2\/pages\/68\/revisions"}],"predecessor-version":[{"id":629,"href":"https:\/\/bloc.xarxa-omnia.org\/esclat\/wp-json\/wp\/v2\/pages\/68\/revisions\/629"}],"wp:attachment":[{"href":"https:\/\/bloc.xarxa-omnia.org\/esclat\/wp-json\/wp\/v2\/media?parent=68"}],"curies":[{"name":"wp","href":"https:\/\/api.w.org\/{rel}","templated":true}]}}