{"id":71,"date":"2011-02-24T21:16:10","date_gmt":"2011-02-24T20:16:10","guid":{"rendered":"http:\/\/blog.xarxa-omnia.org\/esclat\/?page_id=71"},"modified":"2012-03-01T18:18:17","modified_gmt":"2012-03-01T17:18:17","slug":"programas","status":"publish","type":"page","link":"https:\/\/bloc.xarxa-omnia.org\/esclat\/programas\/","title":{"rendered":"programas"},"content":{"rendered":"<p>Aqu\u00ed os dejo algunos enlaces para que podais instalarlos en vuestro ordenador. Todos ellos son programas gratuitos.<\/p>\n<p>Para ir al enlace solo teneis que clicar encima del nombre del programa. Una vez all\u00ed haz clic en descargar.<\/p>\n<p><a href=\"http:\/\/es.openoffice.org\/\">open office<\/a> : se trata de la version libre y por tanto gratuita de el paquete Office. Incluye procesador de textos (Writer), presentaciones (Impres) y hojas de calculo (Calc). Esto ser\u00eda lo equivalente al Word, Power point i Excel de Microsoft Windows.\u00a0 Tienen pr\u00e1cticamente el mismo lenguaje y el mismo tipo de herramientas.<\/p>\n<p><a href=\"http:\/\/windows-live-messenger.softonic.com\/descargar\">messenger<\/a> : programa de mensageria instantanea de windows gratuito para que puedas hablar o chatear con tus contactos de Hotmail.<\/p>\n<p><a href=\"http:\/\/www.skype.com\/intl\/es\/get-skype\/on-your-computer\/windows\/\">Skype<\/a>: programa de mensajeria instantanea, muy facil de usar, puedes llamar o hacer videollamadas facilmente con tus contactos de skype.<\/p>\n<p><a href=\"http:\/\/www.gimp.org.es\/descargar-gimp.html\">gimp<\/a> : programa gratuito para la edici\u00f3n de imagenes, muy completo, con similitudes al programa de pago de Adobe Photoshop.<\/p>\n<p><a href=\"http:\/\/paint-net.softonic.com\/descargar\">paint.net<\/a>\u00a0: sencillo programa de dibujo un poco m\u00e1s completo que el t\u00edpico paint que viene con Windows. Nos permite poner capas para poder trabajar con imagenes m\u00e1s comodamente.<\/p>\n<p><a href=\"http:\/\/picasa.google.com\/index.html\">Picasa<\/a> : sencillo programa de edici\u00f3n de imagenes proporcionado por google.<\/p>\n<p><a href=\"http:\/\/inkscape.softonic.com\/descargar\">inkscape<\/a>: programa de dibujo vectorial, se utiliza sobretodo para hacer dise\u00f1os. Es parecido a los programas de pago corel draw , ilustrator o freehand.<\/p>\n<p><a href=\"http:\/\/cdburnerxp.se\/?lang=ca\">cdburnerxp<\/a><span style=\"text-decoration: underline;\">: <\/span>sencillo programa gratuito\u00a0para grabar cds y dvds. Lo podemos encontrar en catalan o en castellano.<\/p>\n","protected":false},"excerpt":{"rendered":"<p>Aqu\u00ed os dejo algunos enlaces para que podais instalarlos en vuestro ordenador. Todos ellos son programas gratuitos. Para ir al enlace solo teneis que clicar encima del nombre del programa. Una vez all\u00ed haz clic en descargar. open office : se trata de la version libre y por tanto gratuita de el paquete Office. Incluye [&hellip;]<\/p>\n","protected":false},"author":62,"featured_media":0,"parent":0,"menu_order":0,"comment_status":"open","ping_status":"open","template":"","meta":{"ngg_post_thumbnail":0,"footnotes":""},"class_list":["post-71","page","type-page","status-publish","hentry"],"_links":{"self":[{"href":"https:\/\/bloc.xarxa-omnia.org\/esclat\/wp-json\/wp\/v2\/pages\/71","targetHints":{"allow":["GET"]}}],"collection":[{"href":"https:\/\/bloc.xarxa-omnia.org\/esclat\/wp-json\/wp\/v2\/pages"}],"about":[{"href":"https:\/\/bloc.xarxa-omnia.org\/esclat\/wp-json\/wp\/v2\/types\/page"}],"author":[{"embeddable":true,"href":"https:\/\/bloc.xarxa-omnia.org\/esclat\/wp-json\/wp\/v2\/users\/62"}],"replies":[{"embeddable":true,"href":"https:\/\/bloc.xarxa-omnia.org\/esclat\/wp-json\/wp\/v2\/comments?post=71"}],"version-history":[{"count":10,"href":"https:\/\/bloc.xarxa-omnia.org\/esclat\/wp-json\/wp\/v2\/pages\/71\/revisions"}],"predecessor-version":[{"id":191,"href":"https:\/\/bloc.xarxa-omnia.org\/esclat\/wp-json\/wp\/v2\/pages\/71\/revisions\/191"}],"wp:attachment":[{"href":"https:\/\/bloc.xarxa-omnia.org\/esclat\/wp-json\/wp\/v2\/media?parent=71"}],"curies":[{"name":"wp","href":"https:\/\/api.w.org\/{rel}","templated":true}]}}