{"id":2,"date":"2010-11-10T12:53:31","date_gmt":"2010-11-10T12:53:31","guid":{"rendered":""},"modified":"2010-11-12T01:34:48","modified_gmt":"2010-11-11T23:34:48","slug":"queesunpo","status":"publish","type":"page","link":"https:\/\/bloc.xarxa-omnia.org\/ethharo\/queesunpo\/","title":{"rendered":"Qu\u00e8 \u00e9s un Punt \u00d2mnia?"},"content":{"rendered":"<p style=\"text-align: center;\"><a href=\"http:\/\/www.xarxa-omnia.org\"><img loading=\"lazy\" decoding=\"async\" class=\"size-full wp-image-18 aligncenter\" title=\"logoomnia300dpi_petit\" src=\"http:\/\/xarxaomnia.gencat.cat\/blocs\/ethharo\/files\/2010\/11\/logoomnia300dpi_petit1.png\" alt=\"\" width=\"294\" height=\"114\" srcset=\"https:\/\/bloc.xarxa-omnia.org\/ethharo\/files\/2010\/11\/logoomnia300dpi_petit1.png 490w, https:\/\/bloc.xarxa-omnia.org\/ethharo\/files\/2010\/11\/logoomnia300dpi_petit1-300x116.png 300w\" sizes=\"auto, (max-width: 294px) 100vw, 294px\" \/><\/a><\/p>\n<table border=\"0\" cellspacing=\"10\" cellpadding=\"10\" width=\"100%\">\n<tbody>\n<tr>\n<td width=\"314\" height=\"303\" valign=\"top\"><span style=\"font-family: Arial,Helvetica,sans-serif; font-size: x-small;\">El <strong> <span style=\"color: #ff6633;\">Projecte                Omnia<\/span><\/strong> neix amb la intenci\u00f3 de fer m\u00e9s  accessibles                les noves tecnologies (aix\u00f2 \u00e9s, els ordinadors i tot                el que se&#8217;n deriva) a totes aquelles persones que, per la  seva situaci\u00f3                econ\u00f2mica i social, tenen el risc de quedar-ne al marge.<br \/>\nL&#8217;empenta inicial del projecte va fer n\u00e9ixer els primers                40 PUNTS \u00d2MNIA, repartits per Barcelona i la seva \u00e0rea                metropolitana. D&#8217;aix\u00f2 ja fa m\u00e9s de 4 anys, i actualment                la XARXA-OMNIA compta amb m\u00e9s de 100 Punts arreu de les  quatre                prov\u00edncies catalanes<span style=\"color: #ff9933;\">.<\/span><\/span><\/p>\n<p><span style=\"font-family: Arial,Helvetica,sans-serif; font-size: x-small;\">Actualment  el                projecte s&#8217;ha integrat a la Xarxa de Telecentres de  Catalunya, que                aglutina tots aquells serveis d&#8217;acc\u00e9s a les noves  tecnologies                promoguts tant per les administracions locals com  l&#8217;auton\u00f2mica. <\/span><\/p>\n<p><span style=\"font-family: Arial,Helvetica,sans-serif; font-size: x-small;\">Si  vols m\u00e9s                informaci\u00f3 sobre \u00d2mnia i la Xarxa de Telecentres,                no t&#8217;oblidis de visitar el web de <a href=\"http:\/\/punttic.cat\/\">PuntTic.<\/a><\/span><\/td>\n<td width=\"3\" valign=\"middle\"><img loading=\"lazy\" decoding=\"async\" src=\"http:\/\/omniabufala.iespana.es\/omniabufala\/imatges\/espai_linksvert.jpg\" alt=\"\" width=\"3\" height=\"242\" \/><\/td>\n<td width=\"376\" valign=\"top\"><span style=\"font-family: Arial,Helvetica,sans-serif; font-size: x-small;\">Un <strong><span style=\"color: #ff6633;\">Punt                \u00d2mnia<\/span><span style=\"color: #ff9933;\"> <\/span><\/strong> \u00e9s                una sala equipada amb 7 ordinadors connectats a internet  mitjan\u00e7ant                una l\u00ednia ADSL i provistos d&#8217;un programari b\u00e0sic que                permet editar textos, fulls de c\u00e0lcul, bases de dades,  presentacions,                imatges, p\u00e0gines web, crear m\u00fasica, navegar per internet,                etc&#8230; Normalment aquestes sales estan situades en una  entitat significativa                del barri, com per exemple una associaci\u00f3 de ve\u00efns,                un centre c\u00edvic, un esplai&#8230;<\/span><\/p>\n<p><span style=\"font-family: Arial,Helvetica,sans-serif; font-size: x-small;\">Per\u00f2                un Punt \u00d2mnia \u00e9s sobretot un espai per a aprendre,                crear i participar. D&#8217;aix\u00f2 se&#8217;n encarrega el <strong><span style=\"color: #ff6633;\">dinamitzador<\/span><span style=\"color: #ff9933;\"> <\/span><\/strong><span style=\"color: #ff9933;\"><span style=\"color: #000000;\">o<\/span><\/span><strong><span style=\"color: #ff9933;\"> <span style=\"color: #ff6633;\">dinamitzadora<\/span><\/span><\/strong> del  Punt.                \u00c9s la persona encarregada de preparar els tallers de  formaci\u00f3,                incentivar la participaci\u00f3 i treure a la superf\u00edcie                les motivacions de les persones que v\u00e9nen al Punt. En una                paraula, i d&#8217;aix\u00f2 el seu nom, la seva tasca \u00e9s la                DINAMITZAR, moure la gent i potenciar les seves  capacitats.<\/span><\/p>\n<p><span style=\"font-family: Arial,Helvetica,sans-serif; color: #000000; font-size: x-small;\">Si                vols saber quin Punt \u00d2mnia tens m\u00e9s a prop, fes un                cop d&#8217;ull al <a href=\"http:\/\/www.xarxa-omnia.org\/mapa_dels_punts_omnia\">localitzador de punts.<\/a><br \/>\n<\/span><\/td>\n<\/tr>\n<\/tbody>\n<\/table>\n","protected":false},"excerpt":{"rendered":"<p>El Projecte Omnia neix amb la intenci\u00f3 de fer m\u00e9s accessibles les noves tecnologies (aix\u00f2 \u00e9s, els ordinadors i tot el que se&#8217;n deriva) a totes aquelles persones que, per la seva situaci\u00f3 econ\u00f2mica i social, tenen el risc de quedar-ne al marge. L&#8217;empenta inicial del projecte va fer n\u00e9ixer els primers 40 PUNTS \u00d2MNIA, [&hellip;]<\/p>\n","protected":false},"author":136,"featured_media":0,"parent":0,"menu_order":0,"comment_status":"closed","ping_status":"open","template":"","meta":{"footnotes":""},"class_list":["post-2","page","type-page","status-publish","hentry"],"_links":{"self":[{"href":"https:\/\/bloc.xarxa-omnia.org\/ethharo\/wp-json\/wp\/v2\/pages\/2","targetHints":{"allow":["GET"]}}],"collection":[{"href":"https:\/\/bloc.xarxa-omnia.org\/ethharo\/wp-json\/wp\/v2\/pages"}],"about":[{"href":"https:\/\/bloc.xarxa-omnia.org\/ethharo\/wp-json\/wp\/v2\/types\/page"}],"author":[{"embeddable":true,"href":"https:\/\/bloc.xarxa-omnia.org\/ethharo\/wp-json\/wp\/v2\/users\/136"}],"replies":[{"embeddable":true,"href":"https:\/\/bloc.xarxa-omnia.org\/ethharo\/wp-json\/wp\/v2\/comments?post=2"}],"version-history":[{"count":10,"href":"https:\/\/bloc.xarxa-omnia.org\/ethharo\/wp-json\/wp\/v2\/pages\/2\/revisions"}],"predecessor-version":[{"id":16,"href":"https:\/\/bloc.xarxa-omnia.org\/ethharo\/wp-json\/wp\/v2\/pages\/2\/revisions\/16"}],"wp:attachment":[{"href":"https:\/\/bloc.xarxa-omnia.org\/ethharo\/wp-json\/wp\/v2\/media?parent=2"}],"curies":[{"name":"wp","href":"https:\/\/api.w.org\/{rel}","templated":true}]}}