{"id":45,"date":"2010-11-12T01:56:30","date_gmt":"2010-11-11T23:56:30","guid":{"rendered":"http:\/\/xarxaomnia.gencat.cat\/blocs\/ethharo\/?page_id=45"},"modified":"2010-11-12T01:56:30","modified_gmt":"2010-11-11T23:56:30","slug":"arxiu-m-calzado","status":"publish","type":"page","link":"https:\/\/bloc.xarxa-omnia.org\/ethharo\/arxiu-m-calzado\/","title":{"rendered":"Arxiu M.Calzado"},"content":{"rendered":"<p><img loading=\"lazy\" decoding=\"async\" class=\"aligncenter\" src=\"http:\/\/www.torismeles.com\/images\/biblioteca02.jpg\" alt=\"\" width=\"200\" height=\"160\" \/><\/p>\n<p>A l&#8217;edifici de l&#8217;antiga biblioteca de Les est\u00e0 dipositat el Fons Melqu\u00edades  Calzado. \u00c9s el fons m\u00e9s extens i documentat sobre la hist\u00f2ria de la Vall  d&#8217;Aran. Inicialment acollit per La Caixa, va ser cedit a l&#8217;Ajuntament de Les  l&#8217;1 de gener de 1996.<\/p>\n<p>Qualsevol persona que vulgui consultar-lo i\/o estudiar-lo podr\u00e0 accedir-hi en l&#8217;horari en que el Punt \u00d2mnia Eth Haro romani obert. Cal destacar, que el Punt \u00d2mnia disposa d&#8217;esc\u00e0ner per poder realitzar c\u00f2pies digitals dels documents que els usuaris vulguin estudiar m\u00e9s profundament, ja que tot el fons M.Calzado est\u00e0 excl\u00f2s de pr\u00e9stec.<\/p>\n","protected":false},"excerpt":{"rendered":"<p>A l&#8217;edifici de l&#8217;antiga biblioteca de Les est\u00e0 dipositat el Fons Melqu\u00edades Calzado. \u00c9s el fons m\u00e9s extens i documentat sobre la hist\u00f2ria de la Vall d&#8217;Aran. Inicialment acollit per La Caixa, va ser cedit a l&#8217;Ajuntament de Les l&#8217;1 de gener de 1996. Qualsevol persona que vulgui consultar-lo i\/o estudiar-lo podr\u00e0 accedir-hi en l&#8217;horari [&hellip;]<\/p>\n","protected":false},"author":136,"featured_media":0,"parent":0,"menu_order":0,"comment_status":"closed","ping_status":"open","template":"","meta":{"footnotes":""},"class_list":["post-45","page","type-page","status-publish","hentry"],"_links":{"self":[{"href":"https:\/\/bloc.xarxa-omnia.org\/ethharo\/wp-json\/wp\/v2\/pages\/45","targetHints":{"allow":["GET"]}}],"collection":[{"href":"https:\/\/bloc.xarxa-omnia.org\/ethharo\/wp-json\/wp\/v2\/pages"}],"about":[{"href":"https:\/\/bloc.xarxa-omnia.org\/ethharo\/wp-json\/wp\/v2\/types\/page"}],"author":[{"embeddable":true,"href":"https:\/\/bloc.xarxa-omnia.org\/ethharo\/wp-json\/wp\/v2\/users\/136"}],"replies":[{"embeddable":true,"href":"https:\/\/bloc.xarxa-omnia.org\/ethharo\/wp-json\/wp\/v2\/comments?post=45"}],"version-history":[{"count":2,"href":"https:\/\/bloc.xarxa-omnia.org\/ethharo\/wp-json\/wp\/v2\/pages\/45\/revisions"}],"predecessor-version":[{"id":47,"href":"https:\/\/bloc.xarxa-omnia.org\/ethharo\/wp-json\/wp\/v2\/pages\/45\/revisions\/47"}],"wp:attachment":[{"href":"https:\/\/bloc.xarxa-omnia.org\/ethharo\/wp-json\/wp\/v2\/media?parent=45"}],"curies":[{"name":"wp","href":"https:\/\/api.w.org\/{rel}","templated":true}]}}