{"id":6,"date":"2007-05-11T11:20:07","date_gmt":"2007-05-11T09:20:07","guid":{"rendered":"http:\/\/blog.xarxa-omnia.org\/fesinternet07\/com-timagines-internet\/"},"modified":"2007-05-21T10:20:28","modified_gmt":"2007-05-21T08:20:28","slug":"com-timagines-internet","status":"publish","type":"page","link":"https:\/\/bloc.xarxa-omnia.org\/fesinternet07\/com-timagines-internet\/","title":{"rendered":"Com t&#8217;imagines Internet?"},"content":{"rendered":"<p>Has  pensat mai com seria Internet si te&#8217;l trobessis pel carrer?<\/p>\n<p><em>Alt  o baix?<br \/>\n<\/em><em>Gros  o petit?<br \/>\n<\/em><em>Ros  o mor\u00e8?<br \/>\n<\/em><em>Simp\u00e0tic  o antip\u00e0tic?<br \/>\n<\/em><em>Mascul\u00ed  o femen\u00ed?<br \/>\n<\/em><em>Persona  o animal?<br \/>\n<\/em><em>Vegetal  o insecte?<br \/>\n<\/em><em>Extraterrestre?<br \/>\n<\/em><em>Plat  volador?<br \/>\n<\/em><em>Amb  o sense forma?<\/em><\/p>\n<p>Et  convidem a fer volar la imaginaci\u00f3 i a dibuixar all\u00f2  que et vingui al cap sobre com seria Internet!!!<\/p>\n<p>Pots  fer servir el programa Paint, <a href=\"http:\/\/www.tuxpaint.org\/\">Paint  Tux<\/a>, <a href=\"http:\/\/www.gimp.org\/\">Gimp<\/a>, o qualsevol altre  programa per dibuixar. Una vegada acabada la teva obra nom\u00e9s  cal que l&#8217;envi\u00efs en <strong>format .jpg<\/strong> a <strong>tebcoordinacio (arroba) xarxa-omnia (punt) org<\/strong>.<\/p>\n<p>Penjarem  tot el que rebem i aix\u00ed farem un <strong>recull sobre el<\/strong> <strong>m\u00f3n imaginari que desperta Internet!<\/strong><\/p>\n<p><strong>Aportacions<\/strong><\/p>\n<p>Imatge enviada des del punt \u00d2mnia <strong>Casa de la Vila de Monells<\/strong>:<\/p>\n<p><a href=\"http:\/\/blog.xarxa-omnia.org\/fesinternet07\/files\/internet.jpg\" title=\"Representaci\u00f3 d\u2019Internet al m\u00f3n\"><img decoding=\"async\" src=\"http:\/\/blog.xarxa-omnia.org\/fesinternet07\/files\/internet.miniatura.jpg\" alt=\"Representaci\u00f3 d\u2019Internet al m\u00f3n\" \/><\/a><\/p>\n<p>Imatges enviades pel grup &#8220;Els Pokemons i Rebeldes de Barber\u00e0 Promoci\u00f3&#8221; (nenes de 7-8 anys) del Punt \u00d2mnia <strong>Barber\u00e0 Promoci\u00f3<\/strong>:<\/p>\n<p><a href='http:\/\/blog.xarxa-omnia.org\/fesinternet07\/files\/alba-oliva.jpg' title='Representaci\u00f3 d\u2019Internet'><img src='http:\/\/blog.xarxa-omnia.org\/fesinternet07\/files\/alba-oliva.miniatura.jpg' alt='Representaci\u00f3 d\u2019Internet' \/><\/a> <a href='http:\/\/blog.xarxa-omnia.org\/fesinternet07\/files\/arnau-alcaraz.jpg' title='Representaci\u00f3 d\u2019Internet'><img src='http:\/\/blog.xarxa-omnia.org\/fesinternet07\/files\/arnau-alcaraz.miniatura.jpg' alt='Representaci\u00f3 d\u2019Internet' \/><\/a> <a href='http:\/\/blog.xarxa-omnia.org\/fesinternet07\/files\/laia-cea.jpg' title='Representaci\u00f3 d\u2019Internet'><img src='http:\/\/blog.xarxa-omnia.org\/fesinternet07\/files\/laia-cea.miniatura.jpg' alt='Representaci\u00f3 d\u2019Internet' \/><\/a> <a href='http:\/\/blog.xarxa-omnia.org\/fesinternet07\/files\/raul-caamano.jpg' title='Representaci\u00f3 d\u2019Internet'><img src='http:\/\/blog.xarxa-omnia.org\/fesinternet07\/files\/raul-caamano.miniatura.jpg' alt='Representaci\u00f3 d\u2019Internet' \/><\/a> <a href='http:\/\/blog.xarxa-omnia.org\/fesinternet07\/files\/ruben-caamano.jpg' title='Representaci\u00f3 d\u2019Internet'><img src='http:\/\/blog.xarxa-omnia.org\/fesinternet07\/files\/ruben-caamano.miniatura.jpg' alt='Representaci\u00f3 d\u2019Internet' \/><\/a><\/p>\n<p>Imatge enviades per Joni i Kevin del punt \u00d2mnia <strong>Rub\u00ed 128<\/strong>:<\/p>\n<p><a href='http:\/\/blog.xarxa-omnia.org\/fesinternet07\/files\/internet.JPG' title='Representaci\u00f3 d\u2019Internet'><img src='http:\/\/blog.xarxa-omnia.org\/fesinternet07\/files\/internet.miniatura.JPG' alt='Representaci\u00f3 d\u2019Internet' \/><\/a> <a href='http:\/\/blog.xarxa-omnia.org\/fesinternet07\/files\/instalacio-internet.JPG' title='Representaci\u00f3 d\u2019Internet'><img src='http:\/\/blog.xarxa-omnia.org\/fesinternet07\/files\/instalacio-internet.miniatura.JPG' alt='Representaci\u00f3 d\u2019Internet' \/><\/a><\/p>\n","protected":false},"excerpt":{"rendered":"<p>Has pensat mai com seria Internet si te&#8217;l trobessis pel carrer? Alt o baix? Gros o petit? Ros o mor\u00e8? Simp\u00e0tic o antip\u00e0tic? Mascul\u00ed o femen\u00ed? Persona o animal? Vegetal o insecte? Extraterrestre? Plat volador? Amb o sense forma? Et convidem a fer volar la imaginaci\u00f3 i a dibuixar all\u00f2 que et vingui al cap [&hellip;]<\/p>\n","protected":false},"author":1,"featured_media":0,"parent":0,"menu_order":3,"comment_status":"closed","ping_status":"closed","template":"","meta":{"ngg_post_thumbnail":0,"footnotes":""},"class_list":["post-6","page","type-page","status-publish","hentry"],"_links":{"self":[{"href":"https:\/\/bloc.xarxa-omnia.org\/fesinternet07\/wp-json\/wp\/v2\/pages\/6","targetHints":{"allow":["GET"]}}],"collection":[{"href":"https:\/\/bloc.xarxa-omnia.org\/fesinternet07\/wp-json\/wp\/v2\/pages"}],"about":[{"href":"https:\/\/bloc.xarxa-omnia.org\/fesinternet07\/wp-json\/wp\/v2\/types\/page"}],"author":[{"embeddable":true,"href":"https:\/\/bloc.xarxa-omnia.org\/fesinternet07\/wp-json\/wp\/v2\/users\/1"}],"replies":[{"embeddable":true,"href":"https:\/\/bloc.xarxa-omnia.org\/fesinternet07\/wp-json\/wp\/v2\/comments?post=6"}],"version-history":[{"count":0,"href":"https:\/\/bloc.xarxa-omnia.org\/fesinternet07\/wp-json\/wp\/v2\/pages\/6\/revisions"}],"wp:attachment":[{"href":"https:\/\/bloc.xarxa-omnia.org\/fesinternet07\/wp-json\/wp\/v2\/media?parent=6"}],"curies":[{"name":"wp","href":"https:\/\/api.w.org\/{rel}","templated":true}]}}