{"id":35,"date":"2019-09-19T10:24:50","date_gmt":"2019-09-19T10:24:50","guid":{"rendered":"http:\/\/bloc.xarxa-omnia.org\/figueres\/?page_id=35"},"modified":"2019-09-19T15:08:09","modified_gmt":"2019-09-19T15:08:09","slug":"xarxa-omnia","status":"publish","type":"page","link":"https:\/\/bloc.xarxa-omnia.org\/figueres\/xarxa-omnia\/","title":{"rendered":"Xarxa \u00d2mnia"},"content":{"rendered":"<p>El Punt \u00d2mnia Bon Pastor figueres pertany a la <strong><a href=\"http:\/\/xarxaomnia.gencat.cat\">Xarxa \u00d2mnia<\/a><\/strong>, un programa de la Direcci\u00f3 General d\u2019Acci\u00f3 C\u00edvica i Comunit\u00e0ria\u00a0preventiu, socioeducatiu, comunitari i de suport a col\u00b7lectius amb major risc de vulnerabilitat.\u00a0\u00d2mnia, \u00e9s un programa universal d\u2019intervenci\u00f3 social que cerca millorar i afavorir, tan individualment com col\u00b7lectivament, la inclusi\u00f3 i la vinculaci\u00f3 de les persones a la comunitat a trav\u00e9s de les tecnologies de la informaci\u00f3 i la comunicaci\u00f3 (TIC).<br \/>\nLa Xarxa \u00d2mnia es troba per tot Catalunya i va adre\u00e7ada\u00a0a la poblaci\u00f3 general, per\u00f2 amb discriminaci\u00f3 positiva vers les persones en risc social, i m\u00e9s si precisen millorar les seves capacitats per a superar les seves dificultats d\u2019acc\u00e9s a les\u00a0TIC, per tal d\u2019evitar la seva exclusi\u00f3 de la comunitat. El programa posa especial \u00e8mfasi en les persones en situaci\u00f3 d\u2019atur, infants i joves, gent gran i fam\u00edlies.<img loading=\"lazy\" decoding=\"async\" class=\"size-medium wp-image-98 alignleft\" src=\"http:\/\/bloc.xarxa-omnia.org\/figueres\/files\/2019\/09\/33712557326_ed2655625a_o-300x203.jpg\" alt=\"33712557326_ed2655625a_o\" width=\"300\" height=\"203\" \/>\u00a0i \u00e9s sensible a una \u00e0mplia diversitat d\u2019usuaris amb situacions i proced\u00e8ncies diferents.<\/p>\n<p>La Xarxa \u00d2mnia est\u00e0 composada per 113 Punts \u00d2mnia, uns espais repartits per tot el territori catal\u00e0 equipats amb tecnologies accessibles per a tothom i que tenen l&#8217;objectiu de disminuir les difer\u00e8ncies i afavorir la normalitzaci\u00f3. \u00d2mnia vol ser un recurs que\u00a0participa, conjuntament amb la resta de dispositius del territori, en la consecuci\u00f3 dels objectius<br \/>\nd\u2019integraci\u00f3 i cohesi\u00f3 social de la poblaci\u00f3 del seu entorn.<\/p>\n<p>Els 113 Punts de la Xarxa \u00d2mnia ofereixen espais i equipaments d\u2019utilitzaci\u00f3 p\u00fablica i compten amb el suport<br \/>\nd\u2019un professional, que dinamitza l\u2019espai i assessora les persones usu\u00e0ries del Punt. El paper del dinamitzador\/a \u00e9s fonamental per a desenvolupar el programa a cada territori i aconseguir que cada \u00d2mnia sigui un espai d\u2019acolliment, d\u2019informaci\u00f3, d\u2019aprenentatge, de socialitzaci\u00f3 i de participaci\u00f3 en la comunitat.<\/p>\n<p><\/p>\n<h3>Eixos de treball<\/h3>\n<p>Per aconseguir els objectius plantejats, la Direcci\u00f3 General d\u2019Acci\u00f3 C\u00edvica i Comunit\u00e0ria potencia tres eixos de treball: Aprenentatge,<br \/>\nInserci\u00f3 Social i \u00das Comunitari.<br \/>\n<img loading=\"lazy\" decoding=\"async\" class=\"size-medium wp-image-105 alignright\" src=\"http:\/\/bloc.xarxa-omnia.org\/figueres\/files\/2019\/09\/43434447865_5884097214_z-300x200.jpg\" alt=\"43434447865_5884097214_z\" width=\"300\" height=\"200\" \/><br \/>\n<strong>\u00b7 Aprenentatge.<\/strong> Vol garantir que totes les persones amb pocs coneixements digitals obtinguin una formaci\u00f3 b\u00e0sica en el camp de les tecnologies de la informaci\u00f3 i comunicaci\u00f3 que els permeti no quedar excloses de la societat. Es desenvolupen tallers monogr\u00e0fics de curta durada que consisteixen en uns itineraris formatius adequats als coneixements dels alumnes destinataris.<\/p>\n<p><strong>\u00b7 Ocupabilitat.<\/strong> Potencia la integraci\u00f3 de les persones en risc d\u2019exclusi\u00f3 social. D\u2019una banda, els ofereix eines formatives inform\u00e0tiques<br \/>\nperqu\u00e8 s\u00e0piguen buscar recursos a la xarxa i es puguin valer per elles mateixes en el seu proc\u00e9s d\u2019inserci\u00f3. D\u2019altra banda, pel que fa a les persones en situaci\u00f3 d\u2019atur, les posa en contacte amb els serveis d\u2019orientaci\u00f3 social del territori i els facilita un conjunt d&#8217;h\u00e0bits i\u00a0compet\u00e8ncies perqu\u00e8 arribin als agents d&#8217;inserci\u00f3 social amb la m\u00e0xima preparaci\u00f3 per tornar al mercat laboral al m\u00e9s aviat possible. L\u2019eix\u00a0d\u2019ocupabilitat est\u00e0 refor\u00e7at amb un programa conjunt amb Servei d\u2019Ocupaci\u00f3 de Catalunya on s\u2019ofereix formaci\u00f3 espec\u00edfica en iniciaci\u00f3 en\u00a0inform\u00e0tica per a la cerca de feina.<\/p>\n<p><strong>\u00b7 Acci\u00f3 comunit\u00e0ria.<\/strong>\u00a0Finalment, l&#8217;eix d&#8217;acci\u00f3 comunit\u00e0ria consisteix a facilitar el lliure acc\u00e9s a persones, entitats, grups i col\u00b7lectius al Punt \u00d2mnia perqu\u00e8 es generin\u00a0din\u00e0miques de cohesi\u00f3 social i d\u2019intercanvi dins dels territoris. Es potencia el treball en xarxa virtual entre tots els agents del territori, aix\u00ed com les xarxes personals dels usuaris.<\/p>\n\n","protected":false},"excerpt":{"rendered":"<p>El Punt \u00d2mnia Bon Pastor figueres pertany a la Xarxa \u00d2mnia, un programa de la Direcci\u00f3 General d\u2019Acci\u00f3 C\u00edvica i Comunit\u00e0ria\u00a0preventiu, socioeducatiu, comunitari i de suport a col\u00b7lectius amb major risc de vulnerabilitat.\u00a0\u00d2mnia, \u00e9s un programa universal d\u2019intervenci\u00f3 social que cerca millorar i afavorir, tan individualment com col\u00b7lectivament, la inclusi\u00f3 i la vinculaci\u00f3 de les [&hellip;]<\/p>\n","protected":false},"author":1,"featured_media":0,"parent":0,"menu_order":0,"comment_status":"closed","ping_status":"closed","template":"","meta":{"footnotes":""},"class_list":["post-35","page","type-page","status-publish","czr-hentry"],"_links":{"self":[{"href":"https:\/\/bloc.xarxa-omnia.org\/figueres\/wp-json\/wp\/v2\/pages\/35","targetHints":{"allow":["GET"]}}],"collection":[{"href":"https:\/\/bloc.xarxa-omnia.org\/figueres\/wp-json\/wp\/v2\/pages"}],"about":[{"href":"https:\/\/bloc.xarxa-omnia.org\/figueres\/wp-json\/wp\/v2\/types\/page"}],"author":[{"embeddable":true,"href":"https:\/\/bloc.xarxa-omnia.org\/figueres\/wp-json\/wp\/v2\/users\/1"}],"replies":[{"embeddable":true,"href":"https:\/\/bloc.xarxa-omnia.org\/figueres\/wp-json\/wp\/v2\/comments?post=35"}],"version-history":[{"count":14,"href":"https:\/\/bloc.xarxa-omnia.org\/figueres\/wp-json\/wp\/v2\/pages\/35\/revisions"}],"predecessor-version":[{"id":143,"href":"https:\/\/bloc.xarxa-omnia.org\/figueres\/wp-json\/wp\/v2\/pages\/35\/revisions\/143"}],"wp:attachment":[{"href":"https:\/\/bloc.xarxa-omnia.org\/figueres\/wp-json\/wp\/v2\/media?parent=35"}],"curies":[{"name":"wp","href":"https:\/\/api.w.org\/{rel}","templated":true}]}}