{"id":80,"date":"2019-09-19T12:32:06","date_gmt":"2019-09-19T12:32:06","guid":{"rendered":"http:\/\/bloc.xarxa-omnia.org\/figueres\/?page_id=80"},"modified":"2019-09-19T12:37:23","modified_gmt":"2019-09-19T12:37:23","slug":"eix-aprenentatge","status":"publish","type":"page","link":"https:\/\/bloc.xarxa-omnia.org\/figueres\/eix-aprenentatge\/","title":{"rendered":"Eix Aprenentatge"},"content":{"rendered":"<p>Al Punt \u00d2mnia volem garantir que totes les persones amb pocs coneixements digitals accedeixen una formaci\u00f3 b\u00e0sica en el camp de les tecnologies de la informaci\u00f3 i comunicaci\u00f3 (TIC).<\/p>\n<p>Aquesta formaci\u00f3 es s&#8217;organitza amb l&#8217;objectiu d&#8217;evitar l&#8217;exclusi\u00f3 de les persones de la societat. Disposem de tallers monogr\u00e0fics de curta durada que consisteixen en uns itineraris formatius adequats als coneixements dels alumnes destinataris.Podeu consultar-los a <a href=\"http:\/\/bloc.xarxa-omnia.org\/figueres\/calendari-horari-trimestral\/\">calendari d&#8217;activitats del Punt \u00d2mnia.<\/a><\/p>\n","protected":false},"excerpt":{"rendered":"<p>Al Punt \u00d2mnia volem garantir que totes les persones amb pocs coneixements digitals accedeixen una formaci\u00f3 b\u00e0sica en el camp de les tecnologies de la informaci\u00f3 i comunicaci\u00f3 (TIC). Aquesta formaci\u00f3 es s&#8217;organitza amb l&#8217;objectiu d&#8217;evitar l&#8217;exclusi\u00f3 de les persones de la societat. Disposem de tallers monogr\u00e0fics de curta durada que consisteixen en uns itineraris [&hellip;]<\/p>\n","protected":false},"author":1,"featured_media":81,"parent":0,"menu_order":0,"comment_status":"closed","ping_status":"closed","template":"","meta":{"footnotes":""},"class_list":["post-80","page","type-page","status-publish","has-post-thumbnail","czr-hentry"],"_links":{"self":[{"href":"https:\/\/bloc.xarxa-omnia.org\/figueres\/wp-json\/wp\/v2\/pages\/80","targetHints":{"allow":["GET"]}}],"collection":[{"href":"https:\/\/bloc.xarxa-omnia.org\/figueres\/wp-json\/wp\/v2\/pages"}],"about":[{"href":"https:\/\/bloc.xarxa-omnia.org\/figueres\/wp-json\/wp\/v2\/types\/page"}],"author":[{"embeddable":true,"href":"https:\/\/bloc.xarxa-omnia.org\/figueres\/wp-json\/wp\/v2\/users\/1"}],"replies":[{"embeddable":true,"href":"https:\/\/bloc.xarxa-omnia.org\/figueres\/wp-json\/wp\/v2\/comments?post=80"}],"version-history":[{"count":4,"href":"https:\/\/bloc.xarxa-omnia.org\/figueres\/wp-json\/wp\/v2\/pages\/80\/revisions"}],"predecessor-version":[{"id":88,"href":"https:\/\/bloc.xarxa-omnia.org\/figueres\/wp-json\/wp\/v2\/pages\/80\/revisions\/88"}],"wp:featuredmedia":[{"embeddable":true,"href":"https:\/\/bloc.xarxa-omnia.org\/figueres\/wp-json\/wp\/v2\/media\/81"}],"wp:attachment":[{"href":"https:\/\/bloc.xarxa-omnia.org\/figueres\/wp-json\/wp\/v2\/media?parent=80"}],"curies":[{"name":"wp","href":"https:\/\/api.w.org\/{rel}","templated":true}]}}