{"id":83,"date":"2019-09-19T12:32:35","date_gmt":"2019-09-19T12:32:35","guid":{"rendered":"http:\/\/bloc.xarxa-omnia.org\/figueres\/?page_id=83"},"modified":"2019-09-19T13:59:05","modified_gmt":"2019-09-19T13:59:05","slug":"eix-ocupabilitat","status":"publish","type":"page","link":"https:\/\/bloc.xarxa-omnia.org\/figueres\/eix-ocupabilitat\/","title":{"rendered":"Eix Ocupabilitat"},"content":{"rendered":"<p>Al Punt \u00d2mnia potenciem les oportunitats d&#8217;ocupaci\u00f3 de les persones en risc d\u2019exclusi\u00f3 social. D\u2019una banda, oferim eines formatives inform\u00e0tiques perqu\u00e8 les participants s\u00e0piguen buscar recursos a la xarxa i es puguin valer per elles mateixes en el seu proc\u00e9s d\u2019inserci\u00f3. <\/p>\n<p>D\u2019altra banda, pel que fa a les persones en situaci\u00f3 d\u2019atur, contactem amb els serveis d\u2019orientaci\u00f3 social i facilitem un conjunt d&#8217;h\u00e0bits i compet\u00e8ncies perqu\u00e8 arribin als agents d&#8217;inserci\u00f3 social amb la m\u00e0xima preparaci\u00f3 per tornar al mercat laboral al m\u00e9s aviat possible. L\u2019eix d\u2019ocupabilitat est\u00e0 refor\u00e7at amb un programa conjunt amb Servei d\u2019Ocupaci\u00f3 de Catalunya (SOC), amb el qual oferim una formaci\u00f3 espec\u00edfica orientada a l&#8217;\u00e0mbit laboral i a la iniciaci\u00f3 en inform\u00e0tica per a la cerca de feina.<\/p>\n","protected":false},"excerpt":{"rendered":"<p>Al Punt \u00d2mnia potenciem les oportunitats d&#8217;ocupaci\u00f3 de les persones en risc d\u2019exclusi\u00f3 social. D\u2019una banda, oferim eines formatives inform\u00e0tiques perqu\u00e8 les participants s\u00e0piguen buscar recursos a la xarxa i es puguin valer per elles mateixes en el seu proc\u00e9s d\u2019inserci\u00f3. D\u2019altra banda, pel que fa a les persones en situaci\u00f3 d\u2019atur, contactem amb els [&hellip;]<\/p>\n","protected":false},"author":1,"featured_media":84,"parent":0,"menu_order":0,"comment_status":"closed","ping_status":"closed","template":"","meta":{"footnotes":""},"class_list":["post-83","page","type-page","status-publish","has-post-thumbnail","czr-hentry"],"_links":{"self":[{"href":"https:\/\/bloc.xarxa-omnia.org\/figueres\/wp-json\/wp\/v2\/pages\/83","targetHints":{"allow":["GET"]}}],"collection":[{"href":"https:\/\/bloc.xarxa-omnia.org\/figueres\/wp-json\/wp\/v2\/pages"}],"about":[{"href":"https:\/\/bloc.xarxa-omnia.org\/figueres\/wp-json\/wp\/v2\/types\/page"}],"author":[{"embeddable":true,"href":"https:\/\/bloc.xarxa-omnia.org\/figueres\/wp-json\/wp\/v2\/users\/1"}],"replies":[{"embeddable":true,"href":"https:\/\/bloc.xarxa-omnia.org\/figueres\/wp-json\/wp\/v2\/comments?post=83"}],"version-history":[{"count":4,"href":"https:\/\/bloc.xarxa-omnia.org\/figueres\/wp-json\/wp\/v2\/pages\/83\/revisions"}],"predecessor-version":[{"id":92,"href":"https:\/\/bloc.xarxa-omnia.org\/figueres\/wp-json\/wp\/v2\/pages\/83\/revisions\/92"}],"wp:featuredmedia":[{"embeddable":true,"href":"https:\/\/bloc.xarxa-omnia.org\/figueres\/wp-json\/wp\/v2\/media\/84"}],"wp:attachment":[{"href":"https:\/\/bloc.xarxa-omnia.org\/figueres\/wp-json\/wp\/v2\/media?parent=83"}],"curies":[{"name":"wp","href":"https:\/\/api.w.org\/{rel}","templated":true}]}}