{"id":10,"date":"2014-02-28T13:58:11","date_gmt":"2014-02-28T11:58:11","guid":{"rendered":"http:\/\/xarxaomnia.gencat.cat\/blocs\/gestionat\/?page_id=10"},"modified":"2014-04-07T11:38:51","modified_gmt":"2014-04-07T09:38:51","slug":"donar-se-dalta-a-symbaloo","status":"publish","type":"page","link":"https:\/\/bloc.xarxa-omnia.org\/gestionat\/que-es-symbaloo\/donar-se-dalta-a-symbaloo\/","title":{"rendered":"Donar-se d&#8217;alta a Symbaloo"},"content":{"rendered":"<p>Per obrir un compte a Symbaloo tan sols ens hem d\u2019adre\u00e7ar a <a href=\"http:\/\/www.symbaloo.com\" target=\"_blank\">www.symbaloo.com<\/a>. Un cop all\u00e0, podem triar l\u2019idioma des de la barra d\u2019eines de l\u2019aplicaci\u00f3 (a dalt, a la dreta).<\/p>\n<p>Tamb\u00e9 a dalt, a la dreta, trobem el bot\u00f3 crear compte gratu\u00eft. El premem i accedim al formulari de registre. Necessitem una adre\u00e7a de correu activa, ja que despr\u00e9s d\u2019emplenar el formulari, el sistema ens adre\u00e7a un correu autom\u00e0ticament a trav\u00e9s del qual confirmarem el registre.<\/p>\n<p>Ep! La contrasenya que ens demana el formulari de registre no \u00e9s pas la del nostre correu electr\u00f2nic. \u00c9s la que volem per al nostre Symbaloo.<\/p>\n<p>Un cop confirmem el nostre registre mitjan\u00e7ant l\u2019enlla\u00e7 que ens han tram\u00e8s a trav\u00e9s del correu electr\u00f2nic, ja podem comen\u00e7ar a treballar amb el nostre Symbaloo.<\/p>\n<p align=\"center\"><iframe loading=\"lazy\" src=\"https:\/\/omnia.makes.org\/popcorn\/1rp6_\" height=\"523\" width=\"853\" allowfullscreen=\"\" frameborder=\"0\"><\/iframe><\/p>\n","protected":false},"excerpt":{"rendered":"<p>Per obrir un compte a Symbaloo tan sols ens hem d\u2019adre\u00e7ar a www.symbaloo.com. Un cop all\u00e0, podem triar l\u2019idioma des de la barra d\u2019eines de l\u2019aplicaci\u00f3 (a dalt, a la dreta). Tamb\u00e9 a dalt, a la dreta, trobem el bot\u00f3 crear compte gratu\u00eft. El premem i accedim al formulari de \u2026<\/p>\n<p class=\"continue-reading-button\"> <a class=\"continue-reading-link\" href=\"https:\/\/bloc.xarxa-omnia.org\/gestionat\/que-es-symbaloo\/donar-se-dalta-a-symbaloo\/\">Continue reading<i class=\"crycon-right-dir\"><\/i><\/a><\/p>\n","protected":false},"author":1,"featured_media":0,"parent":51,"menu_order":1,"comment_status":"closed","ping_status":"closed","template":"","meta":{"footnotes":""},"class_list":["post-10","page","type-page","status-publish","hentry"],"_links":{"self":[{"href":"https:\/\/bloc.xarxa-omnia.org\/gestionat\/wp-json\/wp\/v2\/pages\/10","targetHints":{"allow":["GET"]}}],"collection":[{"href":"https:\/\/bloc.xarxa-omnia.org\/gestionat\/wp-json\/wp\/v2\/pages"}],"about":[{"href":"https:\/\/bloc.xarxa-omnia.org\/gestionat\/wp-json\/wp\/v2\/types\/page"}],"author":[{"embeddable":true,"href":"https:\/\/bloc.xarxa-omnia.org\/gestionat\/wp-json\/wp\/v2\/users\/1"}],"replies":[{"embeddable":true,"href":"https:\/\/bloc.xarxa-omnia.org\/gestionat\/wp-json\/wp\/v2\/comments?post=10"}],"version-history":[{"count":17,"href":"https:\/\/bloc.xarxa-omnia.org\/gestionat\/wp-json\/wp\/v2\/pages\/10\/revisions"}],"predecessor-version":[{"id":176,"href":"https:\/\/bloc.xarxa-omnia.org\/gestionat\/wp-json\/wp\/v2\/pages\/10\/revisions\/176"}],"up":[{"embeddable":true,"href":"https:\/\/bloc.xarxa-omnia.org\/gestionat\/wp-json\/wp\/v2\/pages\/51"}],"wp:attachment":[{"href":"https:\/\/bloc.xarxa-omnia.org\/gestionat\/wp-json\/wp\/v2\/media?parent=10"}],"curies":[{"name":"wp","href":"https:\/\/api.w.org\/{rel}","templated":true}]}}