{"id":141,"date":"2014-03-21T15:57:28","date_gmt":"2014-03-21T13:57:28","guid":{"rendered":"http:\/\/xarxaomnia.gencat.cat\/blocs\/gestionat\/?page_id=141"},"modified":"2014-04-07T12:08:04","modified_gmt":"2014-04-07T10:08:04","slug":"importar-des-de-igoogle","status":"publish","type":"page","link":"https:\/\/bloc.xarxa-omnia.org\/gestionat\/que-es-symbaloo\/importar-des-de-igoogle\/","title":{"rendered":"Importar des de iGoogle"},"content":{"rendered":"<p>L\u2019any passat, Google va anunciar que deixava de donar el servei iGoogle. \u00c9s una ll\u00e0stima per a tots els usuaris d\u2019iGoogle, per\u00f2 per sort Symbaloo ofereix una alternativa genial.<\/p>\n<p>Nom\u00e9s cal seguir els passos que indiquem a continuaci\u00f3:<\/p>\n<p style=\"text-align: left;\"><a href=\"http:\/\/www.symbalooedu.es\/importador-de-igoogle-symbaloo\/\" target=\"_blank\"><img loading=\"lazy\" decoding=\"async\" class=\"aligncenter\" alt=\"Importar iGoogle\" src=\"http:\/\/www.symbalooedu.es\/wp-content\/uploads\/call-to-action.png\" width=\"314\" height=\"45\" \/><\/a>Sort!<\/p>\n","protected":false},"excerpt":{"rendered":"<p>L\u2019any passat, Google va anunciar que deixava de donar el servei iGoogle. \u00c9s una ll\u00e0stima per a tots els usuaris d\u2019iGoogle, per\u00f2 per sort Symbaloo ofereix una alternativa genial. Nom\u00e9s cal seguir els passos que indiquem a continuaci\u00f3: Sort!<\/p>\n<p class=\"continue-reading-button\"> <a class=\"continue-reading-link\" href=\"https:\/\/bloc.xarxa-omnia.org\/gestionat\/que-es-symbaloo\/importar-des-de-igoogle\/\">Continue reading<i class=\"crycon-right-dir\"><\/i><\/a><\/p>\n","protected":false},"author":1,"featured_media":0,"parent":51,"menu_order":8,"comment_status":"closed","ping_status":"closed","template":"","meta":{"footnotes":""},"class_list":["post-141","page","type-page","status-publish","hentry"],"_links":{"self":[{"href":"https:\/\/bloc.xarxa-omnia.org\/gestionat\/wp-json\/wp\/v2\/pages\/141","targetHints":{"allow":["GET"]}}],"collection":[{"href":"https:\/\/bloc.xarxa-omnia.org\/gestionat\/wp-json\/wp\/v2\/pages"}],"about":[{"href":"https:\/\/bloc.xarxa-omnia.org\/gestionat\/wp-json\/wp\/v2\/types\/page"}],"author":[{"embeddable":true,"href":"https:\/\/bloc.xarxa-omnia.org\/gestionat\/wp-json\/wp\/v2\/users\/1"}],"replies":[{"embeddable":true,"href":"https:\/\/bloc.xarxa-omnia.org\/gestionat\/wp-json\/wp\/v2\/comments?post=141"}],"version-history":[{"count":5,"href":"https:\/\/bloc.xarxa-omnia.org\/gestionat\/wp-json\/wp\/v2\/pages\/141\/revisions"}],"predecessor-version":[{"id":188,"href":"https:\/\/bloc.xarxa-omnia.org\/gestionat\/wp-json\/wp\/v2\/pages\/141\/revisions\/188"}],"up":[{"embeddable":true,"href":"https:\/\/bloc.xarxa-omnia.org\/gestionat\/wp-json\/wp\/v2\/pages\/51"}],"wp:attachment":[{"href":"https:\/\/bloc.xarxa-omnia.org\/gestionat\/wp-json\/wp\/v2\/media?parent=141"}],"curies":[{"name":"wp","href":"https:\/\/api.w.org\/{rel}","templated":true}]}}