{"id":156,"date":"2014-03-31T10:24:33","date_gmt":"2014-03-31T08:24:33","guid":{"rendered":"http:\/\/xarxaomnia.gencat.cat\/blocs\/gestionat\/?page_id=156"},"modified":"2014-04-08T10:33:25","modified_gmt":"2014-04-08T08:33:25","slug":"que-us-proposem","status":"publish","type":"page","link":"https:\/\/bloc.xarxa-omnia.org\/gestionat\/que-us-proposem\/","title":{"rendered":"Qu\u00e8 us proposem?"},"content":{"rendered":"<p>Bona pregunta!<\/p>\n<p>\u00c9s evident que el Symbaloo \u00e9s una bona eina per tenir endre\u00e7ades les nostres adreces. Fins i tot per generar un recull \u00fatil per als participants dels nostres punts, i tamb\u00e9 perqu\u00e8 aquests disposin d\u2019un recull propi.<\/p>\n<p>Per\u00f2\u2026 si no us fem una proposta, aix\u00f2 tampoc no \u00e9s una activitat, oi? Aix\u00ed doncs, all\u00e0 va:<\/p>\n<ul>\n<li>Volem crear un Symbaloo com\u00fa entre totes les persones que hi vulgueu participar.<\/li>\n<li>Com? \u00c9s ben senzill: un cop haguem apr\u00e8s com crear el nostre Symbaloo, <strong>compartim de manera privada el <em>webmix<\/em><\/strong> que volem, generant l\u2019enlla\u00e7 corresponent i que podeu adre\u00e7ar-nos a <span style=\"color: #3366ff;\"><strong>sis[arrova]xarxa-omnia.org<\/strong><\/span> amb el t\u00edtol <strong>El nostre Symbaloo<\/strong>.<\/li>\n<li>Adjunteu una <strong>petita descripci\u00f3<\/strong> per tal que la puguem incorporar a la llista que publicarem aqu\u00ed mateix.<\/li>\n<\/ul>\n<p>De ben segur coincidirem en moltes propostes, per\u00f2 tamb\u00e9 en descobrirem de noves que ens seran molt \u00fatils.<\/p>\n<p>\u00c0nims i gr\u00e0cies per la vostra participaci\u00f3!<\/p>\n<p><a href=\"http:\/\/xarxaomnia.gencat.cat\/blocs\/gestionat\/files\/2014\/03\/symbaloo_comp.png\"><img loading=\"lazy\" decoding=\"async\" class=\"size-full wp-image-164 aligncenter\" alt=\"symbaloo_comp\" src=\"http:\/\/xarxaomnia.gencat.cat\/blocs\/gestionat\/files\/2014\/03\/symbaloo_comp.png\" width=\"800\" height=\"468\" srcset=\"https:\/\/bloc.xarxa-omnia.org\/gestionat\/files\/2014\/03\/symbaloo_comp.png 800w, https:\/\/bloc.xarxa-omnia.org\/gestionat\/files\/2014\/03\/symbaloo_comp-300x175.png 300w, https:\/\/bloc.xarxa-omnia.org\/gestionat\/files\/2014\/03\/symbaloo_comp-250x146.png 250w, https:\/\/bloc.xarxa-omnia.org\/gestionat\/files\/2014\/03\/symbaloo_comp-150x87.png 150w\" sizes=\"auto, (max-width: 800px) 100vw, 800px\" \/><\/a><\/p>\n","protected":false},"excerpt":{"rendered":"<p>Bona pregunta! \u00c9s evident que el Symbaloo \u00e9s una bona eina per tenir endre\u00e7ades les nostres adreces. Fins i tot per generar un recull \u00fatil per als participants dels nostres punts, i tamb\u00e9 perqu\u00e8 aquests disposin d\u2019un recull propi. Per\u00f2\u2026 si no us fem una proposta, aix\u00f2 tampoc no \u00e9s \u2026<\/p>\n<p class=\"continue-reading-button\"> <a class=\"continue-reading-link\" href=\"https:\/\/bloc.xarxa-omnia.org\/gestionat\/que-us-proposem\/\">Continue reading<i class=\"crycon-right-dir\"><\/i><\/a><\/p>\n","protected":false},"author":1,"featured_media":0,"parent":0,"menu_order":0,"comment_status":"closed","ping_status":"closed","template":"","meta":{"footnotes":""},"class_list":["post-156","page","type-page","status-publish","hentry"],"_links":{"self":[{"href":"https:\/\/bloc.xarxa-omnia.org\/gestionat\/wp-json\/wp\/v2\/pages\/156","targetHints":{"allow":["GET"]}}],"collection":[{"href":"https:\/\/bloc.xarxa-omnia.org\/gestionat\/wp-json\/wp\/v2\/pages"}],"about":[{"href":"https:\/\/bloc.xarxa-omnia.org\/gestionat\/wp-json\/wp\/v2\/types\/page"}],"author":[{"embeddable":true,"href":"https:\/\/bloc.xarxa-omnia.org\/gestionat\/wp-json\/wp\/v2\/users\/1"}],"replies":[{"embeddable":true,"href":"https:\/\/bloc.xarxa-omnia.org\/gestionat\/wp-json\/wp\/v2\/comments?post=156"}],"version-history":[{"count":12,"href":"https:\/\/bloc.xarxa-omnia.org\/gestionat\/wp-json\/wp\/v2\/pages\/156\/revisions"}],"predecessor-version":[{"id":194,"href":"https:\/\/bloc.xarxa-omnia.org\/gestionat\/wp-json\/wp\/v2\/pages\/156\/revisions\/194"}],"wp:attachment":[{"href":"https:\/\/bloc.xarxa-omnia.org\/gestionat\/wp-json\/wp\/v2\/media?parent=156"}],"curies":[{"name":"wp","href":"https:\/\/api.w.org\/{rel}","templated":true}]}}