{"id":18,"date":"2014-02-28T14:02:34","date_gmt":"2014-02-28T12:02:34","guid":{"rendered":"http:\/\/xarxaomnia.gencat.cat\/blocs\/gestionat\/?page_id=18"},"modified":"2014-04-07T11:43:21","modified_gmt":"2014-04-07T09:43:21","slug":"el-primer-us-de-symbaloo","status":"publish","type":"page","link":"https:\/\/bloc.xarxa-omnia.org\/gestionat\/que-es-symbaloo\/el-primer-us-de-symbaloo\/","title":{"rendered":"El primer \u00fas de Symbaloo"},"content":{"rendered":"<p>El primer que veurem ser\u00e0 la pantalla d\u2019inici de Symbaloo. Una mena de graella amb diferents cel\u00b7les que inclouen enlla\u00e7os a p\u00e0gines que utilitzem sovint.<\/p>\n<p>Aquestes s\u00f3n, a tall d\u2019exemple, per tenir un punt de partida per comen\u00e7ar a treballar, per\u00f2 s\u00f3n editables i personalitzables.<\/p>\n<p>Com podem veure, les cel\u00b7les es troben organitzades per grups, per\u00f2 aquest \u00e9s un aspecte totalment arbitrari i el podem adaptar a les nostres necessitats.<\/p>\n<p>Tamb\u00e9 identifiquem a la part superior un seguit de pestanyes (tamb\u00e9 a tall d\u2019exemple i editables) que ens ofereixen un segon nivell d\u2019organitzaci\u00f3: escritorio, noticias, feed\u2026<\/p>\n<p>Aquestes pestanyes representen els <em>webmixes<\/em> o agrupacions d\u2019enlla\u00e7os per categories, als quals dedicarem un cap\u00edtol a part.<\/p>\n<p align=\"center\"><iframe loading=\"lazy\" src=\"https:\/\/omnia.makes.org\/popcorn\/1rpf_\" height=\"523\" width=\"853\" allowfullscreen=\"\" frameborder=\"0\"><\/iframe><\/p>\n","protected":false},"excerpt":{"rendered":"<p>El primer que veurem ser\u00e0 la pantalla d\u2019inici de Symbaloo. Una mena de graella amb diferents cel\u00b7les que inclouen enlla\u00e7os a p\u00e0gines que utilitzem sovint. Aquestes s\u00f3n, a tall d\u2019exemple, per tenir un punt de partida per comen\u00e7ar a treballar, per\u00f2 s\u00f3n editables i personalitzables. Com podem veure, les cel\u00b7les \u2026<\/p>\n<p class=\"continue-reading-button\"> <a class=\"continue-reading-link\" href=\"https:\/\/bloc.xarxa-omnia.org\/gestionat\/que-es-symbaloo\/el-primer-us-de-symbaloo\/\">Continue reading<i class=\"crycon-right-dir\"><\/i><\/a><\/p>\n","protected":false},"author":1,"featured_media":0,"parent":51,"menu_order":3,"comment_status":"closed","ping_status":"closed","template":"","meta":{"footnotes":""},"class_list":["post-18","page","type-page","status-publish","hentry"],"_links":{"self":[{"href":"https:\/\/bloc.xarxa-omnia.org\/gestionat\/wp-json\/wp\/v2\/pages\/18","targetHints":{"allow":["GET"]}}],"collection":[{"href":"https:\/\/bloc.xarxa-omnia.org\/gestionat\/wp-json\/wp\/v2\/pages"}],"about":[{"href":"https:\/\/bloc.xarxa-omnia.org\/gestionat\/wp-json\/wp\/v2\/types\/page"}],"author":[{"embeddable":true,"href":"https:\/\/bloc.xarxa-omnia.org\/gestionat\/wp-json\/wp\/v2\/users\/1"}],"replies":[{"embeddable":true,"href":"https:\/\/bloc.xarxa-omnia.org\/gestionat\/wp-json\/wp\/v2\/comments?post=18"}],"version-history":[{"count":9,"href":"https:\/\/bloc.xarxa-omnia.org\/gestionat\/wp-json\/wp\/v2\/pages\/18\/revisions"}],"predecessor-version":[{"id":178,"href":"https:\/\/bloc.xarxa-omnia.org\/gestionat\/wp-json\/wp\/v2\/pages\/18\/revisions\/178"}],"up":[{"embeddable":true,"href":"https:\/\/bloc.xarxa-omnia.org\/gestionat\/wp-json\/wp\/v2\/pages\/51"}],"wp:attachment":[{"href":"https:\/\/bloc.xarxa-omnia.org\/gestionat\/wp-json\/wp\/v2\/media?parent=18"}],"curies":[{"name":"wp","href":"https:\/\/api.w.org\/{rel}","templated":true}]}}