{"id":19,"date":"2014-02-28T14:03:15","date_gmt":"2014-02-28T12:03:15","guid":{"rendered":"http:\/\/xarxaomnia.gencat.cat\/blocs\/gestionat\/?page_id=19"},"modified":"2014-04-07T11:46:48","modified_gmt":"2014-04-07T09:46:48","slug":"crear-un-bloc-de-symbaloo","status":"publish","type":"page","link":"https:\/\/bloc.xarxa-omnia.org\/gestionat\/que-es-symbaloo\/crear-un-bloc-de-symbaloo\/","title":{"rendered":"Crear un bloc de Symbaloo"},"content":{"rendered":"<p>Crear un bloc (o pastilla) vol dir incloure una drecera cap a qualsevol adre\u00e7a d\u2019Internet que utilitzem freq\u00fcentment o b\u00e9 desitgem tenir emmagatzemada per tal de no haver de memoritzar-la i escriure-la cada cop al nostre navegador.<\/p>\n<p>a) Primer de tot, veurem que a qualsevol cel\u00b7la buida de la nostra graella, per defecte, quan passem el ratol\u00ed per sobre apareix un s\u00edmbol + i add new tile.<\/p>\n<p>b) Si fem clic amb el ratol\u00ed, apareixer\u00e0 a la nostra esquerra un quadre que ens permetr\u00e0 especificar els diferents elements que formaran part de la nostra drecera, cel\u00b7la o pastilla.<\/p>\n<ul>\n<li>En primer lloc, especificarem l\u2019adre\u00e7a cap a la qual apuntar\u00e0 la nostra drecera.<\/li>\n<li>A continuaci\u00f3, a la dreta, podem especificar el tipus de bloc. Aquest pot ser: web, fonts de not\u00edcies, emissores de r\u00e0dio, integrat (obre a Symbaloo). Per defecte farem servir l\u2019opci\u00f3 web.<\/li>\n<li>Tamb\u00e9 tenim la possibilitat d\u2019especificar un nom per a aquest bloc a l\u2019apartat nom. Generalment, aquest espai s\u2019omple autom\u00e0ticament d\u2019acord amb l\u2019adre\u00e7a web que hem especificat. Mitjan\u00e7ant l\u2019opci\u00f3 ensenyar text? decidim si volem que aquest aparegui o no al bloc.<\/li>\n<li>Podem modificar addicionalment tant el color del bloc com l\u2019aspecte del text, o b\u00e9, si volem, podem incloure-hi una imatge o logo que el representi.<\/li>\n<li>Finalment, premem el bot\u00f3 salvar.<\/li>\n<\/ul>\n<p><em>Et voil\u00e0<\/em>! Ja hem creat el nostre primer bloc!<\/p>\n<p align=\"center\"><iframe loading=\"lazy\" src=\"https:\/\/omnia.makes.org\/popcorn\/1rpk_\" height=\"523\" width=\"853\" allowfullscreen=\"\" frameborder=\"0\"><\/iframe><\/p>\n","protected":false},"excerpt":{"rendered":"<p>Crear un bloc (o pastilla) vol dir incloure una drecera cap a qualsevol adre\u00e7a d\u2019Internet que utilitzem freq\u00fcentment o b\u00e9 desitgem tenir emmagatzemada per tal de no haver de memoritzar-la i escriure-la cada cop al nostre navegador. a) Primer de tot, veurem que a qualsevol cel\u00b7la buida de la nostra \u2026<\/p>\n<p class=\"continue-reading-button\"> <a class=\"continue-reading-link\" href=\"https:\/\/bloc.xarxa-omnia.org\/gestionat\/que-es-symbaloo\/crear-un-bloc-de-symbaloo\/\">Continue reading<i class=\"crycon-right-dir\"><\/i><\/a><\/p>\n","protected":false},"author":1,"featured_media":0,"parent":51,"menu_order":4,"comment_status":"closed","ping_status":"closed","template":"","meta":{"footnotes":""},"class_list":["post-19","page","type-page","status-publish","hentry"],"_links":{"self":[{"href":"https:\/\/bloc.xarxa-omnia.org\/gestionat\/wp-json\/wp\/v2\/pages\/19","targetHints":{"allow":["GET"]}}],"collection":[{"href":"https:\/\/bloc.xarxa-omnia.org\/gestionat\/wp-json\/wp\/v2\/pages"}],"about":[{"href":"https:\/\/bloc.xarxa-omnia.org\/gestionat\/wp-json\/wp\/v2\/types\/page"}],"author":[{"embeddable":true,"href":"https:\/\/bloc.xarxa-omnia.org\/gestionat\/wp-json\/wp\/v2\/users\/1"}],"replies":[{"embeddable":true,"href":"https:\/\/bloc.xarxa-omnia.org\/gestionat\/wp-json\/wp\/v2\/comments?post=19"}],"version-history":[{"count":9,"href":"https:\/\/bloc.xarxa-omnia.org\/gestionat\/wp-json\/wp\/v2\/pages\/19\/revisions"}],"predecessor-version":[{"id":180,"href":"https:\/\/bloc.xarxa-omnia.org\/gestionat\/wp-json\/wp\/v2\/pages\/19\/revisions\/180"}],"up":[{"embeddable":true,"href":"https:\/\/bloc.xarxa-omnia.org\/gestionat\/wp-json\/wp\/v2\/pages\/51"}],"wp:attachment":[{"href":"https:\/\/bloc.xarxa-omnia.org\/gestionat\/wp-json\/wp\/v2\/media?parent=19"}],"curies":[{"name":"wp","href":"https:\/\/api.w.org\/{rel}","templated":true}]}}