{"id":21,"date":"2014-02-28T14:04:37","date_gmt":"2014-02-28T12:04:37","guid":{"rendered":"http:\/\/xarxaomnia.gencat.cat\/blocs\/gestionat\/?page_id=21"},"modified":"2014-04-07T12:04:24","modified_gmt":"2014-04-07T10:04:24","slug":"editar-un-bloc-de-symbaloo","status":"publish","type":"page","link":"https:\/\/bloc.xarxa-omnia.org\/gestionat\/que-es-symbaloo\/editar-un-bloc-de-symbaloo\/","title":{"rendered":"Editar un bloc de Symbaloo"},"content":{"rendered":"<p>Un cop hem creat un bloc o pastilla, podem pensar que aquest no t\u00e9 l\u2019aspecte que realment vol\u00edem o b\u00e9 amb el pas del temps un enlla\u00e7 ha canviat i ha provocat que quan fem clic al nostre bloc aquest no funcioni correctament.<\/p>\n<p>Per tal de poder editar qualsevol dels par\u00e0metres d\u2019un bloc, nom\u00e9s haurem de pr\u00e9mer a sobre d\u2019aquest amb el bot\u00f3 dret del ratol\u00ed, apareixer\u00e0 un men\u00fa contextual i podrem accedir a l\u2019opci\u00f3 editar mitjan\u00e7ant el bot\u00f3 esquerre del ratol\u00ed.<\/p>\n<p>Tornar\u00e0 a apar\u00e8ixer el mateix quadre que ens havia perm\u00e8s crear el nostre bloc i que ens facilitar\u00e0 l\u2019edici\u00f3 de qualsevol dels seus par\u00e0metres. Finalment, haurem de guardar els canvis i aquests s\u2019aplicaran al bloc.<\/p>\n<p align=\"center\"><iframe loading=\"lazy\" src=\"https:\/\/omnia.makes.org\/popcorn\/1rqj_\" height=\"523\" width=\"853\" allowfullscreen=\"\" frameborder=\"0\"><\/iframe><\/p>\n","protected":false},"excerpt":{"rendered":"<p>Un cop hem creat un bloc o pastilla, podem pensar que aquest no t\u00e9 l\u2019aspecte que realment vol\u00edem o b\u00e9 amb el pas del temps un enlla\u00e7 ha canviat i ha provocat que quan fem clic al nostre bloc aquest no funcioni correctament. Per tal de poder editar qualsevol dels \u2026<\/p>\n<p class=\"continue-reading-button\"> <a class=\"continue-reading-link\" href=\"https:\/\/bloc.xarxa-omnia.org\/gestionat\/que-es-symbaloo\/editar-un-bloc-de-symbaloo\/\">Continue reading<i class=\"crycon-right-dir\"><\/i><\/a><\/p>\n","protected":false},"author":1,"featured_media":0,"parent":51,"menu_order":6,"comment_status":"closed","ping_status":"closed","template":"","meta":{"footnotes":""},"class_list":["post-21","page","type-page","status-publish","hentry"],"_links":{"self":[{"href":"https:\/\/bloc.xarxa-omnia.org\/gestionat\/wp-json\/wp\/v2\/pages\/21","targetHints":{"allow":["GET"]}}],"collection":[{"href":"https:\/\/bloc.xarxa-omnia.org\/gestionat\/wp-json\/wp\/v2\/pages"}],"about":[{"href":"https:\/\/bloc.xarxa-omnia.org\/gestionat\/wp-json\/wp\/v2\/types\/page"}],"author":[{"embeddable":true,"href":"https:\/\/bloc.xarxa-omnia.org\/gestionat\/wp-json\/wp\/v2\/users\/1"}],"replies":[{"embeddable":true,"href":"https:\/\/bloc.xarxa-omnia.org\/gestionat\/wp-json\/wp\/v2\/comments?post=21"}],"version-history":[{"count":10,"href":"https:\/\/bloc.xarxa-omnia.org\/gestionat\/wp-json\/wp\/v2\/pages\/21\/revisions"}],"predecessor-version":[{"id":185,"href":"https:\/\/bloc.xarxa-omnia.org\/gestionat\/wp-json\/wp\/v2\/pages\/21\/revisions\/185"}],"up":[{"embeddable":true,"href":"https:\/\/bloc.xarxa-omnia.org\/gestionat\/wp-json\/wp\/v2\/pages\/51"}],"wp:attachment":[{"href":"https:\/\/bloc.xarxa-omnia.org\/gestionat\/wp-json\/wp\/v2\/media?parent=21"}],"curies":[{"name":"wp","href":"https:\/\/api.w.org\/{rel}","templated":true}]}}