{"id":22,"date":"2014-02-28T14:09:30","date_gmt":"2014-02-28T12:09:30","guid":{"rendered":"http:\/\/xarxaomnia.gencat.cat\/blocs\/gestionat\/?page_id=22"},"modified":"2014-04-07T12:06:54","modified_gmt":"2014-04-07T10:06:54","slug":"compartir-symbaloo","status":"publish","type":"page","link":"https:\/\/bloc.xarxa-omnia.org\/gestionat\/que-es-symbaloo\/compartir-symbaloo\/","title":{"rendered":"Compartir Symbaloo"},"content":{"rendered":"<p>Hi ha m\u00e9s aspectes vinculats a Internet que el fet de <strong>compartir entre iguals<\/strong>? Doncs aix\u00f2 tamb\u00e9 ho permet Symbaloo. Podem compartir els nostres <em>webmix<\/em>, \u00e9s a dir, les nostres col\u00b7leccions amb altres usuaris i usu\u00e0ries d\u2019Internet.<\/p>\n<p>A la part superior de l\u2019aplicaci\u00f3 (per sobre de les pestanyes) trobarem els botons opcions, esborrar, compartir. Aquest \u00faltim ens permetr\u00e0 especificar les caracter\u00edstiques del nostre <em>webmix<\/em> i fer-ho compartir de manera p\u00fablica o privada, ja sigui mitjan\u00e7ant un enlla\u00e7 o b\u00e9 amb l\u00ednies de codi per inserir al nostre blog.<\/p>\n<p align=\"center\"><iframe loading=\"lazy\" src=\"https:\/\/omnia.makes.org\/popcorn\/1rs2_\" height=\"523\" width=\"853\" allowfullscreen=\"\" frameborder=\"0\"><\/iframe><\/p>\n","protected":false},"excerpt":{"rendered":"<p>Hi ha m\u00e9s aspectes vinculats a Internet que el fet de compartir entre iguals? Doncs aix\u00f2 tamb\u00e9 ho permet Symbaloo. Podem compartir els nostres webmix, \u00e9s a dir, les nostres col\u00b7leccions amb altres usuaris i usu\u00e0ries d\u2019Internet. A la part superior de l\u2019aplicaci\u00f3 (per sobre de les pestanyes) trobarem els \u2026<\/p>\n<p class=\"continue-reading-button\"> <a class=\"continue-reading-link\" href=\"https:\/\/bloc.xarxa-omnia.org\/gestionat\/que-es-symbaloo\/compartir-symbaloo\/\">Continue reading<i class=\"crycon-right-dir\"><\/i><\/a><\/p>\n","protected":false},"author":1,"featured_media":0,"parent":51,"menu_order":7,"comment_status":"closed","ping_status":"closed","template":"","meta":{"footnotes":""},"class_list":["post-22","page","type-page","status-publish","hentry"],"_links":{"self":[{"href":"https:\/\/bloc.xarxa-omnia.org\/gestionat\/wp-json\/wp\/v2\/pages\/22","targetHints":{"allow":["GET"]}}],"collection":[{"href":"https:\/\/bloc.xarxa-omnia.org\/gestionat\/wp-json\/wp\/v2\/pages"}],"about":[{"href":"https:\/\/bloc.xarxa-omnia.org\/gestionat\/wp-json\/wp\/v2\/types\/page"}],"author":[{"embeddable":true,"href":"https:\/\/bloc.xarxa-omnia.org\/gestionat\/wp-json\/wp\/v2\/users\/1"}],"replies":[{"embeddable":true,"href":"https:\/\/bloc.xarxa-omnia.org\/gestionat\/wp-json\/wp\/v2\/comments?post=22"}],"version-history":[{"count":11,"href":"https:\/\/bloc.xarxa-omnia.org\/gestionat\/wp-json\/wp\/v2\/pages\/22\/revisions"}],"predecessor-version":[{"id":186,"href":"https:\/\/bloc.xarxa-omnia.org\/gestionat\/wp-json\/wp\/v2\/pages\/22\/revisions\/186"}],"up":[{"embeddable":true,"href":"https:\/\/bloc.xarxa-omnia.org\/gestionat\/wp-json\/wp\/v2\/pages\/51"}],"wp:attachment":[{"href":"https:\/\/bloc.xarxa-omnia.org\/gestionat\/wp-json\/wp\/v2\/media?parent=22"}],"curies":[{"name":"wp","href":"https:\/\/api.w.org\/{rel}","templated":true}]}}